{"id":32515,"date":"2025-09-26T23:33:18","date_gmt":"2025-09-26T23:33:18","guid":{"rendered":"https:\/\/as-schwabe.de\/produkt\/rozdzielnica-kompaktowa-mixo-ruhr-60833\/"},"modified":"2025-10-23T00:17:22","modified_gmt":"2025-10-23T00:17:22","slug":"rozdzielnica-kompaktowa-mixo-ruhr-60833","status":"publish","type":"product","link":"https:\/\/as-schwabe.de\/pl\/produkt\/rozdzielnica-kompaktowa-mixo-ruhr-60833\/","title":{"rendered":"Rozdzielnica kompaktowa MIXO &#8211; &#8222;RUHR&#8220; | 60833"},"content":{"rendered":"<p>Rozdzielnica kompaktowa MIXO &#8211; &#8222;RUHR&#8220; to niezawodne rozwi\u0105zanie do dystrybucji energii elektrycznej, szczeg\u00f3lnie w warunkach budowlanych i na zewn\u0105trz. Wyposa\u017cona w wej\u015bcie wtyczki tablicowej CEE 400 V (32 A, 5P), oferuje szereg praktycznych wyj\u015b\u0107: jedno gniazdo z klapk\u0105 i uziemieniem 230 V (16 A, 2P+Z) oraz dwa gniazda CEE 400 V (16 A, 5P). W celu zapewnienia bezpiecze\u0144stwa, rozdzielnica zawiera trzy bezpieczniki G (10 A) o wolnym dzia\u0142aniu, kt\u00f3re skutecznie chroni\u0105 przed przeci\u0105\u017ceniami. Produkt dzia\u0142a przy maksymalnym obci\u0105\u017ceniu do 7 kW oraz jest chroniony klas\u0105 IP44, co czyni go idealnym do u\u017cytkowania na zewn\u0105trz. MIXO &#8211; &#8222;RUHR&#8220; to doskona\u0142y wyb\u00f3r dla profesjonalist\u00f3w, kt\u00f3rzy ceni\u0105 sobie niezawodno\u015b\u0107 i funkcjonalno\u015b\u0107 w codziennej pracy.<\/p>","protected":false},"excerpt":{"rendered":"<div class=\"icons\" style=\"display: flex; flex-wrap: wrap; gap: 5px; align-items: center; margin-top: 10px;\"><img decoding=\"async\" src=\"https:\/\/as-schwabe.de\/wp-content\/uploads\/ikony\/znak_SCH.png\" alt=\"\" width=\"45\" height=\"50\" \/><img decoding=\"async\" src=\"https:\/\/as-schwabe.de\/wp-content\/uploads\/ikony\/znak_CE.png\" alt=\"\" width=\"50\" height=\"50\" \/><img decoding=\"async\" src=\"https:\/\/as-schwabe.de\/wp-content\/uploads\/ikony\/znak_IP44.png\" alt=\"\" width=\"50\" height=\"50\" \/><img loading=\"lazy\" decoding=\"async\" src=\"https:\/\/as-schwabe.de\/wp-content\/uploads\/ikony\/znak_PB.png\" alt=\"\" width=\"50\" height=\"50\" \/><img loading=\"lazy\" decoding=\"async\" src=\"https:\/\/as-schwabe.de\/wp-content\/uploads\/ikony\/znak_Z.png\" alt=\"\" width=\"50\" height=\"50\" \/><img loading=\"lazy\" decoding=\"async\" src=\"https:\/\/as-schwabe.de\/wp-content\/uploads\/ikony\/znak_D.png\" alt=\"\" width=\"50\" height=\"50\" \/><img loading=\"lazy\" decoding=\"async\" src=\"https:\/\/as-schwabe.de\/wp-content\/uploads\/ikony\/znak_DE.png\" alt=\"\" width=\"50\" height=\"40\" \/><\/div>\n<ul>\n<li>Rozdzielnice kompaktowe MIXO CEE 32 A <\/li>\n<li>solidna obudowa wykonana z wytrzyma\u0142ego, bardzo odpornego na uszkodzenia specjalnego tworzywa sztucznego i zajmuj\u0105ca niewiele miejsca konstrukcja <\/li>\n<li>r\u00f3\u017cnorodne konstrukcje do r\u00f3\u017cnych zastosowa\u0144 mobilnych na placu budowy <\/li>\n<li>IP44: chroniony przed cia\u0142ami obcymi i bryzgami wody<\/li>\n<\/ul>","protected":false},"featured_media":31193,"template":"","meta":{"inline_featured_image":false},"genre":[509],"product_cat":[518,579],"product_tag":[],"class_list":{"0":"post-32515","1":"product","2":"type-product","3":"status-publish","4":"has-post-thumbnail","6":"product_brand-as-schwabe-pl","7":"product_cat-asortyment-produktow-cee-400-v-pl","8":"product_cat-rozdzielnice-kompaktowe-mixo-cee-pl","10":"first","11":"instock","12":"shipping-taxable","13":"product-type-simple"},"aioseo_notices":[],"_links":{"self":[{"href":"https:\/\/as-schwabe.de\/pl\/wp-json\/wp\/v2\/product\/32515","targetHints":{"allow":["GET"]}}],"collection":[{"href":"https:\/\/as-schwabe.de\/pl\/wp-json\/wp\/v2\/product"}],"about":[{"href":"https:\/\/as-schwabe.de\/pl\/wp-json\/wp\/v2\/types\/product"}],"version-history":[{"count":0,"href":"https:\/\/as-schwabe.de\/pl\/wp-json\/wp\/v2\/product\/32515\/revisions"}],"wp:featuredmedia":[{"embeddable":true,"href":"https:\/\/as-schwabe.de\/pl\/wp-json\/wp\/v2\/media\/31193"}],"wp:attachment":[{"href":"https:\/\/as-schwabe.de\/pl\/wp-json\/wp\/v2\/media?parent=32515"}],"wp:term":[{"taxonomy":"product_brand","embeddable":true,"href":"https:\/\/as-schwabe.de\/pl\/wp-json\/wp\/v2\/genre?post=32515"},{"taxonomy":"product_cat","embeddable":true,"href":"https:\/\/as-schwabe.de\/pl\/wp-json\/wp\/v2\/product_cat?post=32515"},{"taxonomy":"product_tag","embeddable":true,"href":"https:\/\/as-schwabe.de\/pl\/wp-json\/wp\/v2\/product_tag?post=32515"}],"curies":[{"name":"wp","href":"https:\/\/api.w.org\/{rel}","templated":true}]}}