{"id":32505,"date":"2025-09-26T23:33:10","date_gmt":"2025-09-26T23:33:10","guid":{"rendered":"https:\/\/as-schwabe.de\/produkt\/przedluzacz-ze-zm-fazy-cee-400-v-32-a-n07v3v3-f-5g6-25-m-60772\/"},"modified":"2025-10-23T00:17:17","modified_gmt":"2025-10-23T00:17:17","slug":"przedluzacz-ze-zm-fazy-cee-400-v-32-a-n07v3v3-f-5g6-25-m-60772","status":"publish","type":"product","link":"https:\/\/as-schwabe.de\/pl\/produkt\/przedluzacz-ze-zm-fazy-cee-400-v-32-a-n07v3v3-f-5g6-25-m-60772\/","title":{"rendered":"Przed\u0142u\u017cacz ze zmian\u0105 fazy CEE 400 V, 32 A, 5P 25 m AT-N07V3V3-F 5G6 | 60772"},"content":{"rendered":"<p>Przed\u0142u\u017cacz ze zmian\u0105 fazy CEE 400 V, 32 A, 5P, o d\u0142ugo\u015bci 25 m, to niezawodne rozwi\u0105zanie do zasilania urz\u0105dze\u0144 w trudnych warunkach zewn\u0119trznych. Wyposa\u017cony w wtyczk\u0119 CEE 400 V, 32 A, 5P oraz gniazdo CEE 400 C, 32 A, 5P, umo\u017cliwia przesy\u0142anie mocy do 22 kW, co czyni go idealnym wyborem dla ci\u0119\u017ckiego sprz\u0119tu budowlanego i przemys\u0142owego. Klasa ochrony IP44 zapewnia wysok\u0105 odporno\u015b\u0107 na wilgo\u0107 i zanieczyszczenia, co gwarantuje bezpiecze\u0144stwo i trwa\u0142o\u015b\u0107 u\u017cytkowania na \u015bwie\u017cym powietrzu. Dzi\u0119ki zastosowaniu kabla AT-N07V3V3-F 5G6 w kolorze \u017c\u00f3\u0142tym, przed\u0142u\u017cacz jest dobrze widoczny, co zwi\u0119ksza bezpiecze\u0144stwo podczas pracy. Idealnie sprawdzi si\u0119 w zastosowaniach wymagaj\u0105cych mobilnego zasilania elektrycznego, zar\u00f3wno na placach budowy, jak i w r\u00f3\u017cnych sektorach przemys\u0142owych.<\/p>","protected":false},"excerpt":{"rendered":"<div class=\"icons\" style=\"display: flex; flex-wrap: wrap; gap: 5px; align-items: center; margin-top: 10px;\"><img decoding=\"async\" src=\"https:\/\/as-schwabe.de\/wp-content\/uploads\/ikony\/znak_CE.png\" alt=\"\" width=\"50\" height=\"50\" \/><img decoding=\"async\" src=\"https:\/\/as-schwabe.de\/wp-content\/uploads\/ikony\/znak_IP44.png\" alt=\"\" width=\"50\" height=\"50\" \/><img decoding=\"async\" src=\"https:\/\/as-schwabe.de\/wp-content\/uploads\/ikony\/znak_PB.png\" alt=\"\" width=\"50\" height=\"50\" \/><img loading=\"lazy\" decoding=\"async\" src=\"https:\/\/as-schwabe.de\/wp-content\/uploads\/ikony\/znak_Z.png\" alt=\"\" width=\"50\" height=\"50\" \/><img loading=\"lazy\" decoding=\"async\" src=\"https:\/\/as-schwabe.de\/wp-content\/uploads\/ikony\/znak_D.png\" alt=\"\" width=\"50\" height=\"50\" \/><img loading=\"lazy\" decoding=\"async\" src=\"https:\/\/as-schwabe.de\/wp-content\/uploads\/ikony\/znak_DE.png\" alt=\"\" width=\"50\" height=\"40\" \/><\/div>\n<ul>\n<li>Przed\u0142u\u017cacze wysokopr\u0105dowe na plac budowy 25 m AT-N07V3V3-F 5G6 z wtyczk\u0105 zmiennej fazy <\/li>\n<li>wtyczka CEE i gniazdo CEE z uchyln\u0105 klapk\u0105 <\/li>\n<li>wtyczki i gniazda najnowszej generacji \u201eMade in Germany\u201d <\/li>\n<li>400 V, 5P, 6h <\/li>\n<li>IP44: chroniony przed cia\u0142ami obcymi i bryzgami wody<\/li>\n<\/ul>","protected":false},"featured_media":35071,"template":"","meta":{"inline_featured_image":false},"genre":[509],"product_cat":[518,569],"product_tag":[],"class_list":{"0":"post-32505","1":"product","2":"type-product","3":"status-publish","4":"has-post-thumbnail","6":"product_brand-as-schwabe-pl","7":"product_cat-asortyment-produktow-cee-400-v-pl","8":"product_cat-przedluzacze-cee-i-wtyczki-testujace-cee-pl","10":"first","11":"instock","12":"shipping-taxable","13":"product-type-simple"},"aioseo_notices":[],"_links":{"self":[{"href":"https:\/\/as-schwabe.de\/pl\/wp-json\/wp\/v2\/product\/32505","targetHints":{"allow":["GET"]}}],"collection":[{"href":"https:\/\/as-schwabe.de\/pl\/wp-json\/wp\/v2\/product"}],"about":[{"href":"https:\/\/as-schwabe.de\/pl\/wp-json\/wp\/v2\/types\/product"}],"version-history":[{"count":0,"href":"https:\/\/as-schwabe.de\/pl\/wp-json\/wp\/v2\/product\/32505\/revisions"}],"wp:featuredmedia":[{"embeddable":true,"href":"https:\/\/as-schwabe.de\/pl\/wp-json\/wp\/v2\/media\/35071"}],"wp:attachment":[{"href":"https:\/\/as-schwabe.de\/pl\/wp-json\/wp\/v2\/media?parent=32505"}],"wp:term":[{"taxonomy":"product_brand","embeddable":true,"href":"https:\/\/as-schwabe.de\/pl\/wp-json\/wp\/v2\/genre?post=32505"},{"taxonomy":"product_cat","embeddable":true,"href":"https:\/\/as-schwabe.de\/pl\/wp-json\/wp\/v2\/product_cat?post=32505"},{"taxonomy":"product_tag","embeddable":true,"href":"https:\/\/as-schwabe.de\/pl\/wp-json\/wp\/v2\/product_tag?post=32505"}],"curies":[{"name":"wp","href":"https:\/\/api.w.org\/{rel}","templated":true}]}}