{"id":32502,"date":"2025-09-26T23:33:09","date_gmt":"2025-09-26T23:33:09","guid":{"rendered":"https:\/\/as-schwabe.de\/produkt\/podwieszana-rozdzielnica-energii-mixo-iii-dat-60766\/"},"modified":"2025-10-23T00:17:16","modified_gmt":"2025-10-23T00:17:16","slug":"podwieszana-rozdzielnica-energii-mixo-iii-dat-60766","status":"publish","type":"product","link":"https:\/\/as-schwabe.de\/pl\/produkt\/podwieszana-rozdzielnica-energii-mixo-iii-dat-60766\/","title":{"rendered":"Podwieszana rozdzielnica energii MIXO III DAT+ | 60766"},"content":{"rendered":"<p>Podwieszana rozdzielnica energii MIXO III DAT+ to zaawansowane rozwi\u0105zanie, kt\u00f3re zapewnia niezawodne zasilanie w trudnych warunkach, idealna do zastosowa\u0144 na zewn\u0105trz oraz na budowach. Wyposa\u017cona w dwa gniazda z klapk\u0105 i uziemieniem 230 V (16 A) oraz dwa gniazda CEE 400 V (16 A, 5P), rozdzielnica umo\u017cliwia elastyczne zasilanie r\u00f3\u017cnych urz\u0105dze\u0144 elektrycznych. Dodatkowo, oferuje szeroki wachlarz po\u0142\u0105cze\u0144, w tym jedno gniazdo NW 7,2 oraz dwa gniazda RJ45 kat. 6 z klas\u0105 ochrony IP67, co umo\u017cliwia bezpieczne korzystanie z sieci komputerowej w wymagaj\u0105cych warunkach. Obudowa wykonana z wytrzyma\u0142ego tworzywa sztucznego oraz do\u0142\u0105czony \u0142a\u0144cuch do zawieszenia gwarantuj\u0105 stabilno\u015b\u0107 i d\u0142ugotrwa\u0142o\u015b\u0107 urz\u0105dzenia. Dzi\u0119ki klasie ochrony IP44, urz\u0105dzenie mo\u017ce by\u0107 u\u017cytkowane na zewn\u0105trz, co czyni je doskona\u0142ym wyborem dla profesjonalist\u00f3w w bran\u017cy elektrotechnicznej.<\/p>","protected":false},"excerpt":{"rendered":"<div class=\"icons\" style=\"display: flex; flex-wrap: wrap; gap: 5px; align-items: center; margin-top: 10px;\"><img decoding=\"async\" src=\"https:\/\/as-schwabe.de\/wp-content\/uploads\/ikony\/znak_SCH.png\" alt=\"\" width=\"45\" height=\"50\" \/><img decoding=\"async\" src=\"https:\/\/as-schwabe.de\/wp-content\/uploads\/ikony\/znak_CE.png\" alt=\"\" width=\"50\" height=\"50\" \/><img decoding=\"async\" src=\"https:\/\/as-schwabe.de\/wp-content\/uploads\/ikony\/znak_IP44.png\" alt=\"\" width=\"50\" height=\"50\" \/><img loading=\"lazy\" decoding=\"async\" src=\"https:\/\/as-schwabe.de\/wp-content\/uploads\/ikony\/znak_PB.png\" alt=\"\" width=\"50\" height=\"50\" \/><img loading=\"lazy\" decoding=\"async\" src=\"https:\/\/as-schwabe.de\/wp-content\/uploads\/ikony\/znak_Z.png\" alt=\"\" width=\"50\" height=\"50\" \/><img loading=\"lazy\" decoding=\"async\" src=\"https:\/\/as-schwabe.de\/wp-content\/uploads\/ikony\/znak_D.png\" alt=\"\" width=\"50\" height=\"50\" \/><img loading=\"lazy\" decoding=\"async\" src=\"https:\/\/as-schwabe.de\/wp-content\/uploads\/ikony\/znak_DE.png\" alt=\"\" width=\"50\" height=\"40\" \/><\/div>\n<ul>\n<li>Podwieszane rozdzielnice energii MIXO z przy\u0142\u0105czem spr\u0119\u017conego powietrza i z\u0142\u0105czem danych <\/li>\n<li>obudowa wykonana z wytrzyma\u0142ego, bardzo odpornego na uszkodzenia specjalnego tworzywa sztucznego <\/li>\n<li>wszystkie rozdzielnice energii s\u0105 okablowane i gotowe do pod\u0142\u0105czenia <\/li>\n<li>zawiera przepust kablowy z zakr\u0119tk\u0105 i \u0142a\u0144cuszek z karabi\u0144czykiem <\/li>\n<li>IP44: chroniony przed cia\u0142ami obcymi i bryzgami wody<\/li>\n<\/ul>","protected":false},"featured_media":31174,"template":"","meta":{"inline_featured_image":false},"genre":[509],"product_cat":[585,586],"product_tag":[],"class_list":{"0":"post-32502","1":"product","2":"type-product","3":"status-publish","4":"has-post-thumbnail","6":"product_brand-as-schwabe-pl","7":"product_cat-podwieszane-rozdzielnice-energii-i-podwieszane-rozdzielacze-pradu-pl","8":"product_cat-podwieszane-rozdzielnice-energii-mixo-power-cubes-pl","10":"first","11":"instock","12":"shipping-taxable","13":"product-type-simple"},"aioseo_notices":[],"_links":{"self":[{"href":"https:\/\/as-schwabe.de\/pl\/wp-json\/wp\/v2\/product\/32502","targetHints":{"allow":["GET"]}}],"collection":[{"href":"https:\/\/as-schwabe.de\/pl\/wp-json\/wp\/v2\/product"}],"about":[{"href":"https:\/\/as-schwabe.de\/pl\/wp-json\/wp\/v2\/types\/product"}],"version-history":[{"count":0,"href":"https:\/\/as-schwabe.de\/pl\/wp-json\/wp\/v2\/product\/32502\/revisions"}],"wp:featuredmedia":[{"embeddable":true,"href":"https:\/\/as-schwabe.de\/pl\/wp-json\/wp\/v2\/media\/31174"}],"wp:attachment":[{"href":"https:\/\/as-schwabe.de\/pl\/wp-json\/wp\/v2\/media?parent=32502"}],"wp:term":[{"taxonomy":"product_brand","embeddable":true,"href":"https:\/\/as-schwabe.de\/pl\/wp-json\/wp\/v2\/genre?post=32502"},{"taxonomy":"product_cat","embeddable":true,"href":"https:\/\/as-schwabe.de\/pl\/wp-json\/wp\/v2\/product_cat?post=32502"},{"taxonomy":"product_tag","embeddable":true,"href":"https:\/\/as-schwabe.de\/pl\/wp-json\/wp\/v2\/product_tag?post=32502"}],"curies":[{"name":"wp","href":"https:\/\/api.w.org\/{rel}","templated":true}]}}