{"id":32500,"date":"2025-09-26T23:33:07","date_gmt":"2025-09-26T23:33:07","guid":{"rendered":"https:\/\/as-schwabe.de\/produkt\/podwieszana-rozdzielnica-energii-mixo-vii-60753\/"},"modified":"2025-10-23T00:17:15","modified_gmt":"2025-10-23T00:17:15","slug":"podwieszana-rozdzielnica-energii-mixo-vii-60753","status":"publish","type":"product","link":"https:\/\/as-schwabe.de\/pl\/produkt\/podwieszana-rozdzielnica-energii-mixo-vii-60753\/","title":{"rendered":"Podwieszana rozdzielnica energii MIXO VII+ | 60753"},"content":{"rendered":"<p>Podwieszana rozdzielnica energii MIXO VII+ to niezawodne rozwi\u0105zanie dla profesjonalnych zastosowa\u0144 w warunkach budowlanych oraz na zewn\u0105trz. Wyposa\u017cona w d\u0142awnic\u0119 dla przewod\u00f3w o przekroju od 5G4 do 5G6, oferuje r\u00f3\u017cnorodne mo\u017cliwo\u015bci pod\u0142\u0105czenia, w tym dwa gniazda CEE 400 V, 16 A, 5P oraz jedno gniazdo CEE 400 V, 32 A, 5P, a tak\u017ce jedno z\u0142\u0105cze NW 7,2. Obudowa rozdzielnicy wykonana jest z wytrzyma\u0142ego tworzywa sztucznego, co zapewnia jej odporno\u015b\u0107 na warunki atmosferyczne i uszkodzenia mechaniczne. Dzi\u0119ki klasie ochrony IP44, produkt jest idealny do u\u017cytkowania w trudnych warunkach. W zestawie znajduje si\u0119 \u0142a\u0144cuch do zawieszenia, co u\u0142atwia instalacj\u0119 i zwi\u0119ksza elastyczno\u015b\u0107 u\u017cytkowania. MIXO VII+ to niezast\u0105pione narz\u0119dzie, kt\u00f3re zapewnia bezpiecze\u0144stwo i wygod\u0119 w zarz\u0105dzaniu energi\u0105 elektryczn\u0105.<\/p>","protected":false},"excerpt":{"rendered":"<div class=\"icons\" style=\"display: flex; flex-wrap: wrap; gap: 5px; align-items: center; margin-top: 10px;\"><img decoding=\"async\" src=\"https:\/\/as-schwabe.de\/wp-content\/uploads\/ikony\/znak_CE.png\" alt=\"\" width=\"50\" height=\"50\" \/><img decoding=\"async\" src=\"https:\/\/as-schwabe.de\/wp-content\/uploads\/ikony\/znak_IP44.png\" alt=\"\" width=\"50\" height=\"50\" \/><img decoding=\"async\" src=\"https:\/\/as-schwabe.de\/wp-content\/uploads\/ikony\/znak_PB.png\" alt=\"\" width=\"50\" height=\"50\" \/><img loading=\"lazy\" decoding=\"async\" src=\"https:\/\/as-schwabe.de\/wp-content\/uploads\/ikony\/znak_Z.png\" alt=\"\" width=\"50\" height=\"50\" \/><img loading=\"lazy\" decoding=\"async\" src=\"https:\/\/as-schwabe.de\/wp-content\/uploads\/ikony\/znak_D.png\" alt=\"\" width=\"50\" height=\"50\" \/><img loading=\"lazy\" decoding=\"async\" src=\"https:\/\/as-schwabe.de\/wp-content\/uploads\/ikony\/znak_DE.png\" alt=\"\" width=\"50\" height=\"40\" \/><\/div>\n<ul>\n<li>Podwieszane rozdzielnice energii MIXO z przy\u0142\u0105czem spr\u0119\u017conego powietrza <\/li>\n<li>obudowa wykonana z wytrzyma\u0142ego, bardzo odpornego na uszkodzenia specjalnego tworzywa sztucznego <\/li>\n<li>wszystkie rozdzielnice energii s\u0105 okablowane i gotowe do pod\u0142\u0105czenia <\/li>\n<li>zawiera przepust kablowy z zakr\u0119tk\u0105 i \u0142a\u0144cuszek z karabi\u0144czykiem <\/li>\n<li>IP44: chroniony przed cia\u0142ami obcymi i bryzgami wody<\/li>\n<\/ul>","protected":false},"featured_media":31171,"template":"","meta":{"inline_featured_image":false},"genre":[509],"product_cat":[585,586],"product_tag":[],"class_list":{"0":"post-32500","1":"product","2":"type-product","3":"status-publish","4":"has-post-thumbnail","6":"product_brand-as-schwabe-pl","7":"product_cat-podwieszane-rozdzielnice-energii-i-podwieszane-rozdzielacze-pradu-pl","8":"product_cat-podwieszane-rozdzielnice-energii-mixo-power-cubes-pl","10":"first","11":"instock","12":"shipping-taxable","13":"product-type-simple"},"aioseo_notices":[],"_links":{"self":[{"href":"https:\/\/as-schwabe.de\/pl\/wp-json\/wp\/v2\/product\/32500","targetHints":{"allow":["GET"]}}],"collection":[{"href":"https:\/\/as-schwabe.de\/pl\/wp-json\/wp\/v2\/product"}],"about":[{"href":"https:\/\/as-schwabe.de\/pl\/wp-json\/wp\/v2\/types\/product"}],"version-history":[{"count":0,"href":"https:\/\/as-schwabe.de\/pl\/wp-json\/wp\/v2\/product\/32500\/revisions"}],"wp:featuredmedia":[{"embeddable":true,"href":"https:\/\/as-schwabe.de\/pl\/wp-json\/wp\/v2\/media\/31171"}],"wp:attachment":[{"href":"https:\/\/as-schwabe.de\/pl\/wp-json\/wp\/v2\/media?parent=32500"}],"wp:term":[{"taxonomy":"product_brand","embeddable":true,"href":"https:\/\/as-schwabe.de\/pl\/wp-json\/wp\/v2\/genre?post=32500"},{"taxonomy":"product_cat","embeddable":true,"href":"https:\/\/as-schwabe.de\/pl\/wp-json\/wp\/v2\/product_cat?post=32500"},{"taxonomy":"product_tag","embeddable":true,"href":"https:\/\/as-schwabe.de\/pl\/wp-json\/wp\/v2\/product_tag?post=32500"}],"curies":[{"name":"wp","href":"https:\/\/api.w.org\/{rel}","templated":true}]}}