{"id":32499,"date":"2025-09-26T23:33:07","date_gmt":"2025-09-26T23:33:07","guid":{"rendered":"https:\/\/as-schwabe.de\/produkt\/podwieszana-rozdzielnica-energii-mixo-vi-60751\/"},"modified":"2025-10-23T00:17:15","modified_gmt":"2025-10-23T00:17:15","slug":"podwieszana-rozdzielnica-energii-mixo-vi-60751","status":"publish","type":"product","link":"https:\/\/as-schwabe.de\/pl\/produkt\/podwieszana-rozdzielnica-energii-mixo-vi-60751\/","title":{"rendered":"Podwieszana rozdzielnica energii MIXO VI+ | 60751"},"content":{"rendered":"<p>Podwieszana rozdzielnica energii MIXO VI+ to niezawodne rozwi\u0105zanie dla profesjonalist\u00f3w, kt\u00f3re \u0142\u0105czy w sobie wysok\u0105 funkcjonalno\u015b\u0107 i trwa\u0142o\u015b\u0107. Posiada mo\u017cliwo\u015b\u0107 przy\u0142\u0105czenia przewod\u00f3w o przekroju od 5G4 do 5G6, co sprawia, \u017ce jest idealna do r\u00f3\u017cnorodnych zastosowa\u0144 budowlanych i przemys\u0142owych. W wyposa\u017ceniu znajduje si\u0119 gniazdo z klapk\u0105 i uziemieniem 230 V, 16 A, a tak\u017ce dwa gniazda CEE: 400 V, 16 A oraz 400 V, 32 A, co zapewnia elastyczno\u015b\u0107 w dostosowywaniu \u017ar\u00f3d\u0142a zasilania do indywidualnych potrzeb. Obudowa wykonana z wytrzyma\u0142ego tworzywa sztucznego, odpornego na warunki atmosferyczne, oraz stopie\u0144 ochrony IP44 gwarantuj\u0105 mo\u017cliwo\u015b\u0107 u\u017cytkowania na zewn\u0105trz oraz w trudnych warunkach budowlanych. W zestawie znajduje si\u0119 r\u00f3wnie\u017c \u0142a\u0144cuch do zawieszenia, co u\u0142atwia monta\u017c i zapewnia wygod\u0119 u\u017cytkowania.<\/p>","protected":false},"excerpt":{"rendered":"<div class=\"icons\" style=\"display: flex; flex-wrap: wrap; gap: 5px; align-items: center; margin-top: 10px;\"><img decoding=\"async\" src=\"https:\/\/as-schwabe.de\/wp-content\/uploads\/ikony\/znak_SCH.png\" alt=\"\" width=\"45\" height=\"50\" \/><img decoding=\"async\" src=\"https:\/\/as-schwabe.de\/wp-content\/uploads\/ikony\/znak_CE.png\" alt=\"\" width=\"50\" height=\"50\" \/><img decoding=\"async\" src=\"https:\/\/as-schwabe.de\/wp-content\/uploads\/ikony\/znak_IP44.png\" alt=\"\" width=\"50\" height=\"50\" \/><img loading=\"lazy\" decoding=\"async\" src=\"https:\/\/as-schwabe.de\/wp-content\/uploads\/ikony\/znak_PB.png\" alt=\"\" width=\"50\" height=\"50\" \/><img loading=\"lazy\" decoding=\"async\" src=\"https:\/\/as-schwabe.de\/wp-content\/uploads\/ikony\/znak_Z.png\" alt=\"\" width=\"50\" height=\"50\" \/><img loading=\"lazy\" decoding=\"async\" src=\"https:\/\/as-schwabe.de\/wp-content\/uploads\/ikony\/znak_D.png\" alt=\"\" width=\"50\" height=\"50\" \/><img loading=\"lazy\" decoding=\"async\" src=\"https:\/\/as-schwabe.de\/wp-content\/uploads\/ikony\/znak_DE.png\" alt=\"\" width=\"50\" height=\"40\" \/><\/div>\n<ul>\n<li>Podwieszane rozdzielnice energii MIXO z przy\u0142\u0105czem spr\u0119\u017conego powietrza <\/li>\n<li>obudowa wykonana z wytrzyma\u0142ego, bardzo odpornego na uszkodzenia specjalnego tworzywa sztucznego <\/li>\n<li>wszystkie rozdzielnice energii s\u0105 okablowane i gotowe do pod\u0142\u0105czenia <\/li>\n<li>zawiera przepust kablowy z zakr\u0119tk\u0105 i \u0142a\u0144cuszek z karabi\u0144czykiem <\/li>\n<li>IP44: chroniony przed cia\u0142ami obcymi i bryzgami wody<\/li>\n<\/ul>","protected":false},"featured_media":31170,"template":"","meta":{"inline_featured_image":false},"genre":[509],"product_cat":[585,586],"product_tag":[],"class_list":{"0":"post-32499","1":"product","2":"type-product","3":"status-publish","4":"has-post-thumbnail","6":"product_brand-as-schwabe-pl","7":"product_cat-podwieszane-rozdzielnice-energii-i-podwieszane-rozdzielacze-pradu-pl","8":"product_cat-podwieszane-rozdzielnice-energii-mixo-power-cubes-pl","10":"first","11":"instock","12":"shipping-taxable","13":"product-type-simple"},"aioseo_notices":[],"_links":{"self":[{"href":"https:\/\/as-schwabe.de\/pl\/wp-json\/wp\/v2\/product\/32499","targetHints":{"allow":["GET"]}}],"collection":[{"href":"https:\/\/as-schwabe.de\/pl\/wp-json\/wp\/v2\/product"}],"about":[{"href":"https:\/\/as-schwabe.de\/pl\/wp-json\/wp\/v2\/types\/product"}],"version-history":[{"count":0,"href":"https:\/\/as-schwabe.de\/pl\/wp-json\/wp\/v2\/product\/32499\/revisions"}],"wp:featuredmedia":[{"embeddable":true,"href":"https:\/\/as-schwabe.de\/pl\/wp-json\/wp\/v2\/media\/31170"}],"wp:attachment":[{"href":"https:\/\/as-schwabe.de\/pl\/wp-json\/wp\/v2\/media?parent=32499"}],"wp:term":[{"taxonomy":"product_brand","embeddable":true,"href":"https:\/\/as-schwabe.de\/pl\/wp-json\/wp\/v2\/genre?post=32499"},{"taxonomy":"product_cat","embeddable":true,"href":"https:\/\/as-schwabe.de\/pl\/wp-json\/wp\/v2\/product_cat?post=32499"},{"taxonomy":"product_tag","embeddable":true,"href":"https:\/\/as-schwabe.de\/pl\/wp-json\/wp\/v2\/product_tag?post=32499"}],"curies":[{"name":"wp","href":"https:\/\/api.w.org\/{rel}","templated":true}]}}