{"id":32498,"date":"2025-09-26T23:33:06","date_gmt":"2025-09-26T23:33:06","guid":{"rendered":"https:\/\/as-schwabe.de\/produkt\/ogranicznik-pradu-rozruchowego-3-fazowy-mixo-400-v-16-a-60740\/"},"modified":"2025-10-23T00:17:15","modified_gmt":"2025-10-23T00:17:15","slug":"ogranicznik-pradu-rozruchowego-3-fazowy-mixo-400-v-16-a-60740","status":"publish","type":"product","link":"https:\/\/as-schwabe.de\/pl\/produkt\/ogranicznik-pradu-rozruchowego-3-fazowy-mixo-400-v-16-a-60740\/","title":{"rendered":"Ogranicznik pr\u0105du rozruchowego 3-fazowy MIXO 400 V, 16 A 1,5 m H07RN-F 5G1,5 | 60740"},"content":{"rendered":"<p>Ogranicznik pr\u0105du rozruchowego 3-fazowy MIXO 400 V, 16 A, to zaawansowane rozwi\u0105zanie dla profesjonalist\u00f3w w bran\u017cy budowlanej oraz do u\u017cytku na zewn\u0105trz. Wyposa\u017cony w wtyczk\u0119 z uziemieniem CEE 16 A oraz 5-pinowe gniazdo, urz\u0105dzenie zapewnia \u0142atw\u0105 i bezpieczn\u0105 instalacj\u0119. D\u0142ugo\u015b\u0107 kabla H07RN-F 1,5m i stopie\u0144 ochrony IP44 gwarantuj\u0105 wysok\u0105 odporno\u015b\u0107 na warunki atmosferyczne, co czyni go idealnym do pracy w trudnych \u015brodowiskach. Dzi\u0119ki skutecznemu ograniczeniu pr\u0105du rozruchowego, u\u017cytkownik minimalizuje ryzyko uszkodzenia urz\u0105dze\u0144 oraz zwi\u0119ksza ich \u017cywotno\u015b\u0107. Wyb\u00f3r ogranicznika MIXO to inwestycja w bezpiecze\u0144stwo i efektywno\u015b\u0107 pracy.<\/p>","protected":false},"excerpt":{"rendered":"<div class=\"icons\" style=\"display: flex; flex-wrap: wrap; gap: 5px; align-items: center; margin-top: 10px;\"><img decoding=\"async\" src=\"https:\/\/as-schwabe.de\/wp-content\/uploads\/ikony\/znak_CE.png\" alt=\"\" width=\"50\" height=\"50\" \/><img decoding=\"async\" src=\"https:\/\/as-schwabe.de\/wp-content\/uploads\/ikony\/znak_IP44.png\" alt=\"\" width=\"50\" height=\"50\" \/><img decoding=\"async\" src=\"https:\/\/as-schwabe.de\/wp-content\/uploads\/ikony\/znak_PB.png\" alt=\"\" width=\"50\" height=\"50\" \/><img loading=\"lazy\" decoding=\"async\" src=\"https:\/\/as-schwabe.de\/wp-content\/uploads\/ikony\/znak_Z.png\" alt=\"\" width=\"50\" height=\"50\" \/><img loading=\"lazy\" decoding=\"async\" src=\"https:\/\/as-schwabe.de\/wp-content\/uploads\/ikony\/znak_D.png\" alt=\"\" width=\"50\" height=\"50\" \/><img loading=\"lazy\" decoding=\"async\" src=\"https:\/\/as-schwabe.de\/wp-content\/uploads\/ikony\/znak_DE.png\" alt=\"\" width=\"50\" height=\"40\" \/><\/div>\n<ul>\n<li>Ogranicznik pr\u0105du rozruchowego MIXO 400 V, 16 A <\/li>\n<li>dopuszczone do stosowania na budowach i w rolnictwie <\/li>\n<li>wej\u015bcie: z wtyczk\u0105 CEE 400 V, 16 A, 5P <\/li>\n<li>wyj\u015bcie: z gniazdem CEE 400 V, 16 A, 5P <\/li>\n<li>napi\u0119cie: U = 400 V AC, 50-60 Hz <\/li>\n<li>nadaje si\u0119 do wy\u0142\u0105cznik\u00f3w nadpr\u0105dowych 16 A z charakterystyk\u0105 wyzwalania C i D <\/li>\n<li>maksymalna cz\u0119stotliwo\u015b\u0107 w\u0142\u0105czania na minut\u0119: 1 <\/li>\n<li>maks. obci\u0105\u017cenie: 11 000 W <\/li>\n<li>IP44: chroniony przed cia\u0142ami obcymi i bryzgami wody<\/li>\n<\/ul>","protected":false},"featured_media":31169,"template":"","meta":{"inline_featured_image":false},"genre":[509],"product_cat":[580,581],"product_tag":[],"class_list":{"0":"post-32498","1":"product","2":"type-product","3":"status-publish","4":"has-post-thumbnail","6":"product_brand-as-schwabe-pl","7":"product_cat-liczniki-energii-elektrycznej-i-ograniczniki-pradu-rozruchowego-pl","8":"product_cat-ograniczniki-pradu-rozruchowego-pl","10":"first","11":"instock","12":"shipping-taxable","13":"product-type-simple"},"aioseo_notices":[],"_links":{"self":[{"href":"https:\/\/as-schwabe.de\/pl\/wp-json\/wp\/v2\/product\/32498","targetHints":{"allow":["GET"]}}],"collection":[{"href":"https:\/\/as-schwabe.de\/pl\/wp-json\/wp\/v2\/product"}],"about":[{"href":"https:\/\/as-schwabe.de\/pl\/wp-json\/wp\/v2\/types\/product"}],"version-history":[{"count":0,"href":"https:\/\/as-schwabe.de\/pl\/wp-json\/wp\/v2\/product\/32498\/revisions"}],"wp:featuredmedia":[{"embeddable":true,"href":"https:\/\/as-schwabe.de\/pl\/wp-json\/wp\/v2\/media\/31169"}],"wp:attachment":[{"href":"https:\/\/as-schwabe.de\/pl\/wp-json\/wp\/v2\/media?parent=32498"}],"wp:term":[{"taxonomy":"product_brand","embeddable":true,"href":"https:\/\/as-schwabe.de\/pl\/wp-json\/wp\/v2\/genre?post=32498"},{"taxonomy":"product_cat","embeddable":true,"href":"https:\/\/as-schwabe.de\/pl\/wp-json\/wp\/v2\/product_cat?post=32498"},{"taxonomy":"product_tag","embeddable":true,"href":"https:\/\/as-schwabe.de\/pl\/wp-json\/wp\/v2\/product_tag?post=32498"}],"curies":[{"name":"wp","href":"https:\/\/api.w.org\/{rel}","templated":true}]}}