{"id":32495,"date":"2025-09-26T23:33:04","date_gmt":"2025-09-26T23:33:04","guid":{"rendered":"https:\/\/as-schwabe.de\/produkt\/podwieszana-rozdzielnica-energii-mixo-iv-60737\/"},"modified":"2025-10-23T00:17:13","modified_gmt":"2025-10-23T00:17:13","slug":"podwieszana-rozdzielnica-energii-mixo-iv-60737","status":"publish","type":"product","link":"https:\/\/as-schwabe.de\/pl\/produkt\/podwieszana-rozdzielnica-energii-mixo-iv-60737\/","title":{"rendered":"Podwieszana rozdzielnica energii MIXO IV | 60737"},"content":{"rendered":"<p>Podwieszana rozdzielnica energii MIXO IV to niezawodne rozwi\u0105zanie dla zastosowa\u0144 na zewn\u0105trz oraz w trudnych warunkach budowlanych. Jej obudowa, wykonana z wytrzyma\u0142ego tworzywa sztucznego, zapewnia wysok\u0105 odporno\u015b\u0107 na wp\u0142ywy atmosferyczne, co potwierdza klasa szczelno\u015bci IP44. Wyposa\u017cona w d\u0142awnic\u0119 odpowiedni\u0105 dla przewod\u00f3w od 5G2,5 do 5G4, rozdzielnica oferuje trzy gniazda CEE 400 V, 16 A, 5P, co umo\u017cliwia wygodne pod\u0142\u0105czenie r\u00f3\u017cnorodnych urz\u0105dze\u0144 elektrycznych. W zestawie znajduje si\u0119 tak\u017ce \u0142a\u0144cuch do zawieszenia, co u\u0142atwia monta\u017c i u\u017cycie w r\u00f3\u017cnych warunkach. Podwieszana rozdzielnica MIXO IV to idealny wyb\u00f3r dla profesjonalist\u00f3w poszukuj\u0105cych efektywnego i bezpiecznego zasilania na budowach oraz w innych miejscu pracy.<\/p>","protected":false},"excerpt":{"rendered":"<div class=\"icons\" style=\"display: flex; flex-wrap: wrap; gap: 5px; align-items: center; margin-top: 10px;\"><img decoding=\"async\" src=\"https:\/\/as-schwabe.de\/wp-content\/uploads\/ikony\/znak_CE.png\" alt=\"\" width=\"50\" height=\"50\" \/><img decoding=\"async\" src=\"https:\/\/as-schwabe.de\/wp-content\/uploads\/ikony\/znak_IP44.png\" alt=\"\" width=\"50\" height=\"50\" \/><img decoding=\"async\" src=\"https:\/\/as-schwabe.de\/wp-content\/uploads\/ikony\/znak_PB.png\" alt=\"\" width=\"50\" height=\"50\" \/><img loading=\"lazy\" decoding=\"async\" src=\"https:\/\/as-schwabe.de\/wp-content\/uploads\/ikony\/znak_Z.png\" alt=\"\" width=\"50\" height=\"50\" \/><img loading=\"lazy\" decoding=\"async\" src=\"https:\/\/as-schwabe.de\/wp-content\/uploads\/ikony\/znak_D.png\" alt=\"\" width=\"50\" height=\"50\" \/><img loading=\"lazy\" decoding=\"async\" src=\"https:\/\/as-schwabe.de\/wp-content\/uploads\/ikony\/znak_DE.png\" alt=\"\" width=\"50\" height=\"40\" \/><\/div>\n<ul>\n<li>Podwieszane rozdzielnice energii MIXO <\/li>\n<li>obudowa wykonana z wytrzyma\u0142ego, bardzo odpornego na uszkodzenia specjalnego tworzywa sztucznego <\/li>\n<li>wszystkie rozdzielnice energii s\u0105 okablowane i gotowe do pod\u0142\u0105czenia <\/li>\n<li>zawiera przepust kablowy z zakr\u0119tk\u0105 i \u0142a\u0144cuszek z karabi\u0144czykiem <\/li>\n<li>IP44: chroniony przed cia\u0142ami obcymi i bryzgami wody<\/li>\n<\/ul>","protected":false},"featured_media":31166,"template":"","meta":{"inline_featured_image":false},"genre":[509],"product_cat":[585,586],"product_tag":[],"class_list":{"0":"post-32495","1":"product","2":"type-product","3":"status-publish","4":"has-post-thumbnail","6":"product_brand-as-schwabe-pl","7":"product_cat-podwieszane-rozdzielnice-energii-i-podwieszane-rozdzielacze-pradu-pl","8":"product_cat-podwieszane-rozdzielnice-energii-mixo-power-cubes-pl","10":"first","11":"instock","12":"shipping-taxable","13":"product-type-simple"},"aioseo_notices":[],"_links":{"self":[{"href":"https:\/\/as-schwabe.de\/pl\/wp-json\/wp\/v2\/product\/32495","targetHints":{"allow":["GET"]}}],"collection":[{"href":"https:\/\/as-schwabe.de\/pl\/wp-json\/wp\/v2\/product"}],"about":[{"href":"https:\/\/as-schwabe.de\/pl\/wp-json\/wp\/v2\/types\/product"}],"version-history":[{"count":0,"href":"https:\/\/as-schwabe.de\/pl\/wp-json\/wp\/v2\/product\/32495\/revisions"}],"wp:featuredmedia":[{"embeddable":true,"href":"https:\/\/as-schwabe.de\/pl\/wp-json\/wp\/v2\/media\/31166"}],"wp:attachment":[{"href":"https:\/\/as-schwabe.de\/pl\/wp-json\/wp\/v2\/media?parent=32495"}],"wp:term":[{"taxonomy":"product_brand","embeddable":true,"href":"https:\/\/as-schwabe.de\/pl\/wp-json\/wp\/v2\/genre?post=32495"},{"taxonomy":"product_cat","embeddable":true,"href":"https:\/\/as-schwabe.de\/pl\/wp-json\/wp\/v2\/product_cat?post=32495"},{"taxonomy":"product_tag","embeddable":true,"href":"https:\/\/as-schwabe.de\/pl\/wp-json\/wp\/v2\/product_tag?post=32495"}],"curies":[{"name":"wp","href":"https:\/\/api.w.org\/{rel}","templated":true}]}}