{"id":32489,"date":"2025-09-26T23:33:01","date_gmt":"2025-09-26T23:33:01","guid":{"rendered":"https:\/\/as-schwabe.de\/produkt\/podwieszana-rozdzielnica-energii-mixo-i-60731\/"},"modified":"2025-10-23T00:17:11","modified_gmt":"2025-10-23T00:17:11","slug":"podwieszana-rozdzielnica-energii-mixo-i-60731","status":"publish","type":"product","link":"https:\/\/as-schwabe.de\/pl\/produkt\/podwieszana-rozdzielnica-energii-mixo-i-60731\/","title":{"rendered":"Podwieszana rozdzielnica energii MIXO I | 60731"},"content":{"rendered":"<p>Podwieszana rozdzielnica energii MIXO I to idealne rozwi\u0105zanie dla profesjonalist\u00f3w potrzebuj\u0105cych niezawodnego zasilania na budowie oraz w warunkach zewn\u0119trznych. Wyposa\u017cona w d\u0142awnic\u0119 dla przewod\u00f3w od 3G1,5 do 5G1,5, zapewnia elastyczno\u015b\u0107 pod\u0142\u0105czenia r\u00f3\u017cnych instalacji. Produkt oferuje cztery gniazda z klapk\u0105 i uziemieniem 230 V o maksymalnym pr\u0105dzie 16 A, co umo\u017cliwia jednoczesne zasilanie kilku urz\u0105dze\u0144 elektrycznych. Obudowa wykonana z wytrzyma\u0142ego tworzywa sztucznego gwarantuje wysok\u0105 odporno\u015b\u0107 na niekorzystne warunki atmosferyczne, a klasa ochrony IP44 zapewnia bezpiecze\u0144stwo u\u017cytkowania na zewn\u0105trz. W zestawie znajduje si\u0119 \u0142a\u0144cuch do zawieszenia, co u\u0142atwia instalacj\u0119 rozdzielnicy w dowolnym miejscu.<\/p>","protected":false},"excerpt":{"rendered":"<div class=\"icons\" style=\"display: flex; flex-wrap: wrap; gap: 5px; align-items: center; margin-top: 10px;\"><img decoding=\"async\" src=\"https:\/\/as-schwabe.de\/wp-content\/uploads\/ikony\/znak_SCH.png\" alt=\"\" width=\"45\" height=\"50\" \/><img decoding=\"async\" src=\"https:\/\/as-schwabe.de\/wp-content\/uploads\/ikony\/znak_CE.png\" alt=\"\" width=\"50\" height=\"50\" \/><img decoding=\"async\" src=\"https:\/\/as-schwabe.de\/wp-content\/uploads\/ikony\/znak_IP44.png\" alt=\"\" width=\"50\" height=\"50\" \/><img loading=\"lazy\" decoding=\"async\" src=\"https:\/\/as-schwabe.de\/wp-content\/uploads\/ikony\/znak_PB.png\" alt=\"\" width=\"50\" height=\"50\" \/><img loading=\"lazy\" decoding=\"async\" src=\"https:\/\/as-schwabe.de\/wp-content\/uploads\/ikony\/znak_Z.png\" alt=\"\" width=\"50\" height=\"50\" \/><img loading=\"lazy\" decoding=\"async\" src=\"https:\/\/as-schwabe.de\/wp-content\/uploads\/ikony\/znak_D.png\" alt=\"\" width=\"50\" height=\"50\" \/><img loading=\"lazy\" decoding=\"async\" src=\"https:\/\/as-schwabe.de\/wp-content\/uploads\/ikony\/znak_DE.png\" alt=\"\" width=\"50\" height=\"40\" \/><\/div>\n<ul>\n<li>Podwieszane rozdzielnice energii MIXO <\/li>\n<li>obudowa wykonana z wytrzyma\u0142ego, bardzo odpornego na uszkodzenia specjalnego tworzywa sztucznego <\/li>\n<li>wszystkie rozdzielnice energii s\u0105 okablowane i gotowe do pod\u0142\u0105czenia <\/li>\n<li>zawiera przepust kablowy z zakr\u0119tk\u0105 i \u0142a\u0144cuszek z karabi\u0144czykiem <\/li>\n<li>IP44: chroniony przed cia\u0142ami obcymi i bryzgami wody<\/li>\n<\/ul>","protected":false},"featured_media":31158,"template":"","meta":{"inline_featured_image":false},"genre":[509],"product_cat":[585,586],"product_tag":[],"class_list":{"0":"post-32489","1":"product","2":"type-product","3":"status-publish","4":"has-post-thumbnail","6":"product_brand-as-schwabe-pl","7":"product_cat-podwieszane-rozdzielnice-energii-i-podwieszane-rozdzielacze-pradu-pl","8":"product_cat-podwieszane-rozdzielnice-energii-mixo-power-cubes-pl","10":"first","11":"instock","12":"shipping-taxable","13":"product-type-simple"},"aioseo_notices":[],"_links":{"self":[{"href":"https:\/\/as-schwabe.de\/pl\/wp-json\/wp\/v2\/product\/32489","targetHints":{"allow":["GET"]}}],"collection":[{"href":"https:\/\/as-schwabe.de\/pl\/wp-json\/wp\/v2\/product"}],"about":[{"href":"https:\/\/as-schwabe.de\/pl\/wp-json\/wp\/v2\/types\/product"}],"version-history":[{"count":0,"href":"https:\/\/as-schwabe.de\/pl\/wp-json\/wp\/v2\/product\/32489\/revisions"}],"wp:featuredmedia":[{"embeddable":true,"href":"https:\/\/as-schwabe.de\/pl\/wp-json\/wp\/v2\/media\/31158"}],"wp:attachment":[{"href":"https:\/\/as-schwabe.de\/pl\/wp-json\/wp\/v2\/media?parent=32489"}],"wp:term":[{"taxonomy":"product_brand","embeddable":true,"href":"https:\/\/as-schwabe.de\/pl\/wp-json\/wp\/v2\/genre?post=32489"},{"taxonomy":"product_cat","embeddable":true,"href":"https:\/\/as-schwabe.de\/pl\/wp-json\/wp\/v2\/product_cat?post=32489"},{"taxonomy":"product_tag","embeddable":true,"href":"https:\/\/as-schwabe.de\/pl\/wp-json\/wp\/v2\/product_tag?post=32489"}],"curies":[{"name":"wp","href":"https:\/\/api.w.org\/{rel}","templated":true}]}}