{"id":32487,"date":"2025-09-26T23:32:59","date_gmt":"2025-09-26T23:32:59","guid":{"rendered":"https:\/\/as-schwabe.de\/produkt\/przedluzacz-cee-400-v-32-a-n07v3v3-f-5g4-50-m-60727\/"},"modified":"2025-10-23T00:17:10","modified_gmt":"2025-10-23T00:17:10","slug":"przedluzacz-cee-400-v-32-a-n07v3v3-f-5g4-50-m-60727","status":"publish","type":"product","link":"https:\/\/as-schwabe.de\/pl\/produkt\/przedluzacz-cee-400-v-32-a-n07v3v3-f-5g4-50-m-60727\/","title":{"rendered":"Przed\u0142u\u017cacz CEE 400 V, 32 A, 5P 50 m AT-N07V3V3-F 5G4 | 60727"},"content":{"rendered":"<p>Przed\u0142u\u017cacz CEE 400 V, 32 A, 5P o d\u0142ugo\u015bci 50 m to niezawodne rozwi\u0105zanie dla profesjonalist\u00f3w potrzebuj\u0105cych zasilania w trudnych warunkach, szczeg\u00f3lnie na placach budowy i w innych przestrzeniach zewn\u0119trznych. Wyposa\u017cony w wtyczk\u0119 CEE 400 V, 32 A, 5P oraz gniazdo CEE o tych samych parametrach, oferuje maksymalne obci\u0105\u017cenie do 32 A oraz moc 22 kW, co zapewnia stabilne i efektywne zasilanie urz\u0105dze\u0144 wymagaj\u0105cych du\u017cej energii. Przed\u0142u\u017cacz zosta\u0142 skonstruowany z my\u015bl\u0105 o u\u017cytkowaniu na zewn\u0105trz, co potwierdza stopie\u0144 ochrony IP44, gwarantuj\u0105cy odporno\u015b\u0107 na dzia\u0142anie wilgoci i py\u0142\u00f3w. Dzi\u0119ki solidnej budowie i zastosowaniu wysokiej jako\u015bci materia\u0142\u00f3w, produkt charakteryzuje si\u0119 du\u017c\u0105 trwa\u0142o\u015bci\u0105 oraz bezpiecze\u0144stwem u\u017cytkowania. Idealny do zastosowa\u0144 w przemy\u015ble, budownictwie oraz na eventach plenerowych.<\/p>","protected":false},"excerpt":{"rendered":"<div class=\"icons\" style=\"display: flex; flex-wrap: wrap; gap: 5px; align-items: center; margin-top: 10px;\"><img decoding=\"async\" src=\"https:\/\/as-schwabe.de\/wp-content\/uploads\/ikony\/znak_CE.png\" alt=\"\" width=\"50\" height=\"50\" \/><img decoding=\"async\" src=\"https:\/\/as-schwabe.de\/wp-content\/uploads\/ikony\/znak_IP44.png\" alt=\"\" width=\"50\" height=\"50\" \/><img decoding=\"async\" src=\"https:\/\/as-schwabe.de\/wp-content\/uploads\/ikony\/znak_PB.png\" alt=\"\" width=\"50\" height=\"50\" \/><img loading=\"lazy\" decoding=\"async\" src=\"https:\/\/as-schwabe.de\/wp-content\/uploads\/ikony\/znak_Z.png\" alt=\"\" width=\"50\" height=\"50\" \/><img loading=\"lazy\" decoding=\"async\" src=\"https:\/\/as-schwabe.de\/wp-content\/uploads\/ikony\/znak_D.png\" alt=\"\" width=\"50\" height=\"50\" \/><img loading=\"lazy\" decoding=\"async\" src=\"https:\/\/as-schwabe.de\/wp-content\/uploads\/ikony\/znak_DE.png\" alt=\"\" width=\"50\" height=\"40\" \/><\/div>\n<ul>\n<li>Przed\u0142u\u017cacze wysokopr\u0105dowe na plac budowy 50 m AT-N07V3V3-F 5G4 <\/li>\n<li>wtyczka CEE i gniazdo CEE z uchyln\u0105 klapk\u0105 <\/li>\n<li>wtyczki i gniazda najnowszej generacji \u201eMade in Germany\u201d <\/li>\n<li>400 V, 5P, 6h <\/li>\n<li>IP44: chroniony przed cia\u0142ami obcymi i bryzgami wody<\/li>\n<\/ul>","protected":false},"featured_media":35069,"template":"","meta":{"inline_featured_image":false},"genre":[509],"product_cat":[518,569],"product_tag":[],"class_list":{"0":"post-32487","1":"product","2":"type-product","3":"status-publish","4":"has-post-thumbnail","6":"product_brand-as-schwabe-pl","7":"product_cat-asortyment-produktow-cee-400-v-pl","8":"product_cat-przedluzacze-cee-i-wtyczki-testujace-cee-pl","10":"first","11":"instock","12":"shipping-taxable","13":"product-type-simple"},"aioseo_notices":[],"_links":{"self":[{"href":"https:\/\/as-schwabe.de\/pl\/wp-json\/wp\/v2\/product\/32487","targetHints":{"allow":["GET"]}}],"collection":[{"href":"https:\/\/as-schwabe.de\/pl\/wp-json\/wp\/v2\/product"}],"about":[{"href":"https:\/\/as-schwabe.de\/pl\/wp-json\/wp\/v2\/types\/product"}],"version-history":[{"count":0,"href":"https:\/\/as-schwabe.de\/pl\/wp-json\/wp\/v2\/product\/32487\/revisions"}],"wp:featuredmedia":[{"embeddable":true,"href":"https:\/\/as-schwabe.de\/pl\/wp-json\/wp\/v2\/media\/35069"}],"wp:attachment":[{"href":"https:\/\/as-schwabe.de\/pl\/wp-json\/wp\/v2\/media?parent=32487"}],"wp:term":[{"taxonomy":"product_brand","embeddable":true,"href":"https:\/\/as-schwabe.de\/pl\/wp-json\/wp\/v2\/genre?post=32487"},{"taxonomy":"product_cat","embeddable":true,"href":"https:\/\/as-schwabe.de\/pl\/wp-json\/wp\/v2\/product_cat?post=32487"},{"taxonomy":"product_tag","embeddable":true,"href":"https:\/\/as-schwabe.de\/pl\/wp-json\/wp\/v2\/product_tag?post=32487"}],"curies":[{"name":"wp","href":"https:\/\/api.w.org\/{rel}","templated":true}]}}