{"id":32485,"date":"2025-09-26T23:32:58","date_gmt":"2025-09-26T23:32:58","guid":{"rendered":"https:\/\/as-schwabe.de\/produkt\/przedluzacz-cee-400-v-16-a-n07v3v3-f-5g25-50-m-60721\/"},"modified":"2025-10-23T00:17:09","modified_gmt":"2025-10-23T00:17:09","slug":"przedluzacz-cee-400-v-16-a-n07v3v3-f-5g25-50-m-60721","status":"publish","type":"product","link":"https:\/\/as-schwabe.de\/pl\/produkt\/przedluzacz-cee-400-v-16-a-n07v3v3-f-5g25-50-m-60721\/","title":{"rendered":"Przed\u0142u\u017cacz CEE 400 V, 16 A, 5P 50 m AT-N07V3V3-F 5G2,5 | 60721"},"content":{"rendered":"<p>Przed\u0142u\u017cacz CEE 400 V, 16 A, 5P o d\u0142ugo\u015bci 50 m to rozwi\u0105zanie zaprojektowane z my\u015bl\u0105 o profesjonalnych zastosowaniach w trudnych warunkach zewn\u0119trznych. Wyposa\u017cony w wtyczk\u0119 i gniazdo CEE 400 V, 16 A, 5P, jest w stanie bezpiecznie przesy\u0142a\u0107 moc do 11 kW, co czyni go idealnym wyborem dla przemys\u0142u oraz budownictwa. Przew\u00f3d o klasie ochronno\u015bci IP44 zapewnia odporno\u015b\u0107 na wilgo\u0107 i py\u0142, co umo\u017cliwia jego u\u017cytkowanie w r\u00f3\u017cnych warunkach atmosferycznych. Dzi\u0119ki zastosowaniu wysokiej jako\u015bci materia\u0142\u00f3w, przed\u0142u\u017cacz gwarantuje niezawodno\u015b\u0107 i d\u0142ugotrwa\u0142e u\u017cytkowanie, co przek\u0142ada si\u0119 na zwi\u0119kszenie efektywno\u015bci pracy. Wybieraj\u0105c ten produkt, zyskujesz pewno\u015b\u0107 i bezpiecze\u0144stwo w przesyle energii elektrycznej.<\/p>","protected":false},"excerpt":{"rendered":"<div class=\"icons\" style=\"display: flex; flex-wrap: wrap; gap: 5px; align-items: center; margin-top: 10px;\"><img decoding=\"async\" src=\"https:\/\/as-schwabe.de\/wp-content\/uploads\/ikony\/znak_CE.png\" alt=\"\" width=\"50\" height=\"50\" \/><img decoding=\"async\" src=\"https:\/\/as-schwabe.de\/wp-content\/uploads\/ikony\/znak_IP44.png\" alt=\"\" width=\"50\" height=\"50\" \/><img decoding=\"async\" src=\"https:\/\/as-schwabe.de\/wp-content\/uploads\/ikony\/znak_PB.png\" alt=\"\" width=\"50\" height=\"50\" \/><img loading=\"lazy\" decoding=\"async\" src=\"https:\/\/as-schwabe.de\/wp-content\/uploads\/ikony\/znak_Z.png\" alt=\"\" width=\"50\" height=\"50\" \/><img loading=\"lazy\" decoding=\"async\" src=\"https:\/\/as-schwabe.de\/wp-content\/uploads\/ikony\/znak_D.png\" alt=\"\" width=\"50\" height=\"50\" \/><img loading=\"lazy\" decoding=\"async\" src=\"https:\/\/as-schwabe.de\/wp-content\/uploads\/ikony\/znak_DE.png\" alt=\"\" width=\"50\" height=\"40\" \/><\/div>\n<ul>\n<li>Przed\u0142u\u017cacze wysokopr\u0105dowe na plac budowy 50 m AT-N07V3V3-F 5G2,5 <\/li>\n<li>wtyczka CEE i gniazdo CEE z uchyln\u0105 klapk\u0105 <\/li>\n<li>wtyczki i gniazda najnowszej generacji \u201eMade in Germany\u201d <\/li>\n<li>400 V, 5P, 6h <\/li>\n<li>IP44: chroniony przed cia\u0142ami obcymi i bryzgami wody<\/li>\n<\/ul>","protected":false},"featured_media":31154,"template":"","meta":{"inline_featured_image":false},"genre":[509],"product_cat":[518,569],"product_tag":[],"class_list":{"0":"post-32485","1":"product","2":"type-product","3":"status-publish","4":"has-post-thumbnail","6":"product_brand-as-schwabe-pl","7":"product_cat-asortyment-produktow-cee-400-v-pl","8":"product_cat-przedluzacze-cee-i-wtyczki-testujace-cee-pl","10":"first","11":"instock","12":"shipping-taxable","13":"product-type-simple"},"aioseo_notices":[],"_links":{"self":[{"href":"https:\/\/as-schwabe.de\/pl\/wp-json\/wp\/v2\/product\/32485","targetHints":{"allow":["GET"]}}],"collection":[{"href":"https:\/\/as-schwabe.de\/pl\/wp-json\/wp\/v2\/product"}],"about":[{"href":"https:\/\/as-schwabe.de\/pl\/wp-json\/wp\/v2\/types\/product"}],"version-history":[{"count":0,"href":"https:\/\/as-schwabe.de\/pl\/wp-json\/wp\/v2\/product\/32485\/revisions"}],"wp:featuredmedia":[{"embeddable":true,"href":"https:\/\/as-schwabe.de\/pl\/wp-json\/wp\/v2\/media\/31154"}],"wp:attachment":[{"href":"https:\/\/as-schwabe.de\/pl\/wp-json\/wp\/v2\/media?parent=32485"}],"wp:term":[{"taxonomy":"product_brand","embeddable":true,"href":"https:\/\/as-schwabe.de\/pl\/wp-json\/wp\/v2\/genre?post=32485"},{"taxonomy":"product_cat","embeddable":true,"href":"https:\/\/as-schwabe.de\/pl\/wp-json\/wp\/v2\/product_cat?post=32485"},{"taxonomy":"product_tag","embeddable":true,"href":"https:\/\/as-schwabe.de\/pl\/wp-json\/wp\/v2\/product_tag?post=32485"}],"curies":[{"name":"wp","href":"https:\/\/api.w.org\/{rel}","templated":true}]}}