{"id":32483,"date":"2025-09-26T23:32:57","date_gmt":"2025-09-26T23:32:57","guid":{"rendered":"https:\/\/as-schwabe.de\/produkt\/przedluzacz-cee-400-v-16-a-n07v3v3-f-5g25-25-m-60717\/"},"modified":"2025-10-23T00:17:08","modified_gmt":"2025-10-23T00:17:08","slug":"przedluzacz-cee-400-v-16-a-n07v3v3-f-5g25-25-m-60717","status":"publish","type":"product","link":"https:\/\/as-schwabe.de\/pl\/produkt\/przedluzacz-cee-400-v-16-a-n07v3v3-f-5g25-25-m-60717\/","title":{"rendered":"Przed\u0142u\u017cacz CEE 400 V, 16 A, 5P 25 m AT-N07V3V3-F 5G2,5 | 60717"},"content":{"rendered":"<p>Przed\u0142u\u017cacz CEE 400 V, 16 A, 5P o d\u0142ugo\u015bci 25 m to niezawodne rozwi\u0105zanie do zasilania urz\u0105dze\u0144 elektrycznych w trudnych warunkach zewn\u0119trznych. Wyposa\u017cony w wtyczk\u0119 oraz gniazdo CEE 400 V, 16 A, 5P, oferuje maksymalne obci\u0105\u017cenie do 400 V, 16 A, 11 kW, co czyni go idealnym wyborem do zastosowa\u0144 przemys\u0142owych oraz budowlanych. Kabel AT-N07V3V3-F 5G2,5 w intensywnym \u017c\u00f3\u0142tym kolorze nie tylko podnosi widoczno\u015b\u0107, ale tak\u017ce zapewnia doskona\u0142\u0105 izolacj\u0119 i odporno\u015b\u0107 na uszkodzenia mechaniczne. Klasa szczelno\u015bci IP44 umo\u017cliwia korzystanie z przed\u0142u\u017cacza w warunkach atmosferycznych, zapewniaj\u0105c jednocze\u015bnie ochron\u0119 przed kurzem i bryzgami wody. Wybierz przed\u0142u\u017cacz CEE, aby skutecznie i bezpiecznie pod\u0142\u0105czy\u0107 swoje urz\u0105dzenia elektryczne tam, gdzie ich potrzebujesz.<\/p>","protected":false},"excerpt":{"rendered":"<div class=\"icons\" style=\"display: flex; flex-wrap: wrap; gap: 5px; align-items: center; margin-top: 10px;\"><img decoding=\"async\" src=\"https:\/\/as-schwabe.de\/wp-content\/uploads\/ikony\/znak_CE.png\" alt=\"\" width=\"50\" height=\"50\" \/><img decoding=\"async\" src=\"https:\/\/as-schwabe.de\/wp-content\/uploads\/ikony\/znak_IP44.png\" alt=\"\" width=\"50\" height=\"50\" \/><img decoding=\"async\" src=\"https:\/\/as-schwabe.de\/wp-content\/uploads\/ikony\/znak_PB.png\" alt=\"\" width=\"50\" height=\"50\" \/><img loading=\"lazy\" decoding=\"async\" src=\"https:\/\/as-schwabe.de\/wp-content\/uploads\/ikony\/znak_Z.png\" alt=\"\" width=\"50\" height=\"50\" \/><img loading=\"lazy\" decoding=\"async\" src=\"https:\/\/as-schwabe.de\/wp-content\/uploads\/ikony\/znak_D.png\" alt=\"\" width=\"50\" height=\"50\" \/><img loading=\"lazy\" decoding=\"async\" src=\"https:\/\/as-schwabe.de\/wp-content\/uploads\/ikony\/znak_DE.png\" alt=\"\" width=\"50\" height=\"40\" \/><\/div>\n<ul>\n<li>Przed\u0142u\u017cacze wysokopr\u0105dowe na plac budowy 25 m AT-N07V3V3-F 5G2,5 <\/li>\n<li>wtyczka CEE i gniazdo CEE z uchyln\u0105 klapk\u0105 <\/li>\n<li>wtyczki i gniazda najnowszej generacji \u201eMade in Germany\u201d <\/li>\n<li>400 V, 5P, 6h <\/li>\n<li>IP44: chroniony przed cia\u0142ami obcymi i bryzgami wody<\/li>\n<\/ul>","protected":false},"featured_media":31152,"template":"","meta":{"inline_featured_image":false},"genre":[509],"product_cat":[518,569],"product_tag":[],"class_list":{"0":"post-32483","1":"product","2":"type-product","3":"status-publish","4":"has-post-thumbnail","6":"product_brand-as-schwabe-pl","7":"product_cat-asortyment-produktow-cee-400-v-pl","8":"product_cat-przedluzacze-cee-i-wtyczki-testujace-cee-pl","10":"first","11":"instock","12":"shipping-taxable","13":"product-type-simple"},"aioseo_notices":[],"_links":{"self":[{"href":"https:\/\/as-schwabe.de\/pl\/wp-json\/wp\/v2\/product\/32483","targetHints":{"allow":["GET"]}}],"collection":[{"href":"https:\/\/as-schwabe.de\/pl\/wp-json\/wp\/v2\/product"}],"about":[{"href":"https:\/\/as-schwabe.de\/pl\/wp-json\/wp\/v2\/types\/product"}],"version-history":[{"count":0,"href":"https:\/\/as-schwabe.de\/pl\/wp-json\/wp\/v2\/product\/32483\/revisions"}],"wp:featuredmedia":[{"embeddable":true,"href":"https:\/\/as-schwabe.de\/pl\/wp-json\/wp\/v2\/media\/31152"}],"wp:attachment":[{"href":"https:\/\/as-schwabe.de\/pl\/wp-json\/wp\/v2\/media?parent=32483"}],"wp:term":[{"taxonomy":"product_brand","embeddable":true,"href":"https:\/\/as-schwabe.de\/pl\/wp-json\/wp\/v2\/genre?post=32483"},{"taxonomy":"product_cat","embeddable":true,"href":"https:\/\/as-schwabe.de\/pl\/wp-json\/wp\/v2\/product_cat?post=32483"},{"taxonomy":"product_tag","embeddable":true,"href":"https:\/\/as-schwabe.de\/pl\/wp-json\/wp\/v2\/product_tag?post=32483"}],"curies":[{"name":"wp","href":"https:\/\/api.w.org\/{rel}","templated":true}]}}