{"id":32478,"date":"2025-09-26T23:32:53","date_gmt":"2025-09-26T23:32:53","guid":{"rendered":"https:\/\/as-schwabe.de\/produkt\/przedluzacz-ze-zm-fazy-cee-400-v-16-a-n07v3v3-f-5g15-10-m-60712\/"},"modified":"2025-10-23T00:17:07","modified_gmt":"2025-10-23T00:17:07","slug":"przedluzacz-ze-zm-fazy-cee-400-v-16-a-n07v3v3-f-5g15-10-m-60712","status":"publish","type":"product","link":"https:\/\/as-schwabe.de\/pl\/produkt\/przedluzacz-ze-zm-fazy-cee-400-v-16-a-n07v3v3-f-5g15-10-m-60712\/","title":{"rendered":"Przed\u0142u\u017cacz ze zmian\u0105 fazy CEE 400 V, 16 A, 5P 10 m AT-N07V3V3-F 5G1,5 | 60712"},"content":{"rendered":"<p>Przed\u0142u\u017cacz ze zmian\u0105 fazy CEE 400 V, 16 A, 5P o d\u0142ugo\u015bci 10 m to profesjonalne rozwi\u0105zanie dla wymagaj\u0105cych aplikacji elektrycznych, zar\u00f3wno w warunkach przemys\u0142owych, jak i w terenie. Wyposa\u017cony w wtyczk\u0119 oraz gniazdo CEE, urz\u0105dzenie umo\u017cliwia niezawodne przesy\u0142anie energii o maksymalnym napi\u0119ciu 400 V oraz pr\u0105dzie do 16 A, co przek\u0142ada si\u0119 na moc a\u017c 11 kW. Dzi\u0119ki klasie ochrony IP44, przed\u0142u\u017cacz jest odporny na wilgo\u0107 oraz py\u0142, co czyni go idealnym do u\u017cytkowania na zewn\u0105trz. Wysokiej jako\u015bci przew\u00f3d AT-N07V3V3-F 5G1,5 w kolorze \u017c\u00f3\u0142tym zapewnia doskona\u0142\u0105 trwa\u0142o\u015b\u0107 i bezpiecze\u0144stwo. Korzystaj\u0105c z tego produktu, u\u017cytkownik zyskuje pewno\u015b\u0107 stabilnego zasilania w r\u00f3\u017cnorodnych zastosowaniach, spe\u0142niaj\u0105c jednocze\u015bnie wysokie standardy bran\u017cowe.<\/p>","protected":false},"excerpt":{"rendered":"<div class=\"icons\" style=\"display: flex; flex-wrap: wrap; gap: 5px; align-items: center; margin-top: 10px;\"><img decoding=\"async\" src=\"https:\/\/as-schwabe.de\/wp-content\/uploads\/ikony\/znak_CE.png\" alt=\"\" width=\"50\" height=\"50\" \/><img decoding=\"async\" src=\"https:\/\/as-schwabe.de\/wp-content\/uploads\/ikony\/znak_IP44.png\" alt=\"\" width=\"50\" height=\"50\" \/><img decoding=\"async\" src=\"https:\/\/as-schwabe.de\/wp-content\/uploads\/ikony\/znak_PB.png\" alt=\"\" width=\"50\" height=\"50\" \/><img loading=\"lazy\" decoding=\"async\" src=\"https:\/\/as-schwabe.de\/wp-content\/uploads\/ikony\/znak_Z.png\" alt=\"\" width=\"50\" height=\"50\" \/><img loading=\"lazy\" decoding=\"async\" src=\"https:\/\/as-schwabe.de\/wp-content\/uploads\/ikony\/znak_D.png\" alt=\"\" width=\"50\" height=\"50\" \/><img loading=\"lazy\" decoding=\"async\" src=\"https:\/\/as-schwabe.de\/wp-content\/uploads\/ikony\/znak_DE.png\" alt=\"\" width=\"50\" height=\"40\" \/><\/div>\n<ul>\n<li>Przed\u0142u\u017cacze wysokopr\u0105dowe na plac budowy 10 m AT-N07V3V3-F 5G1,5 z wtyczk\u0105 zmiennej fazy <\/li>\n<li>wtyczka CEE i gniazdo CEE z uchyln\u0105 klapk\u0105 <\/li>\n<li>wtyczki i gniazda najnowszej generacji \u201eMade in Germany\u201d <\/li>\n<li>400 V, 5P, 6h <\/li>\n<li>IP44: chroniony przed cia\u0142ami obcymi i bryzgami wody<\/li>\n<\/ul>","protected":false},"featured_media":31146,"template":"","meta":{"inline_featured_image":false},"genre":[509],"product_cat":[518,569],"product_tag":[],"class_list":{"0":"post-32478","1":"product","2":"type-product","3":"status-publish","4":"has-post-thumbnail","6":"product_brand-as-schwabe-pl","7":"product_cat-asortyment-produktow-cee-400-v-pl","8":"product_cat-przedluzacze-cee-i-wtyczki-testujace-cee-pl","10":"first","11":"instock","12":"shipping-taxable","13":"product-type-simple"},"aioseo_notices":[],"_links":{"self":[{"href":"https:\/\/as-schwabe.de\/pl\/wp-json\/wp\/v2\/product\/32478","targetHints":{"allow":["GET"]}}],"collection":[{"href":"https:\/\/as-schwabe.de\/pl\/wp-json\/wp\/v2\/product"}],"about":[{"href":"https:\/\/as-schwabe.de\/pl\/wp-json\/wp\/v2\/types\/product"}],"version-history":[{"count":0,"href":"https:\/\/as-schwabe.de\/pl\/wp-json\/wp\/v2\/product\/32478\/revisions"}],"wp:featuredmedia":[{"embeddable":true,"href":"https:\/\/as-schwabe.de\/pl\/wp-json\/wp\/v2\/media\/31146"}],"wp:attachment":[{"href":"https:\/\/as-schwabe.de\/pl\/wp-json\/wp\/v2\/media?parent=32478"}],"wp:term":[{"taxonomy":"product_brand","embeddable":true,"href":"https:\/\/as-schwabe.de\/pl\/wp-json\/wp\/v2\/genre?post=32478"},{"taxonomy":"product_cat","embeddable":true,"href":"https:\/\/as-schwabe.de\/pl\/wp-json\/wp\/v2\/product_cat?post=32478"},{"taxonomy":"product_tag","embeddable":true,"href":"https:\/\/as-schwabe.de\/pl\/wp-json\/wp\/v2\/product_tag?post=32478"}],"curies":[{"name":"wp","href":"https:\/\/api.w.org\/{rel}","templated":true}]}}