{"id":32472,"date":"2025-09-26T23:32:50","date_gmt":"2025-09-26T23:32:50","guid":{"rendered":"https:\/\/as-schwabe.de\/produkt\/rozdzielnica-kompaktowa-mixo-spree-60704\/"},"modified":"2025-10-23T00:17:03","modified_gmt":"2025-10-23T00:17:03","slug":"rozdzielnica-kompaktowa-mixo-spree-60704","status":"publish","type":"product","link":"https:\/\/as-schwabe.de\/pl\/produkt\/rozdzielnica-kompaktowa-mixo-spree-60704\/","title":{"rendered":"Rozdzielnica kompaktowa MIXO &#8211; &#8222;SPREE&#8220; | 60704"},"content":{"rendered":"<p>Rozdzielnica kompaktowa MIXO &#8211; &#8222;SPREE&#8220; to wydajne rozwi\u0105zanie dedykowane dla u\u017cytkownik\u00f3w potrzebuj\u0105cych niezawodnego zasilania w trudnych warunkach, takich jak budowy i przestrzenie zewn\u0119trzne. Wyposa\u017cona w przew\u00f3d zasilaj\u0105cy z wtyczk\u0105 CEE 400 V, 32 A oraz solidne gniazdo CEE 400 V, 16 A, 5P, zapewnia stabilne zasilanie o maksymalnej mocy 22 kW. Dodatkowo, rozdzielnica posiada zabezpieczenie z mo\u017cliwo\u015bci\u0105 ponownego w\u0142\u0105czenia (C 16 A, 3P), co zwi\u0119ksza bezpiecze\u0144stwo u\u017cytkowania. Dzi\u0119ki klasie ochrony IP44, urz\u0105dzenie jest odporne na warunki atmosferyczne, co czyni je idealnym rozwi\u0105zaniem do zastosowa\u0144 na \u015bwie\u017cym powietrzu. Wybieraj\u0105c MIXO &#8211; &#8222;SPREE&#8220;, zyskujesz pewno\u015b\u0107 niezawodno\u015bci i wygod\u0119 w codziennym u\u017cytkowaniu.<\/p>","protected":false},"excerpt":{"rendered":"<div class=\"icons\" style=\"display: flex; flex-wrap: wrap; gap: 5px; align-items: center; margin-top: 10px;\"><img decoding=\"async\" src=\"https:\/\/as-schwabe.de\/wp-content\/uploads\/ikony\/znak_CE.png\" alt=\"\" width=\"50\" height=\"50\" \/><img decoding=\"async\" src=\"https:\/\/as-schwabe.de\/wp-content\/uploads\/ikony\/znak_IP44.png\" alt=\"\" width=\"50\" height=\"50\" \/><img decoding=\"async\" src=\"https:\/\/as-schwabe.de\/wp-content\/uploads\/ikony\/znak_PB.png\" alt=\"\" width=\"50\" height=\"50\" \/><img loading=\"lazy\" decoding=\"async\" src=\"https:\/\/as-schwabe.de\/wp-content\/uploads\/ikony\/znak_Z.png\" alt=\"\" width=\"50\" height=\"50\" \/><img loading=\"lazy\" decoding=\"async\" src=\"https:\/\/as-schwabe.de\/wp-content\/uploads\/ikony\/znak_D.png\" alt=\"\" width=\"50\" height=\"50\" \/><img loading=\"lazy\" decoding=\"async\" src=\"https:\/\/as-schwabe.de\/wp-content\/uploads\/ikony\/znak_DE.png\" alt=\"\" width=\"50\" height=\"40\" \/><\/div>\n<ul>\n<li>Rozdzielnice kompaktowe MIXO CEE 32 A <\/li>\n<li>solidna obudowa wykonana z wytrzyma\u0142ego, bardzo odpornego na uszkodzenia specjalnego tworzywa sztucznego i zajmuj\u0105ca niewiele miejsca konstrukcja <\/li>\n<li>r\u00f3\u017cnorodne konstrukcje do r\u00f3\u017cnych zastosowa\u0144 mobilnych na placu budowy <\/li>\n<li>IP44: chroniony przed cia\u0142ami obcymi i bryzgami wody<\/li>\n<\/ul>","protected":false},"featured_media":31139,"template":"","meta":{"inline_featured_image":false},"genre":[509],"product_cat":[518,579],"product_tag":[],"class_list":{"0":"post-32472","1":"product","2":"type-product","3":"status-publish","4":"has-post-thumbnail","6":"product_brand-as-schwabe-pl","7":"product_cat-asortyment-produktow-cee-400-v-pl","8":"product_cat-rozdzielnice-kompaktowe-mixo-cee-pl","10":"first","11":"instock","12":"shipping-taxable","13":"product-type-simple"},"aioseo_notices":[],"_links":{"self":[{"href":"https:\/\/as-schwabe.de\/pl\/wp-json\/wp\/v2\/product\/32472","targetHints":{"allow":["GET"]}}],"collection":[{"href":"https:\/\/as-schwabe.de\/pl\/wp-json\/wp\/v2\/product"}],"about":[{"href":"https:\/\/as-schwabe.de\/pl\/wp-json\/wp\/v2\/types\/product"}],"version-history":[{"count":0,"href":"https:\/\/as-schwabe.de\/pl\/wp-json\/wp\/v2\/product\/32472\/revisions"}],"wp:featuredmedia":[{"embeddable":true,"href":"https:\/\/as-schwabe.de\/pl\/wp-json\/wp\/v2\/media\/31139"}],"wp:attachment":[{"href":"https:\/\/as-schwabe.de\/pl\/wp-json\/wp\/v2\/media?parent=32472"}],"wp:term":[{"taxonomy":"product_brand","embeddable":true,"href":"https:\/\/as-schwabe.de\/pl\/wp-json\/wp\/v2\/genre?post=32472"},{"taxonomy":"product_cat","embeddable":true,"href":"https:\/\/as-schwabe.de\/pl\/wp-json\/wp\/v2\/product_cat?post=32472"},{"taxonomy":"product_tag","embeddable":true,"href":"https:\/\/as-schwabe.de\/pl\/wp-json\/wp\/v2\/product_tag?post=32472"}],"curies":[{"name":"wp","href":"https:\/\/api.w.org\/{rel}","templated":true}]}}