{"id":32471,"date":"2025-09-26T23:32:49","date_gmt":"2025-09-26T23:32:49","guid":{"rendered":"https:\/\/as-schwabe.de\/produkt\/rozdzielnica-kompaktowa-mixo-nahe-60703\/"},"modified":"2025-10-23T00:17:03","modified_gmt":"2025-10-23T00:17:03","slug":"rozdzielnica-kompaktowa-mixo-nahe-60703","status":"publish","type":"product","link":"https:\/\/as-schwabe.de\/pl\/produkt\/rozdzielnica-kompaktowa-mixo-nahe-60703\/","title":{"rendered":"Rozdzielnica kompaktowa MIXO &#8211; &#8222;NAHE&#8220; | 60703"},"content":{"rendered":"<p>Rozdzielnica kompaktowa MIXO &#8211; &#8222;NAHE&#8220; to niezawodne rozwi\u0105zanie dla profesjonalnych zastosowa\u0144 na budowach oraz w warunkach zewn\u0119trznych. Wyposa\u017cona w wej\u015bcie z wtyczk\u0105 tablicow\u0105 CEE 400 V, 32 A, 5P oraz jedno gniazdo CEE 400 V, 16 A, 5P, zapewnia elastyczno\u015b\u0107 w pod\u0142\u0105czeniu urz\u0105dze\u0144 elektrycznych. Zastosowane zabezpieczenie (C 16 A, 3P) gwarantuje maksymalne bezpiecze\u0144stwo podczas pracy z danymi parametrami: 400 V, 32 A, 22 kW. Klasa ochrony IP44 sprawia, \u017ce rozdzielnica jest odporna na dzia\u0142anie wilgoci i py\u0142u, co czyni j\u0105 idealnym wyborem do u\u017cytku na zewn\u0105trz. MIXO &#8211; &#8222;NAHE&#8220; to odpowied\u017a na potrzeby profesjonalist\u00f3w poszukuj\u0105cych wydajnych i trwa\u0142ych rozwi\u0105za\u0144 w obszarze elektrotechniki.<\/p>","protected":false},"excerpt":{"rendered":"<div class=\"icons\" style=\"display: flex; flex-wrap: wrap; gap: 5px; align-items: center; margin-top: 10px;\"><img decoding=\"async\" src=\"https:\/\/as-schwabe.de\/wp-content\/uploads\/ikony\/znak_CE.png\" alt=\"\" width=\"50\" height=\"50\" \/><img decoding=\"async\" src=\"https:\/\/as-schwabe.de\/wp-content\/uploads\/ikony\/znak_IP44.png\" alt=\"\" width=\"50\" height=\"50\" \/><img decoding=\"async\" src=\"https:\/\/as-schwabe.de\/wp-content\/uploads\/ikony\/znak_PB.png\" alt=\"\" width=\"50\" height=\"50\" \/><img loading=\"lazy\" decoding=\"async\" src=\"https:\/\/as-schwabe.de\/wp-content\/uploads\/ikony\/znak_Z.png\" alt=\"\" width=\"50\" height=\"50\" \/><img loading=\"lazy\" decoding=\"async\" src=\"https:\/\/as-schwabe.de\/wp-content\/uploads\/ikony\/znak_D.png\" alt=\"\" width=\"50\" height=\"50\" \/><img loading=\"lazy\" decoding=\"async\" src=\"https:\/\/as-schwabe.de\/wp-content\/uploads\/ikony\/znak_DE.png\" alt=\"\" width=\"50\" height=\"40\" \/><\/div>\n<ul>\n<li>Rozdzielnice kompaktowe MIXO CEE 32 A <\/li>\n<li>solidna obudowa wykonana z wytrzyma\u0142ego, bardzo odpornego na uszkodzenia specjalnego tworzywa sztucznego i zajmuj\u0105ca niewiele miejsca konstrukcja <\/li>\n<li>r\u00f3\u017cnorodne konstrukcje do r\u00f3\u017cnych zastosowa\u0144 mobilnych na placu budowy <\/li>\n<li>IP44: chroniony przed cia\u0142ami obcymi i bryzgami wody<\/li>\n<\/ul>","protected":false},"featured_media":31137,"template":"","meta":{"inline_featured_image":false},"genre":[509],"product_cat":[518,579],"product_tag":[],"class_list":{"0":"post-32471","1":"product","2":"type-product","3":"status-publish","4":"has-post-thumbnail","6":"product_brand-as-schwabe-pl","7":"product_cat-asortyment-produktow-cee-400-v-pl","8":"product_cat-rozdzielnice-kompaktowe-mixo-cee-pl","10":"first","11":"instock","12":"shipping-taxable","13":"product-type-simple"},"aioseo_notices":[],"_links":{"self":[{"href":"https:\/\/as-schwabe.de\/pl\/wp-json\/wp\/v2\/product\/32471","targetHints":{"allow":["GET"]}}],"collection":[{"href":"https:\/\/as-schwabe.de\/pl\/wp-json\/wp\/v2\/product"}],"about":[{"href":"https:\/\/as-schwabe.de\/pl\/wp-json\/wp\/v2\/types\/product"}],"version-history":[{"count":0,"href":"https:\/\/as-schwabe.de\/pl\/wp-json\/wp\/v2\/product\/32471\/revisions"}],"wp:featuredmedia":[{"embeddable":true,"href":"https:\/\/as-schwabe.de\/pl\/wp-json\/wp\/v2\/media\/31137"}],"wp:attachment":[{"href":"https:\/\/as-schwabe.de\/pl\/wp-json\/wp\/v2\/media?parent=32471"}],"wp:term":[{"taxonomy":"product_brand","embeddable":true,"href":"https:\/\/as-schwabe.de\/pl\/wp-json\/wp\/v2\/genre?post=32471"},{"taxonomy":"product_cat","embeddable":true,"href":"https:\/\/as-schwabe.de\/pl\/wp-json\/wp\/v2\/product_cat?post=32471"},{"taxonomy":"product_tag","embeddable":true,"href":"https:\/\/as-schwabe.de\/pl\/wp-json\/wp\/v2\/product_tag?post=32471"}],"curies":[{"name":"wp","href":"https:\/\/api.w.org\/{rel}","templated":true}]}}