{"id":32470,"date":"2025-09-26T23:32:48","date_gmt":"2025-09-26T23:32:48","guid":{"rendered":"https:\/\/as-schwabe.de\/produkt\/przedluzacz-z-kolcem-do-ziemi-2-gn-h07rn-f-3g15-2-m-60680\/"},"modified":"2025-10-23T00:17:02","modified_gmt":"2025-10-23T00:17:02","slug":"przedluzacz-z-kolcem-do-ziemi-2-gn-h07rn-f-3g15-2-m-60680","status":"publish","type":"product","link":"https:\/\/as-schwabe.de\/pl\/produkt\/przedluzacz-z-kolcem-do-ziemi-2-gn-h07rn-f-3g15-2-m-60680\/","title":{"rendered":"Przed\u0142u\u017cacz z kolcem do wbijania w ziemi\u0119 2-gniazdowy 2 m H07RN-F 3G1,5 CZA IP44 | 60680"},"content":{"rendered":"<p>Przed\u0142u\u017cacz z kolcem do wbijania w ziemi\u0119 o d\u0142ugo\u015bci 2 metr\u00f3w to idealne rozwi\u0105zanie dla os\u00f3b potrzebuj\u0105cych mobilnego zasilania w ogrodzie, na tarasie czy podczas imprez plenerowych. Wyposa\u017cony w dwa gniazda z uziemieniem (2P+Z) o klasie ochrony IP44, zapewnia bezpieczne u\u017cytkowanie na \u015bwie\u017cym powietrzu. Wtyczka prosta 2P+Z r\u00f3wnie\u017c o klasie IP44 umo\u017cliwia \u0142atwe pod\u0142\u0105czenie do \u017ar\u00f3d\u0142a zasilania, zapewniaj\u0105c maksymalne napi\u0119cie 230 V oraz obci\u0105\u017cenie do 16 A i 3500 W. Przew\u00f3d H07RN-F 3G1,5 jest odporny na niekorzystne warunki atmosferyczne, co sprawia, \u017ce produkt doskonale sprawdzi si\u0119 w ka\u017cdym otoczeniu. Dzi\u0119ki \u0142atwej instalacji w ziemi, u\u017cytkownik zyskuje komfort i swobod\u0119 korzystania z urz\u0105dze\u0144 elektrycznych w dowolnym miejscu na zewn\u0105trz.<\/p>","protected":false},"excerpt":{"rendered":"<div class=\"icons\" style=\"display: flex; flex-wrap: wrap; gap: 5px; align-items: center; margin-top: 10px;\"><img decoding=\"async\" src=\"https:\/\/as-schwabe.de\/wp-content\/uploads\/ikony\/znak_SCH.png\" alt=\"\" width=\"45\" height=\"50\" \/><img decoding=\"async\" src=\"https:\/\/as-schwabe.de\/wp-content\/uploads\/ikony\/znak_CE.png\" alt=\"\" width=\"50\" height=\"50\" \/><img decoding=\"async\" src=\"https:\/\/as-schwabe.de\/wp-content\/uploads\/ikony\/znak_IP44.png\" alt=\"\" width=\"50\" height=\"50\" \/><img loading=\"lazy\" decoding=\"async\" src=\"https:\/\/as-schwabe.de\/wp-content\/uploads\/ikony\/znak_Z.png\" alt=\"\" width=\"50\" height=\"50\" \/><img loading=\"lazy\" decoding=\"async\" src=\"https:\/\/as-schwabe.de\/wp-content\/uploads\/ikony\/znak_D.png\" alt=\"\" width=\"50\" height=\"50\" \/><\/div>\n<ul>\n<li>z odpornego na warunki atmosferyczne i p\u0119kni\u0119cia specjalnego tworzywa sztucznego <\/li>\n<li>2 m neoprenowy przew\u00f3d H07RN-F 3G1,5 <\/li>\n<li>IP44: chroniony przed cia\u0142ami obcymi i bryzgami wody <\/li>\n<li>230 V, 16 A<\/li>\n<\/ul>","protected":false},"featured_media":31132,"template":"","meta":{"inline_featured_image":false},"genre":[509],"product_cat":[525,526],"product_tag":[],"class_list":{"0":"post-32470","1":"product","2":"type-product","3":"status-publish","4":"has-post-thumbnail","6":"product_brand-as-schwabe-pl","7":"product_cat-dom-i-ogrod-2-pl","8":"product_cat-przedluzacze-listwowe-i-rozgalezniki-pl","10":"first","11":"instock","12":"shipping-taxable","13":"product-type-simple"},"aioseo_notices":[],"_links":{"self":[{"href":"https:\/\/as-schwabe.de\/pl\/wp-json\/wp\/v2\/product\/32470","targetHints":{"allow":["GET"]}}],"collection":[{"href":"https:\/\/as-schwabe.de\/pl\/wp-json\/wp\/v2\/product"}],"about":[{"href":"https:\/\/as-schwabe.de\/pl\/wp-json\/wp\/v2\/types\/product"}],"version-history":[{"count":0,"href":"https:\/\/as-schwabe.de\/pl\/wp-json\/wp\/v2\/product\/32470\/revisions"}],"wp:featuredmedia":[{"embeddable":true,"href":"https:\/\/as-schwabe.de\/pl\/wp-json\/wp\/v2\/media\/31132"}],"wp:attachment":[{"href":"https:\/\/as-schwabe.de\/pl\/wp-json\/wp\/v2\/media?parent=32470"}],"wp:term":[{"taxonomy":"product_brand","embeddable":true,"href":"https:\/\/as-schwabe.de\/pl\/wp-json\/wp\/v2\/genre?post=32470"},{"taxonomy":"product_cat","embeddable":true,"href":"https:\/\/as-schwabe.de\/pl\/wp-json\/wp\/v2\/product_cat?post=32470"},{"taxonomy":"product_tag","embeddable":true,"href":"https:\/\/as-schwabe.de\/pl\/wp-json\/wp\/v2\/product_tag?post=32470"}],"curies":[{"name":"wp","href":"https:\/\/api.w.org\/{rel}","templated":true}]}}