{"id":32469,"date":"2025-09-26T23:32:47","date_gmt":"2025-09-26T23:32:47","guid":{"rendered":"https:\/\/as-schwabe.de\/produkt\/przedluzacz-budowlany-4-gn-z-hakiem-h07rn-f-3g15-5-m-60673\/"},"modified":"2025-10-23T00:17:02","modified_gmt":"2025-10-23T00:17:02","slug":"przedluzacz-budowlany-4-gn-z-hakiem-h07rn-f-3g15-5-m-60673","status":"publish","type":"product","link":"https:\/\/as-schwabe.de\/pl\/produkt\/przedluzacz-budowlany-4-gn-z-hakiem-h07rn-f-3g15-5-m-60673\/","title":{"rendered":"Przed\u0142u\u017cacz budowlany 4-gniazdowy z hakiem 5 m H07RN-F 3G1,5 IP44 | 60673"},"content":{"rendered":"<p>Przed\u0142u\u017cacz listwowy budowlany 4-gniazdowy z hakiem to niezawodne rozwi\u0105zanie do zasilania narz\u0119dzi oraz urz\u0105dze\u0144 elektrycznych zar\u00f3wno na budowie, jak i na zewn\u0105trz. Wykonany z wysokiej jako\u015bci materia\u0142\u00f3w, oferuje 4 gniazda IP44, co zapewnia wysoki poziom ochrony przed wod\u0105 i kurzem, idealny do trudnych warunk\u00f3w atmosferycznych. Jego d\u0142ugo\u015b\u0107 5 metr\u00f3w oraz wtyczka IP44 230 V, 16 A umo\u017cliwiaj\u0105 \u0142atwe po\u0142\u0105czenie z zasilaniem. Produkt obs\u0142uguje maksymalne obci\u0105\u017cenie 3500 W, co czyni go odpowiednim do pracy z r\u00f3\u017cnymi urz\u0105dzeniami. Dodatkowo, zastosowany przew\u00f3d H07RN-F 3G1,5 gwarantuje elastyczno\u015b\u0107 i trwa\u0142o\u015b\u0107 w ka\u017cdych warunkach eksploatacji. Przed\u0142u\u017cacz stanowi doskona\u0142e wsparcie dla profesjonalist\u00f3w w bran\u017cy budowlanej oraz dla amator\u00f3w pracuj\u0105cych w ogrodzie lub na dzia\u0142ce.<\/p>","protected":false},"excerpt":{"rendered":"<div class=\"icons\" style=\"display: flex; flex-wrap: wrap; gap: 5px; align-items: center; margin-top: 10px;\"><img decoding=\"async\" src=\"https:\/\/as-schwabe.de\/wp-content\/uploads\/ikony\/znak_SCH.png\" alt=\"\" width=\"45\" height=\"50\" \/><img decoding=\"async\" src=\"https:\/\/as-schwabe.de\/wp-content\/uploads\/ikony\/znak_CE.png\" alt=\"\" width=\"50\" height=\"50\" \/><img decoding=\"async\" src=\"https:\/\/as-schwabe.de\/wp-content\/uploads\/ikony\/znak_IP44.png\" alt=\"\" width=\"50\" height=\"50\" \/><img loading=\"lazy\" decoding=\"async\" src=\"https:\/\/as-schwabe.de\/wp-content\/uploads\/ikony\/znak_PB.png\" alt=\"\" width=\"50\" height=\"50\" \/><img loading=\"lazy\" decoding=\"async\" src=\"https:\/\/as-schwabe.de\/wp-content\/uploads\/ikony\/znak_Z.png\" alt=\"\" width=\"50\" height=\"50\" \/><img loading=\"lazy\" decoding=\"async\" src=\"https:\/\/as-schwabe.de\/wp-content\/uploads\/ikony\/znak_D.png\" alt=\"\" width=\"50\" height=\"50\" \/><img loading=\"lazy\" decoding=\"async\" src=\"https:\/\/as-schwabe.de\/wp-content\/uploads\/ikony\/znak_DG.png\" alt=\"\" width=\"50\" height=\"50\" \/><\/div>\n<ul>\n<li>IP44: chroniony przed cia\u0142ami obcymi i bryzgami wody <\/li>\n<li>wytrzyma\u0142a konstrukcja do u\u017cytku na zewn\u0105trz <\/li>\n<li>z hakiem do zawieszenia <\/li>\n<li>z wtyczk\u0105 z uziemieniem <\/li>\n<li>gniazda z uziemieniem z samozamykaj\u0105cymi si\u0119 klapkami <\/li>\n<li>IP44: chroniony przed cia\u0142ami obcymi i bryzgami wody <\/li>\n<li>230 V, 16 A<\/li>\n<\/ul>","protected":false},"featured_media":31129,"template":"","meta":{"inline_featured_image":false},"genre":[509],"product_cat":[544,568],"product_tag":[],"class_list":{"0":"post-32469","1":"product","2":"type-product","3":"status-publish","4":"has-post-thumbnail","6":"product_brand-as-schwabe-pl","7":"product_cat-przedluzacze-2-pl","8":"product_cat-do-uzytku-na-zewnatrz-2-pl","10":"first","11":"instock","12":"shipping-taxable","13":"product-type-simple"},"aioseo_notices":[],"_links":{"self":[{"href":"https:\/\/as-schwabe.de\/pl\/wp-json\/wp\/v2\/product\/32469","targetHints":{"allow":["GET"]}}],"collection":[{"href":"https:\/\/as-schwabe.de\/pl\/wp-json\/wp\/v2\/product"}],"about":[{"href":"https:\/\/as-schwabe.de\/pl\/wp-json\/wp\/v2\/types\/product"}],"version-history":[{"count":0,"href":"https:\/\/as-schwabe.de\/pl\/wp-json\/wp\/v2\/product\/32469\/revisions"}],"wp:featuredmedia":[{"embeddable":true,"href":"https:\/\/as-schwabe.de\/pl\/wp-json\/wp\/v2\/media\/31129"}],"wp:attachment":[{"href":"https:\/\/as-schwabe.de\/pl\/wp-json\/wp\/v2\/media?parent=32469"}],"wp:term":[{"taxonomy":"product_brand","embeddable":true,"href":"https:\/\/as-schwabe.de\/pl\/wp-json\/wp\/v2\/genre?post=32469"},{"taxonomy":"product_cat","embeddable":true,"href":"https:\/\/as-schwabe.de\/pl\/wp-json\/wp\/v2\/product_cat?post=32469"},{"taxonomy":"product_tag","embeddable":true,"href":"https:\/\/as-schwabe.de\/pl\/wp-json\/wp\/v2\/product_tag?post=32469"}],"curies":[{"name":"wp","href":"https:\/\/api.w.org\/{rel}","templated":true}]}}