{"id":32468,"date":"2025-09-26T23:32:46","date_gmt":"2025-09-26T23:32:46","guid":{"rendered":"https:\/\/as-schwabe.de\/produkt\/przedluzacz-budowlany-4-gn-z-hakiem-h07rn-f-3g15-10-m-60671\/"},"modified":"2025-10-23T00:17:02","modified_gmt":"2025-10-23T00:17:02","slug":"przedluzacz-budowlany-4-gn-z-hakiem-h07rn-f-3g15-10-m-60671","status":"publish","type":"product","link":"https:\/\/as-schwabe.de\/pl\/produkt\/przedluzacz-budowlany-4-gn-z-hakiem-h07rn-f-3g15-10-m-60671\/","title":{"rendered":"Przed\u0142u\u017cacz budowlany 4-gniazdowy z hakiem 10 m H07RN-F 3G1,5 IP44 | 60671"},"content":{"rendered":"<p>Przed\u0142u\u017cacz listwowy budowlany 4-gniazdowy H07RN-F 3G1,5 to niezawodne rozwi\u0105zanie do zasilania urz\u0105dze\u0144 na budowie oraz w warunkach zewn\u0119trznych. Oferuje wej\u015bcie z wtyczk\u0105 IP44 (230 V, 16 A, 2P+Z) oraz dwa gniazda IP44 (230 V, 16 A), co zapewnia bezpieczne i \u0142atwe pod\u0142\u0105czenie sprz\u0119tu. Dzi\u0119ki d\u0142ugo\u015bci 10 m i klasie ochrony IP44, produkt idealnie sprawdzi si\u0119 w trudnych warunkach, zapewniaj\u0105c maksymaln\u0105 moc 3500 W. Haki wbudowane w konstrukcj\u0119 umo\u017cliwiaj\u0105 wygodne zawieszenie przed\u0142u\u017cacza, co zwi\u0119ksza jego funkcjonalno\u015b\u0107 i ergonomi\u0119 u\u017cytkowania. To solidne i praktyczne rozwi\u0105zanie, kt\u00f3re podnosi komfort pracy na budowie i w terenie.<\/p>","protected":false},"excerpt":{"rendered":"<div class=\"icons\" style=\"display: flex; flex-wrap: wrap; gap: 5px; align-items: center; margin-top: 10px;\"><img decoding=\"async\" src=\"https:\/\/as-schwabe.de\/wp-content\/uploads\/ikony\/znak_SCH.png\" alt=\"\" width=\"45\" height=\"50\" \/><img decoding=\"async\" src=\"https:\/\/as-schwabe.de\/wp-content\/uploads\/ikony\/znak_CE.png\" alt=\"\" width=\"50\" height=\"50\" \/><img decoding=\"async\" src=\"https:\/\/as-schwabe.de\/wp-content\/uploads\/ikony\/znak_IP44.png\" alt=\"\" width=\"50\" height=\"50\" \/><img loading=\"lazy\" decoding=\"async\" src=\"https:\/\/as-schwabe.de\/wp-content\/uploads\/ikony\/znak_PB.png\" alt=\"\" width=\"50\" height=\"50\" \/><img loading=\"lazy\" decoding=\"async\" src=\"https:\/\/as-schwabe.de\/wp-content\/uploads\/ikony\/znak_Z.png\" alt=\"\" width=\"50\" height=\"50\" \/><img loading=\"lazy\" decoding=\"async\" src=\"https:\/\/as-schwabe.de\/wp-content\/uploads\/ikony\/znak_D.png\" alt=\"\" width=\"50\" height=\"50\" \/><img loading=\"lazy\" decoding=\"async\" src=\"https:\/\/as-schwabe.de\/wp-content\/uploads\/ikony\/znak_DG.png\" alt=\"\" width=\"50\" height=\"50\" \/><\/div>\n<ul>\n<li>IP44: chroniony przed cia\u0142ami obcymi i bryzgami wody <\/li>\n<li>wytrzyma\u0142a konstrukcja do u\u017cytku na zewn\u0105trz <\/li>\n<li>z hakiem do zawieszenia <\/li>\n<li>z wtyczk\u0105 z uziemieniem <\/li>\n<li>gniazda z uziemieniem z samozamykaj\u0105cymi si\u0119 klapkami <\/li>\n<li>IP44: chroniony przed cia\u0142ami obcymi i bryzgami wody <\/li>\n<li>230 V, 16 A<\/li>\n<\/ul>","protected":false},"featured_media":31130,"template":"","meta":{"inline_featured_image":false},"genre":[509],"product_cat":[544,568],"product_tag":[],"class_list":{"0":"post-32468","1":"product","2":"type-product","3":"status-publish","4":"has-post-thumbnail","6":"product_brand-as-schwabe-pl","7":"product_cat-przedluzacze-2-pl","8":"product_cat-do-uzytku-na-zewnatrz-2-pl","10":"first","11":"instock","12":"shipping-taxable","13":"product-type-simple"},"aioseo_notices":[],"_links":{"self":[{"href":"https:\/\/as-schwabe.de\/pl\/wp-json\/wp\/v2\/product\/32468","targetHints":{"allow":["GET"]}}],"collection":[{"href":"https:\/\/as-schwabe.de\/pl\/wp-json\/wp\/v2\/product"}],"about":[{"href":"https:\/\/as-schwabe.de\/pl\/wp-json\/wp\/v2\/types\/product"}],"version-history":[{"count":0,"href":"https:\/\/as-schwabe.de\/pl\/wp-json\/wp\/v2\/product\/32468\/revisions"}],"wp:featuredmedia":[{"embeddable":true,"href":"https:\/\/as-schwabe.de\/pl\/wp-json\/wp\/v2\/media\/31130"}],"wp:attachment":[{"href":"https:\/\/as-schwabe.de\/pl\/wp-json\/wp\/v2\/media?parent=32468"}],"wp:term":[{"taxonomy":"product_brand","embeddable":true,"href":"https:\/\/as-schwabe.de\/pl\/wp-json\/wp\/v2\/genre?post=32468"},{"taxonomy":"product_cat","embeddable":true,"href":"https:\/\/as-schwabe.de\/pl\/wp-json\/wp\/v2\/product_cat?post=32468"},{"taxonomy":"product_tag","embeddable":true,"href":"https:\/\/as-schwabe.de\/pl\/wp-json\/wp\/v2\/product_tag?post=32468"}],"curies":[{"name":"wp","href":"https:\/\/api.w.org\/{rel}","templated":true}]}}