{"id":32467,"date":"2025-09-26T23:32:46","date_gmt":"2025-09-26T23:32:46","guid":{"rendered":"https:\/\/as-schwabe.de\/produkt\/gniazdo-rozgaleziacz-4-krotny-z-tworzywa-230-v-16-a-cza-60600\/"},"modified":"2025-10-23T00:17:01","modified_gmt":"2025-10-23T00:17:01","slug":"gniazdo-rozgaleziacz-4-krotny-z-tworzywa-230-v-16-a-cza-60600","status":"publish","type":"product","link":"https:\/\/as-schwabe.de\/pl\/produkt\/gniazdo-rozgaleziacz-4-krotny-z-tworzywa-230-v-16-a-cza-60600\/","title":{"rendered":"Gniazdo rozga\u0142\u0119ziacz 4-krotny z tworzywa 230 V, 16 A 2P+Z CZA IP44 | 60600"},"content":{"rendered":"<p>Gniazdo rozga\u0142\u0119ziacz 4-krotny z tworzywa 230 V, 16 A, 2P+Z w kolorze czarnym to idealne rozwi\u0105zanie dla os\u00f3b potrzebuj\u0105cych wydajnego zasilania w trudnych warunkach. Jego konstrukcja o klasie szczelno\u015bci IP44 zapewnia wysok\u0105 odporno\u015b\u0107 na dzia\u0142anie wody i py\u0142u, co czyni go doskona\u0142ym wyborem do u\u017cytku na zewn\u0105trz oraz na budowach. Dzi\u0119ki czterem gniazdom mo\u017cesz jednocze\u015bnie zasila\u0107 kilka urz\u0105dze\u0144, co zwi\u0119ksza wygod\u0119 i efektywno\u015b\u0107 pracy. Wysoka warto\u015b\u0107 pr\u0105dowa 16 A umo\u017cliwia pod\u0142\u0105czenie ci\u0119\u017cszych urz\u0105dze\u0144 elektrycznych, a solidne materia\u0142y u\u017cyte w produkcji gwarantuj\u0105 trwa\u0142o\u015b\u0107 i niezawodno\u015b\u0107 przez d\u0142ugie lata. To gniazdo to niezast\u0105piony element wyposa\u017cenia ka\u017cdego profesjonalisty.<\/p>","protected":false},"excerpt":{"rendered":"<div class=\"icons\" style=\"display: flex; flex-wrap: wrap; gap: 5px; align-items: center; margin-top: 10px;\"><img decoding=\"async\" src=\"https:\/\/as-schwabe.de\/wp-content\/uploads\/ikony\/znak_SCH.png\" alt=\"\" width=\"45\" height=\"50\" \/><img decoding=\"async\" src=\"https:\/\/as-schwabe.de\/wp-content\/uploads\/ikony\/znak_IP44.png\" alt=\"\" width=\"50\" height=\"50\" \/><img decoding=\"async\" src=\"https:\/\/as-schwabe.de\/wp-content\/uploads\/ikony\/znak_PB.png\" alt=\"\" width=\"50\" height=\"50\" \/><img loading=\"lazy\" decoding=\"async\" src=\"https:\/\/as-schwabe.de\/wp-content\/uploads\/ikony\/znak_Z.png\" alt=\"\" width=\"50\" height=\"50\" \/><img loading=\"lazy\" decoding=\"async\" src=\"https:\/\/as-schwabe.de\/wp-content\/uploads\/ikony\/znak_D.png\" alt=\"\" width=\"50\" height=\"50\" \/><\/div>\n<ul>\n<li>rozga\u0142\u0119ziacz 4-gniazdowy <\/li>\n<li>dopuszczone do stosowania na budowach i w rolnictwie <\/li>\n<li>z odpornego na p\u0119kanie, specjalnego tworzywa sztucznego z oczkiem do zawieszenia gniazda <\/li>\n<li>do pod\u0142\u0105czenia przewod\u00f3w o \u015brednicy maks. 2,5 mm2 <\/li>\n<li>IP44: chroniony przed cia\u0142ami obcymi i bryzgami wody <\/li>\n<li>230 V, 16 A<\/li>\n<\/ul>","protected":false},"featured_media":31127,"template":"","meta":{"inline_featured_image":false},"genre":[509],"product_cat":[523,552],"product_tag":[],"class_list":{"0":"post-32467","1":"product","2":"type-product","3":"status-publish","4":"has-post-thumbnail","6":"product_brand-as-schwabe-pl","7":"product_cat-produkty-do-samodzielnego-montazu-pl","8":"product_cat-gniazda-i-rozgaleziacze-gniazd-pl","10":"first","11":"instock","12":"shipping-taxable","13":"product-type-simple"},"aioseo_notices":[],"_links":{"self":[{"href":"https:\/\/as-schwabe.de\/pl\/wp-json\/wp\/v2\/product\/32467","targetHints":{"allow":["GET"]}}],"collection":[{"href":"https:\/\/as-schwabe.de\/pl\/wp-json\/wp\/v2\/product"}],"about":[{"href":"https:\/\/as-schwabe.de\/pl\/wp-json\/wp\/v2\/types\/product"}],"version-history":[{"count":0,"href":"https:\/\/as-schwabe.de\/pl\/wp-json\/wp\/v2\/product\/32467\/revisions"}],"wp:featuredmedia":[{"embeddable":true,"href":"https:\/\/as-schwabe.de\/pl\/wp-json\/wp\/v2\/media\/31127"}],"wp:attachment":[{"href":"https:\/\/as-schwabe.de\/pl\/wp-json\/wp\/v2\/media?parent=32467"}],"wp:term":[{"taxonomy":"product_brand","embeddable":true,"href":"https:\/\/as-schwabe.de\/pl\/wp-json\/wp\/v2\/genre?post=32467"},{"taxonomy":"product_cat","embeddable":true,"href":"https:\/\/as-schwabe.de\/pl\/wp-json\/wp\/v2\/product_cat?post=32467"},{"taxonomy":"product_tag","embeddable":true,"href":"https:\/\/as-schwabe.de\/pl\/wp-json\/wp\/v2\/product_tag?post=32467"}],"curies":[{"name":"wp","href":"https:\/\/api.w.org\/{rel}","templated":true}]}}