{"id":32466,"date":"2025-09-26T23:32:45","date_gmt":"2025-09-26T23:32:45","guid":{"rendered":"https:\/\/as-schwabe.de\/produkt\/przedluzacz-ze-zm-fazy-cee-400-v-16-a-h07rn-f-5g15-5-m-60595\/"},"modified":"2025-10-23T00:17:01","modified_gmt":"2025-10-23T00:17:01","slug":"przedluzacz-ze-zm-fazy-cee-400-v-16-a-h07rn-f-5g15-5-m-60595","status":"publish","type":"product","link":"https:\/\/as-schwabe.de\/pl\/produkt\/przedluzacz-ze-zm-fazy-cee-400-v-16-a-h07rn-f-5g15-5-m-60595\/","title":{"rendered":"Przed\u0142u\u017cacz ze zmian\u0105 fazy CEE 400 V, 16 A, 5P 5 m H07RN-F 5G1,5 | 60595"},"content":{"rendered":"<p>Przed\u0142u\u017cacz ze zmian\u0105 fazy CEE 400 V, 16 A, 5P o d\u0142ugo\u015bci 5 m to niezawodne rozwi\u0105zanie dla profesjonalnych zastosowa\u0144 w trudnych warunkach. Wyposa\u017cony w wtyczk\u0119 ze zmian\u0105 fazy oraz gniazdo CEE 400 V, 16 A, 5P, umo\u017cliwia efektywne zasilanie urz\u0105dze\u0144 w konfiguracji tr\u00f3jfazowej. \u017by\u0142a H07RN-F 5G1,5 w czarnym kolorze zapewnia odporno\u015b\u0107 na uszkodzenia mechaniczne oraz wysok\u0105 elastyczno\u015b\u0107, co sprawia, \u017ce jest idealny do zastosowa\u0144 na budowach oraz na zewn\u0105trz. Z certyfikatem IP44, produkt jest odporny na wilgo\u0107 i py\u0142, co zwi\u0119ksza jego uniwersalno\u015b\u0107 i bezpiecze\u0144stwo u\u017cytkowania w ka\u017cdych warunkach. Z maksymaln\u0105 moc\u0105 11 kW, przed\u0142u\u017cacz ten zaspokaja potrzeby energetyczne wymagaj\u0105cych maszyn oraz urz\u0105dze\u0144.<\/p>","protected":false},"excerpt":{"rendered":"<div class=\"icons\" style=\"display: flex; flex-wrap: wrap; gap: 5px; align-items: center; margin-top: 10px;\"><img decoding=\"async\" src=\"https:\/\/as-schwabe.de\/wp-content\/uploads\/ikony\/znak_CE.png\" alt=\"\" width=\"50\" height=\"50\" \/><img decoding=\"async\" src=\"https:\/\/as-schwabe.de\/wp-content\/uploads\/ikony\/znak_IP44.png\" alt=\"\" width=\"50\" height=\"50\" \/><img decoding=\"async\" src=\"https:\/\/as-schwabe.de\/wp-content\/uploads\/ikony\/znak_PB.png\" alt=\"\" width=\"50\" height=\"50\" \/><img loading=\"lazy\" decoding=\"async\" src=\"https:\/\/as-schwabe.de\/wp-content\/uploads\/ikony\/znak_Z.png\" alt=\"\" width=\"50\" height=\"50\" \/><img loading=\"lazy\" decoding=\"async\" src=\"https:\/\/as-schwabe.de\/wp-content\/uploads\/ikony\/znak_D.png\" alt=\"\" width=\"50\" height=\"50\" \/><img loading=\"lazy\" decoding=\"async\" src=\"https:\/\/as-schwabe.de\/wp-content\/uploads\/ikony\/znak_DE.png\" alt=\"\" width=\"50\" height=\"40\" \/><\/div>\n<ul>\n<li>Przed\u0142u\u017cacz wysokopr\u0105dowy CEE do stosowania na budowach i w rolnictwie 5 m H07RN-F 5G1,5 z wtyczk\u0105 zmiennej fazy <\/li>\n<li>z wysokiej jako\u015bci wtyczk\u0105 CEE i gniazdem CEE z uchyln\u0105 klapk\u0105 <\/li>\n<li>wtyczki i gniazda najnowszej generacji \u201eMade in Germany\u201d <\/li>\n<li>400 V, 5P, 6h <\/li>\n<li>IP44: chroniony przed cia\u0142ami obcymi i bryzgami wody<\/li>\n<\/ul>","protected":false},"featured_media":31128,"template":"","meta":{"inline_featured_image":false},"genre":[509],"product_cat":[518,569],"product_tag":[],"class_list":{"0":"post-32466","1":"product","2":"type-product","3":"status-publish","4":"has-post-thumbnail","6":"product_brand-as-schwabe-pl","7":"product_cat-asortyment-produktow-cee-400-v-pl","8":"product_cat-przedluzacze-cee-i-wtyczki-testujace-cee-pl","10":"first","11":"instock","12":"shipping-taxable","13":"product-type-simple"},"aioseo_notices":[],"_links":{"self":[{"href":"https:\/\/as-schwabe.de\/pl\/wp-json\/wp\/v2\/product\/32466","targetHints":{"allow":["GET"]}}],"collection":[{"href":"https:\/\/as-schwabe.de\/pl\/wp-json\/wp\/v2\/product"}],"about":[{"href":"https:\/\/as-schwabe.de\/pl\/wp-json\/wp\/v2\/types\/product"}],"version-history":[{"count":0,"href":"https:\/\/as-schwabe.de\/pl\/wp-json\/wp\/v2\/product\/32466\/revisions"}],"wp:featuredmedia":[{"embeddable":true,"href":"https:\/\/as-schwabe.de\/pl\/wp-json\/wp\/v2\/media\/31128"}],"wp:attachment":[{"href":"https:\/\/as-schwabe.de\/pl\/wp-json\/wp\/v2\/media?parent=32466"}],"wp:term":[{"taxonomy":"product_brand","embeddable":true,"href":"https:\/\/as-schwabe.de\/pl\/wp-json\/wp\/v2\/genre?post=32466"},{"taxonomy":"product_cat","embeddable":true,"href":"https:\/\/as-schwabe.de\/pl\/wp-json\/wp\/v2\/product_cat?post=32466"},{"taxonomy":"product_tag","embeddable":true,"href":"https:\/\/as-schwabe.de\/pl\/wp-json\/wp\/v2\/product_tag?post=32466"}],"curies":[{"name":"wp","href":"https:\/\/api.w.org\/{rel}","templated":true}]}}