{"id":32462,"date":"2025-09-26T23:32:43","date_gmt":"2025-09-26T23:32:43","guid":{"rendered":"https:\/\/as-schwabe.de\/produkt\/gniazdo-stale-cee-400-v-16-a-4p-6h-szaro-czerwone-60578\/"},"modified":"2025-10-23T00:16:59","modified_gmt":"2025-10-23T00:16:59","slug":"gniazdo-stale-cee-400-v-16-a-4p-6h-szaro-czerwone-60578","status":"publish","type":"product","link":"https:\/\/as-schwabe.de\/pl\/produkt\/gniazdo-stale-cee-400-v-16-a-4p-6h-szaro-czerwone-60578\/","title":{"rendered":"Gniazdo sta\u0142e CEE 400 V, 16 A, 4P 6h, SZA-CZE IP44 | 60578"},"content":{"rendered":"<p>Gniazdo sta\u0142e CEE 400 V, 16 A, 4P 6h w kolorze szaro-czerwonym jest idealnym rozwi\u0105zaniem do zastosowa\u0144 zewn\u0119trznych oraz na budowach. Wyposa\u017cone w zaciski \u015brubowe umo\u017cliwiaj\u0105ce pod\u0142\u0105czenie przewod\u00f3w o maksymalnym przekroju 2,5 mm\u00b2, zapewnia \u0142atwo\u015b\u0107 instalacji i solidne po\u0142\u0105czenie elektryczne. Dzi\u0119ki klasie ochrony IP44, gniazdo jest odporne na wp\u0142yw wilgoci oraz py\u0142u, co gwarantuje niezawodno\u015b\u0107 w trudnych warunkach atmosferycznych. Produkt ten spe\u0142nia normy bezpiecze\u0144stwa, co czyni go odpowiednim dla profesjonalist\u00f3w w bran\u017cy budowlanej i przemys\u0142owej. Zastosowanie gniazda CEE przyczynia si\u0119 do zwi\u0119kszenia efektywno\u015bci oraz bezpiecze\u0144stwa pracy w r\u00f3\u017cnorodnych \u015brodowiskach.<\/p>","protected":false},"excerpt":{"rendered":"<div class=\"icons\" style=\"display: flex; flex-wrap: wrap; gap: 5px; align-items: center; margin-top: 10px;\"><img decoding=\"async\" src=\"https:\/\/as-schwabe.de\/wp-content\/uploads\/ikony\/znak_CE.png\" alt=\"\" width=\"50\" height=\"50\" \/><img decoding=\"async\" src=\"https:\/\/as-schwabe.de\/wp-content\/uploads\/ikony\/znak_IP44.png\" alt=\"\" width=\"50\" height=\"50\" \/><img decoding=\"async\" src=\"https:\/\/as-schwabe.de\/wp-content\/uploads\/ikony\/znak_PB.png\" alt=\"\" width=\"50\" height=\"50\" \/><img loading=\"lazy\" decoding=\"async\" src=\"https:\/\/as-schwabe.de\/wp-content\/uploads\/ikony\/znak_Z.png\" alt=\"\" width=\"50\" height=\"50\" \/><img loading=\"lazy\" decoding=\"async\" src=\"https:\/\/as-schwabe.de\/wp-content\/uploads\/ikony\/znak_D.png\" alt=\"\" width=\"50\" height=\"50\" \/><img loading=\"lazy\" decoding=\"async\" src=\"https:\/\/as-schwabe.de\/wp-content\/uploads\/ikony\/znak_DE.png\" alt=\"\" width=\"50\" height=\"40\" \/><\/div>\n<ul>\n<li>Gniazdo sta\u0142e CEE 400 V, 16 A, 4P 6h <\/li>\n<li>gniazdo sta\u0142e CEE z odporn\u0105 na uderzenia i bryzgoszczeln\u0105 obudow\u0105 z poliamidu <\/li>\n<li>ze z\u0142\u0105czem \u015brubowym<\/li>\n<\/ul>","protected":false},"featured_media":30885,"template":"","meta":{"inline_featured_image":false},"genre":[509],"product_cat":[518,572],"product_tag":[],"class_list":{"0":"post-32462","1":"product","2":"type-product","3":"status-publish","4":"has-post-thumbnail","6":"product_brand-as-schwabe-pl","7":"product_cat-asortyment-produktow-cee-400-v-pl","8":"product_cat-gniazda-stale-i-tablicowe-cee-pl","10":"first","11":"instock","12":"shipping-taxable","13":"product-type-simple"},"aioseo_notices":[],"_links":{"self":[{"href":"https:\/\/as-schwabe.de\/pl\/wp-json\/wp\/v2\/product\/32462","targetHints":{"allow":["GET"]}}],"collection":[{"href":"https:\/\/as-schwabe.de\/pl\/wp-json\/wp\/v2\/product"}],"about":[{"href":"https:\/\/as-schwabe.de\/pl\/wp-json\/wp\/v2\/types\/product"}],"version-history":[{"count":0,"href":"https:\/\/as-schwabe.de\/pl\/wp-json\/wp\/v2\/product\/32462\/revisions"}],"wp:featuredmedia":[{"embeddable":true,"href":"https:\/\/as-schwabe.de\/pl\/wp-json\/wp\/v2\/media\/30885"}],"wp:attachment":[{"href":"https:\/\/as-schwabe.de\/pl\/wp-json\/wp\/v2\/media?parent=32462"}],"wp:term":[{"taxonomy":"product_brand","embeddable":true,"href":"https:\/\/as-schwabe.de\/pl\/wp-json\/wp\/v2\/genre?post=32462"},{"taxonomy":"product_cat","embeddable":true,"href":"https:\/\/as-schwabe.de\/pl\/wp-json\/wp\/v2\/product_cat?post=32462"},{"taxonomy":"product_tag","embeddable":true,"href":"https:\/\/as-schwabe.de\/pl\/wp-json\/wp\/v2\/product_tag?post=32462"}],"curies":[{"name":"wp","href":"https:\/\/api.w.org\/{rel}","templated":true}]}}