{"id":32451,"date":"2025-09-26T23:32:37","date_gmt":"2025-09-26T23:32:37","guid":{"rendered":"https:\/\/as-schwabe.de\/produkt\/przedluzacz-ze-zm-fazy-cee-400-v-16-a-h07bq-f-5g15-25-m-60563\/"},"modified":"2025-10-23T00:16:55","modified_gmt":"2025-10-23T00:16:55","slug":"przedluzacz-ze-zm-fazy-cee-400-v-16-a-h07bq-f-5g15-25-m-60563","status":"publish","type":"product","link":"https:\/\/as-schwabe.de\/pl\/produkt\/przedluzacz-ze-zm-fazy-cee-400-v-16-a-h07bq-f-5g15-25-m-60563\/","title":{"rendered":"Przed\u0142u\u017cacz ze zmian\u0105 fazy CEE 400 V, 16 A, 5P 25 m H07BQ-F 5G1,5 | 60563"},"content":{"rendered":"<p>Przed\u0142u\u017cacz ze zmian\u0105 fazy CEE 400 V, 16 A, 5P o d\u0142ugo\u015bci 25 m to idealne rozwi\u0105zanie dla wymagaj\u0105cych u\u017cytkownik\u00f3w, kt\u00f3rzy potrzebuj\u0105 niezawodnego zasilania w trudnych warunkach. Wyposa\u017cony w wtyczk\u0119 CEE 400 V, 16 A, 5P oraz trwa\u0142e przewody H07BQ-F 5G1,5 w intensywnym pomara\u0144czowym kolorze, zapewnia wysok\u0105 widoczno\u015b\u0107 oraz bezpiecze\u0144stwo podczas pracy na budowie i na zewn\u0105trz. Dzi\u0119ki maksymalnej mocy 11 kW oraz ochronie IP44, produkt gwarantuje doskona\u0142\u0105 odporno\u015b\u0107 na dzia\u0142anie wody i py\u0142u, co czyni go idealnym rozwi\u0105zaniem do zastosowa\u0144 przemys\u0142owych i budowlanych. Wybieraj\u0105c ten przed\u0142u\u017cacz, zyskujesz pewno\u015b\u0107 stabilnego i wydajnego zasilania w ka\u017cdych warunkach.<\/p>","protected":false},"excerpt":{"rendered":"<div class=\"icons\" style=\"display: flex; flex-wrap: wrap; gap: 5px; align-items: center; margin-top: 10px;\"><img decoding=\"async\" src=\"https:\/\/as-schwabe.de\/wp-content\/uploads\/ikony\/znak_CE.png\" alt=\"\" width=\"50\" height=\"50\" \/><img decoding=\"async\" src=\"https:\/\/as-schwabe.de\/wp-content\/uploads\/ikony\/znak_IP44.png\" alt=\"\" width=\"50\" height=\"50\" \/><img decoding=\"async\" src=\"https:\/\/as-schwabe.de\/wp-content\/uploads\/ikony\/znak_PB.png\" alt=\"\" width=\"50\" height=\"50\" \/><img loading=\"lazy\" decoding=\"async\" src=\"https:\/\/as-schwabe.de\/wp-content\/uploads\/ikony\/znak_Z.png\" alt=\"\" width=\"50\" height=\"50\" \/><img loading=\"lazy\" decoding=\"async\" src=\"https:\/\/as-schwabe.de\/wp-content\/uploads\/ikony\/znak_D.png\" alt=\"\" width=\"50\" height=\"50\" \/><img loading=\"lazy\" decoding=\"async\" src=\"https:\/\/as-schwabe.de\/wp-content\/uploads\/ikony\/znak_DE.png\" alt=\"\" width=\"50\" height=\"40\" \/><\/div>\n<ul>\n<li>Przed\u0142u\u017cacze wysokopr\u0105dowe na plac budowy 25 m H07BQ-F 5G1,5 z wtyczk\u0105 zmiennej fazy <\/li>\n<li>wtyczka CEE i gniazdo CEE z uchyln\u0105 klapk\u0105 <\/li>\n<li>wtyczki i gniazda najnowszej generacji \u201eMade in Germany\u201d <\/li>\n<li>400 V, 5P, 6h <\/li>\n<li>IP44: chroniony przed cia\u0142ami obcymi i bryzgami wody<\/li>\n<\/ul>","protected":false},"featured_media":30865,"template":"","meta":{"inline_featured_image":false},"genre":[509],"product_cat":[518,569],"product_tag":[],"class_list":{"0":"post-32451","1":"product","2":"type-product","3":"status-publish","4":"has-post-thumbnail","6":"product_brand-as-schwabe-pl","7":"product_cat-asortyment-produktow-cee-400-v-pl","8":"product_cat-przedluzacze-cee-i-wtyczki-testujace-cee-pl","10":"first","11":"instock","12":"shipping-taxable","13":"product-type-simple"},"aioseo_notices":[],"_links":{"self":[{"href":"https:\/\/as-schwabe.de\/pl\/wp-json\/wp\/v2\/product\/32451","targetHints":{"allow":["GET"]}}],"collection":[{"href":"https:\/\/as-schwabe.de\/pl\/wp-json\/wp\/v2\/product"}],"about":[{"href":"https:\/\/as-schwabe.de\/pl\/wp-json\/wp\/v2\/types\/product"}],"version-history":[{"count":0,"href":"https:\/\/as-schwabe.de\/pl\/wp-json\/wp\/v2\/product\/32451\/revisions"}],"wp:featuredmedia":[{"embeddable":true,"href":"https:\/\/as-schwabe.de\/pl\/wp-json\/wp\/v2\/media\/30865"}],"wp:attachment":[{"href":"https:\/\/as-schwabe.de\/pl\/wp-json\/wp\/v2\/media?parent=32451"}],"wp:term":[{"taxonomy":"product_brand","embeddable":true,"href":"https:\/\/as-schwabe.de\/pl\/wp-json\/wp\/v2\/genre?post=32451"},{"taxonomy":"product_cat","embeddable":true,"href":"https:\/\/as-schwabe.de\/pl\/wp-json\/wp\/v2\/product_cat?post=32451"},{"taxonomy":"product_tag","embeddable":true,"href":"https:\/\/as-schwabe.de\/pl\/wp-json\/wp\/v2\/product_tag?post=32451"}],"curies":[{"name":"wp","href":"https:\/\/api.w.org\/{rel}","templated":true}]}}