{"id":31123,"date":"2025-09-26T23:06:03","date_gmt":"2025-09-26T23:06:03","guid":{"rendered":"https:\/\/as-schwabe.de\/produkt\/listwa-zasilajaca-budowlana-s3-h07rn-f-5g25-2-m-60557\/"},"modified":"2025-10-23T00:16:53","modified_gmt":"2025-10-23T00:16:53","slug":"listwa-zasilajaca-budowlana-s3-h07rn-f-5g25-2-m-60557","status":"publish","type":"product","link":"https:\/\/as-schwabe.de\/pl\/produkt\/listwa-zasilajaca-budowlana-s3-h07rn-f-5g25-2-m-60557\/","title":{"rendered":"Listwa zasilaj\u0105ca budowlana S3, 2 m H07RN-F 5G2,5 11 kW | 60557"},"content":{"rendered":"<p>Listwa zasilaj\u0105ca budowlana S3 to niezawodne rozwi\u0105zanie dla profesjonalist\u00f3w w bran\u017cy budowlanej, wykonane z utwardzonej gumy, co zapewnia jej wysok\u0105 odporno\u015b\u0107 na uszkodzenia mechaniczne oraz warunki atmosferyczne. Wyposa\u017cona w przew\u00f3d zasilaj\u0105cy z wtyczk\u0105 CEE 400 V, 16 A, 5P H07RN-F o d\u0142ugo\u015bci 2 m, oferuje wszechstronno\u015b\u0107 pod\u0142\u0105czenia do \u017ar\u00f3d\u0142a zasilania. Dzi\u0119ki trzem gniazdom 230 V z klapk\u0105 i uziemieniem oraz jednemu gniazdu CEE 400 V, 16 A, 5P, u\u017cytkownik ma mo\u017cliwo\u015b\u0107 zasilania r\u00f3\u017cnych urz\u0105dze\u0144 jednocze\u015bnie. Maksymalne obci\u0105\u017cenie tej listwy wynosi 400 V, 16 A oraz 11 kW, co czyni j\u0105 idealnym wyborem dla intensywnych prac budowlanych. Produkt jest przeznaczony do zastosowa\u0144 w kontrolowanych warunkach, oferuj\u0105c du\u017c\u0105 elastyczno\u015b\u0107 w konfiguracji system\u00f3w zasilania.<\/p>","protected":false},"excerpt":{"rendered":"<div class=\"icons\" style=\"display: flex; flex-wrap: wrap; gap: 5px; align-items: center; margin-top: 10px;\"><img decoding=\"async\" src=\"https:\/\/as-schwabe.de\/wp-content\/uploads\/ikony\/znak_SCH.png\" alt=\"\" width=\"45\" height=\"50\" \/><img decoding=\"async\" src=\"https:\/\/as-schwabe.de\/wp-content\/uploads\/ikony\/znak_CE.png\" alt=\"\" width=\"50\" height=\"50\" \/><img decoding=\"async\" src=\"https:\/\/as-schwabe.de\/wp-content\/uploads\/ikony\/znak_IP44.png\" alt=\"\" width=\"50\" height=\"50\" \/><img loading=\"lazy\" decoding=\"async\" src=\"https:\/\/as-schwabe.de\/wp-content\/uploads\/ikony\/znak_PB.png\" alt=\"\" width=\"50\" height=\"50\" \/><img loading=\"lazy\" decoding=\"async\" src=\"https:\/\/as-schwabe.de\/wp-content\/uploads\/ikony\/znak_Z.png\" alt=\"\" width=\"50\" height=\"50\" \/><img loading=\"lazy\" decoding=\"async\" src=\"https:\/\/as-schwabe.de\/wp-content\/uploads\/ikony\/znak_D.png\" alt=\"\" width=\"50\" height=\"50\" \/><img loading=\"lazy\" decoding=\"async\" src=\"https:\/\/as-schwabe.de\/wp-content\/uploads\/ikony\/znak_K2.png\" alt=\"\" width=\"50\" height=\"50\" \/><img loading=\"lazy\" decoding=\"async\" src=\"https:\/\/as-schwabe.de\/wp-content\/uploads\/ikony\/znak_DG.png\" alt=\"\" width=\"50\" height=\"50\" \/><img loading=\"lazy\" decoding=\"async\" src=\"https:\/\/as-schwabe.de\/wp-content\/uploads\/ikony\/znak_DE.png\" alt=\"\" width=\"50\" height=\"40\" \/><\/div>\n<ul>\n<li>Listwy zasilaj\u0105ce z wytrzyma\u0142ej gumy Seria S <\/li>\n<li>obudowa wykonana z wyj\u0105tkowo wytrzyma\u0142ej utwardzonej gumy <\/li>\n<li>wersje z r\u00f3\u017cnymi wej\u015bciami i wyj\u015bciami do ci\u0119\u017ckich zastosowa\u0144 na placu budowy <\/li>\n<li>IP44: chroniony przed cia\u0142ami obcymi i bryzgami wody<\/li>\n<\/ul>","protected":false},"featured_media":30855,"template":"","meta":{"inline_featured_image":false},"genre":[509],"product_cat":[518,583],"product_tag":[],"class_list":{"0":"post-31123","1":"product","2":"type-product","3":"status-publish","4":"has-post-thumbnail","6":"product_brand-as-schwabe-pl","7":"product_cat-asortyment-produktow-cee-400-v-pl","8":"product_cat-listwy-zasilajace-cee-seria-s-pl","10":"first","11":"instock","12":"shipping-taxable","13":"product-type-simple"},"aioseo_notices":[],"_links":{"self":[{"href":"https:\/\/as-schwabe.de\/pl\/wp-json\/wp\/v2\/product\/31123","targetHints":{"allow":["GET"]}}],"collection":[{"href":"https:\/\/as-schwabe.de\/pl\/wp-json\/wp\/v2\/product"}],"about":[{"href":"https:\/\/as-schwabe.de\/pl\/wp-json\/wp\/v2\/types\/product"}],"version-history":[{"count":0,"href":"https:\/\/as-schwabe.de\/pl\/wp-json\/wp\/v2\/product\/31123\/revisions"}],"wp:featuredmedia":[{"embeddable":true,"href":"https:\/\/as-schwabe.de\/pl\/wp-json\/wp\/v2\/media\/30855"}],"wp:attachment":[{"href":"https:\/\/as-schwabe.de\/pl\/wp-json\/wp\/v2\/media?parent=31123"}],"wp:term":[{"taxonomy":"product_brand","embeddable":true,"href":"https:\/\/as-schwabe.de\/pl\/wp-json\/wp\/v2\/genre?post=31123"},{"taxonomy":"product_cat","embeddable":true,"href":"https:\/\/as-schwabe.de\/pl\/wp-json\/wp\/v2\/product_cat?post=31123"},{"taxonomy":"product_tag","embeddable":true,"href":"https:\/\/as-schwabe.de\/pl\/wp-json\/wp\/v2\/product_tag?post=31123"}],"curies":[{"name":"wp","href":"https:\/\/api.w.org\/{rel}","templated":true}]}}