{"id":31120,"date":"2025-09-26T23:06:01","date_gmt":"2025-09-26T23:06:01","guid":{"rendered":"https:\/\/as-schwabe.de\/produkt\/rozdzielnica-budowlana-m3-h07rn-f-5g6-2-m-60554\/"},"modified":"2025-10-23T00:16:50","modified_gmt":"2025-10-23T00:16:50","slug":"rozdzielnica-budowlana-m3-h07rn-f-5g6-2-m-60554","status":"publish","type":"product","link":"https:\/\/as-schwabe.de\/pl\/produkt\/rozdzielnica-budowlana-m3-h07rn-f-5g6-2-m-60554\/","title":{"rendered":"Rozdzielnica budowlana M3 z utwardzonej gumy, 22 kW | 60554"},"content":{"rendered":"<p>Rozdzielnica budowlana M3 z utwardzonej gumy to niezawodne rozwi\u0105zanie dla profesjonalist\u00f3w pracuj\u0105cych w trudnych warunkach. Wyposa\u017cona w wej\u015bcie z przewodem zasilaj\u0105cym z wtyczk\u0105 CEE 400 V, 32 A, oraz cztery gniazda 230 V, 16 A z klapk\u0105 i uziemieniem, zapewnia wszechstronno\u015b\u0107 i wygod\u0119 w u\u017cytkowaniu. Dodatkowe gniazdo CEE 400 V, 16 A oraz gniazdo 400 V, 32 A gwarantuj\u0105 mo\u017cliwo\u015b\u0107 zasilania urz\u0105dze\u0144 o wi\u0119kszym zapotrzebowaniu energetycznym. System zabezpiecze\u0144, w tym RCD 40A, 4P, 30 mA oraz zabezpieczenia C i B 16 A, zapewnia odpowiedni poziom ochrony dla u\u017cytkownik\u00f3w. Klasa ochrony IP44 umo\u017cliwia stosowanie rozdzielnicy zar\u00f3wno na zewn\u0105trz, jak i na budowie, co czyni j\u0105 idealnym partnerem w realizacji r\u00f3\u017cnorodnych projekt\u00f3w budowlanych.<\/p>","protected":false},"excerpt":{"rendered":"<div class=\"icons\" style=\"display: flex; flex-wrap: wrap; gap: 5px; align-items: center; margin-top: 10px;\"><img decoding=\"async\" src=\"https:\/\/as-schwabe.de\/wp-content\/uploads\/ikony\/znak_SCH.png\" alt=\"\" width=\"45\" height=\"50\" \/><img decoding=\"async\" src=\"https:\/\/as-schwabe.de\/wp-content\/uploads\/ikony\/znak_CE.png\" alt=\"\" width=\"50\" height=\"50\" \/><img decoding=\"async\" src=\"https:\/\/as-schwabe.de\/wp-content\/uploads\/ikony\/znak_IP44.png\" alt=\"\" width=\"50\" height=\"50\" \/><img loading=\"lazy\" decoding=\"async\" src=\"https:\/\/as-schwabe.de\/wp-content\/uploads\/ikony\/znak_PB.png\" alt=\"\" width=\"50\" height=\"50\" \/><img loading=\"lazy\" decoding=\"async\" src=\"https:\/\/as-schwabe.de\/wp-content\/uploads\/ikony\/znak_Z.png\" alt=\"\" width=\"50\" height=\"50\" \/><img loading=\"lazy\" decoding=\"async\" src=\"https:\/\/as-schwabe.de\/wp-content\/uploads\/ikony\/znak_D.png\" alt=\"\" width=\"50\" height=\"50\" \/><img loading=\"lazy\" decoding=\"async\" src=\"https:\/\/as-schwabe.de\/wp-content\/uploads\/ikony\/znak_K2.png\" alt=\"\" width=\"50\" height=\"50\" \/><img loading=\"lazy\" decoding=\"async\" src=\"https:\/\/as-schwabe.de\/wp-content\/uploads\/ikony\/znak_DG.png\" alt=\"\" width=\"50\" height=\"50\" \/><img loading=\"lazy\" decoding=\"async\" src=\"https:\/\/as-schwabe.de\/wp-content\/uploads\/ikony\/znak_DE.png\" alt=\"\" width=\"50\" height=\"40\" \/><\/div>\n<ul>\n<li>Budowlane rozdzielnice przeno\u015bne CEE z utwardzonej gumy Seria M <\/li>\n<li>obudowa wykonana z niezwykle wytrzyma\u0142ej pe\u0142nej gumy, kt\u00f3r\u0105 mo\u017cna uk\u0142ada\u0107 jedn\u0105 na drugiej, dzi\u0119ki czemu zajmuje bardzo ma\u0142o miejsca podczas przechowywania <\/li>\n<li>zamkni\u0119ta podstawa obudowy z prze\u015bwitem 77 mm zapobiega przedostawaniu si\u0119 wody <\/li>\n<li>\u0142atwa wymiana gniazd dodatkowych <\/li>\n<li>pokrywa obudowy z zamykaczami ze stali nierdzewnej <\/li>\n<li>IP44: chroniony przed cia\u0142ami obcymi i bryzgami wody<\/li>\n<\/ul>","protected":false},"featured_media":30836,"template":"","meta":{"inline_featured_image":false},"genre":[509],"product_cat":[518,582],"product_tag":[],"class_list":{"0":"post-31120","1":"product","2":"type-product","3":"status-publish","4":"has-post-thumbnail","6":"product_brand-as-schwabe-pl","7":"product_cat-asortyment-produktow-cee-400-v-pl","8":"product_cat-budowlane-rozdzielnice-pradu-cee-seria-m-pl","10":"first","11":"instock","12":"shipping-taxable","13":"product-type-simple"},"aioseo_notices":[],"_links":{"self":[{"href":"https:\/\/as-schwabe.de\/pl\/wp-json\/wp\/v2\/product\/31120","targetHints":{"allow":["GET"]}}],"collection":[{"href":"https:\/\/as-schwabe.de\/pl\/wp-json\/wp\/v2\/product"}],"about":[{"href":"https:\/\/as-schwabe.de\/pl\/wp-json\/wp\/v2\/types\/product"}],"version-history":[{"count":0,"href":"https:\/\/as-schwabe.de\/pl\/wp-json\/wp\/v2\/product\/31120\/revisions"}],"wp:featuredmedia":[{"embeddable":true,"href":"https:\/\/as-schwabe.de\/pl\/wp-json\/wp\/v2\/media\/30836"}],"wp:attachment":[{"href":"https:\/\/as-schwabe.de\/pl\/wp-json\/wp\/v2\/media?parent=31120"}],"wp:term":[{"taxonomy":"product_brand","embeddable":true,"href":"https:\/\/as-schwabe.de\/pl\/wp-json\/wp\/v2\/genre?post=31120"},{"taxonomy":"product_cat","embeddable":true,"href":"https:\/\/as-schwabe.de\/pl\/wp-json\/wp\/v2\/product_cat?post=31120"},{"taxonomy":"product_tag","embeddable":true,"href":"https:\/\/as-schwabe.de\/pl\/wp-json\/wp\/v2\/product_tag?post=31120"}],"curies":[{"name":"wp","href":"https:\/\/api.w.org\/{rel}","templated":true}]}}