{"id":31119,"date":"2025-09-26T23:06:00","date_gmt":"2025-09-26T23:06:00","guid":{"rendered":"https:\/\/as-schwabe.de\/produkt\/rozdzielnica-budowlana-m2-h07rn-f-5g6-2-m-60552\/"},"modified":"2025-10-23T00:16:49","modified_gmt":"2025-10-23T00:16:49","slug":"rozdzielnica-budowlana-m2-h07rn-f-5g6-2-m-60552","status":"publish","type":"product","link":"https:\/\/as-schwabe.de\/pl\/produkt\/rozdzielnica-budowlana-m2-h07rn-f-5g6-2-m-60552\/","title":{"rendered":"Rozdzielnica budowlana M2 z utwardzonej gumy, 22 kW | 60552"},"content":{"rendered":"<p>Rozdzielnica budowlana M2 z utwardzonej gumy to urz\u0105dzenie zaprojektowane z my\u015bl\u0105 o zastosowaniach w trudnych warunkach budowlanych. Posiada wej\u015bcie na przew\u00f3d zasilaj\u0105cy z wtyczk\u0105 CEE 400 V, 32 A, co zapewnia stabilne zasilanie d\u0142ugoterminowe. W wyposa\u017ceniu znajduj\u0105 si\u0119 cztery gniazda 230 V z klapk\u0105 i uziemieniem oraz dwa gniazda CEE 400 V, 16 A i jedno CEE 400 V, 32 A, umo\u017cliwiaj\u0105ce elastyczne pod\u0142\u0105czenie r\u00f3\u017cnorodnych urz\u0105dze\u0144. Dodatkowo, rozdzielnica zosta\u0142a zabezpieczona dwoma wy\u0142\u0105cznikami C 16 A oraz dwoma wy\u0142\u0105cznikami B 16 A, co gwarantuje wysoki poziom ochrony przed przeci\u0105\u017ceniem. Dzi\u0119ki zastosowaniu utwardzonej gumy, produkt charakteryzuje si\u0119 odporno\u015bci\u0105 na uszkodzenia mechaniczne oraz dzia\u0142anie niekorzystnych warunk\u00f3w atmosferycznych, co czyni go idealnym rozwi\u0105zaniem dla profesjonalnych ekip budowlanych.<\/p>","protected":false},"excerpt":{"rendered":"<div class=\"icons\" style=\"display: flex; flex-wrap: wrap; gap: 5px; align-items: center; margin-top: 10px;\"><img decoding=\"async\" src=\"https:\/\/as-schwabe.de\/wp-content\/uploads\/ikony\/znak_SCH.png\" alt=\"\" width=\"45\" height=\"50\" \/><img decoding=\"async\" src=\"https:\/\/as-schwabe.de\/wp-content\/uploads\/ikony\/znak_CE.png\" alt=\"\" width=\"50\" height=\"50\" \/><img decoding=\"async\" src=\"https:\/\/as-schwabe.de\/wp-content\/uploads\/ikony\/znak_IP44.png\" alt=\"\" width=\"50\" height=\"50\" \/><img loading=\"lazy\" decoding=\"async\" src=\"https:\/\/as-schwabe.de\/wp-content\/uploads\/ikony\/znak_PB.png\" alt=\"\" width=\"50\" height=\"50\" \/><img loading=\"lazy\" decoding=\"async\" src=\"https:\/\/as-schwabe.de\/wp-content\/uploads\/ikony\/znak_Z.png\" alt=\"\" width=\"50\" height=\"50\" \/><img loading=\"lazy\" decoding=\"async\" src=\"https:\/\/as-schwabe.de\/wp-content\/uploads\/ikony\/znak_D.png\" alt=\"\" width=\"50\" height=\"50\" \/><img loading=\"lazy\" decoding=\"async\" src=\"https:\/\/as-schwabe.de\/wp-content\/uploads\/ikony\/znak_K2.png\" alt=\"\" width=\"50\" height=\"50\" \/><img loading=\"lazy\" decoding=\"async\" src=\"https:\/\/as-schwabe.de\/wp-content\/uploads\/ikony\/znak_DG.png\" alt=\"\" width=\"50\" height=\"50\" \/><img loading=\"lazy\" decoding=\"async\" src=\"https:\/\/as-schwabe.de\/wp-content\/uploads\/ikony\/znak_DE.png\" alt=\"\" width=\"50\" height=\"40\" \/><\/div>\n<ul>\n<li>Budowlane rozdzielnice przeno\u015bne CEE z utwardzonej gumy Seria M <\/li>\n<li>obudowa wykonana z niezwykle wytrzyma\u0142ej pe\u0142nej gumy, kt\u00f3r\u0105 mo\u017cna uk\u0142ada\u0107 jedn\u0105 na drugiej, dzi\u0119ki czemu zajmuje bardzo ma\u0142o miejsca podczas przechowywania <\/li>\n<li>zamkni\u0119ta podstawa obudowy z prze\u015bwitem 77 mm zapobiega przedostawaniu si\u0119 wody <\/li>\n<li>\u0142atwa wymiana gniazd dodatkowych <\/li>\n<li>pokrywa obudowy z zamykaczami ze stali nierdzewnej <\/li>\n<li>IP44: chroniony przed cia\u0142ami obcymi i bryzgami wody<\/li>\n<\/ul>","protected":false},"featured_media":30834,"template":"","meta":{"inline_featured_image":false},"genre":[509],"product_cat":[518,582],"product_tag":[],"class_list":{"0":"post-31119","1":"product","2":"type-product","3":"status-publish","4":"has-post-thumbnail","6":"product_brand-as-schwabe-pl","7":"product_cat-asortyment-produktow-cee-400-v-pl","8":"product_cat-budowlane-rozdzielnice-pradu-cee-seria-m-pl","10":"first","11":"instock","12":"shipping-taxable","13":"product-type-simple"},"aioseo_notices":[],"_links":{"self":[{"href":"https:\/\/as-schwabe.de\/pl\/wp-json\/wp\/v2\/product\/31119","targetHints":{"allow":["GET"]}}],"collection":[{"href":"https:\/\/as-schwabe.de\/pl\/wp-json\/wp\/v2\/product"}],"about":[{"href":"https:\/\/as-schwabe.de\/pl\/wp-json\/wp\/v2\/types\/product"}],"version-history":[{"count":0,"href":"https:\/\/as-schwabe.de\/pl\/wp-json\/wp\/v2\/product\/31119\/revisions"}],"wp:featuredmedia":[{"embeddable":true,"href":"https:\/\/as-schwabe.de\/pl\/wp-json\/wp\/v2\/media\/30834"}],"wp:attachment":[{"href":"https:\/\/as-schwabe.de\/pl\/wp-json\/wp\/v2\/media?parent=31119"}],"wp:term":[{"taxonomy":"product_brand","embeddable":true,"href":"https:\/\/as-schwabe.de\/pl\/wp-json\/wp\/v2\/genre?post=31119"},{"taxonomy":"product_cat","embeddable":true,"href":"https:\/\/as-schwabe.de\/pl\/wp-json\/wp\/v2\/product_cat?post=31119"},{"taxonomy":"product_tag","embeddable":true,"href":"https:\/\/as-schwabe.de\/pl\/wp-json\/wp\/v2\/product_tag?post=31119"}],"curies":[{"name":"wp","href":"https:\/\/api.w.org\/{rel}","templated":true}]}}