{"id":31117,"date":"2025-09-26T23:05:59","date_gmt":"2025-09-26T23:05:59","guid":{"rendered":"https:\/\/as-schwabe.de\/produkt\/rozdzielnica-budowlana-m1-z-utwardzonej-gumy-60550\/"},"modified":"2025-10-23T00:16:48","modified_gmt":"2025-10-23T00:16:48","slug":"rozdzielnica-budowlana-m1-z-utwardzonej-gumy-60550","status":"publish","type":"product","link":"https:\/\/as-schwabe.de\/pl\/produkt\/rozdzielnica-budowlana-m1-z-utwardzonej-gumy-60550\/","title":{"rendered":"Rozdzielnica budowlana M1 z utwardzonej gumy, 11 kW | 60550"},"content":{"rendered":"<p>Rozdzielnica budowlana M1 z utwardzonej gumy to profesjonalne rozwi\u0105zanie przeznaczone do u\u017cytku zewn\u0119trznego i na placach budowy. Wyposa\u017cona w wtyczk\u0119 tablicow\u0105 CEE 400 V, 16 A, 5P, oferuje cztery gniazda z klapk\u0105 i uziemieniem (230 V, 16 A, 2P+Z) oraz dwa gniazda CEE (400 V, 16 A, 5P), co zapewnia wszechstronno\u015b\u0107 i mo\u017cliwo\u015b\u0107 pod\u0142\u0105czenia r\u00f3\u017cnych narz\u0119dzi elektrycznych. Zabezpieczenie przed pora\u017ceniem pr\u0105dem realizowane jest przez wy\u0142\u0105cznik RCD 40A, 4P, 30 mA, typ A, co podnosi bezpiecze\u0144stwo u\u017cytkowania. Dzi\u0119ki klasie ochrony IP44 produkt jest odporny na dzia\u0142anie kurzu i wilgoci, co czyni go idealnym wyborem do trudnych warunk\u00f3w pracy. Maksymalne obci\u0105\u017cenie wynosz\u0105ce 400 V, 16 A oraz 11 kW gwarantuje stabiln\u0105 i niezawodn\u0105 dystrybucj\u0119 energii elektrycznej w ka\u017cdych warunkach.<\/p>","protected":false},"excerpt":{"rendered":"<div class=\"icons\" style=\"display: flex; flex-wrap: wrap; gap: 5px; align-items: center; margin-top: 10px;\"><img decoding=\"async\" src=\"https:\/\/as-schwabe.de\/wp-content\/uploads\/ikony\/znak_SCH.png\" alt=\"\" width=\"45\" height=\"50\" \/><img decoding=\"async\" src=\"https:\/\/as-schwabe.de\/wp-content\/uploads\/ikony\/znak_CE.png\" alt=\"\" width=\"50\" height=\"50\" \/><img decoding=\"async\" src=\"https:\/\/as-schwabe.de\/wp-content\/uploads\/ikony\/znak_IP44.png\" alt=\"\" width=\"50\" height=\"50\" \/><img loading=\"lazy\" decoding=\"async\" src=\"https:\/\/as-schwabe.de\/wp-content\/uploads\/ikony\/znak_PB.png\" alt=\"\" width=\"50\" height=\"50\" \/><img loading=\"lazy\" decoding=\"async\" src=\"https:\/\/as-schwabe.de\/wp-content\/uploads\/ikony\/znak_Z.png\" alt=\"\" width=\"50\" height=\"50\" \/><img loading=\"lazy\" decoding=\"async\" src=\"https:\/\/as-schwabe.de\/wp-content\/uploads\/ikony\/znak_D.png\" alt=\"\" width=\"50\" height=\"50\" \/><img loading=\"lazy\" decoding=\"async\" src=\"https:\/\/as-schwabe.de\/wp-content\/uploads\/ikony\/znak_K2.png\" alt=\"\" width=\"50\" height=\"50\" \/><img loading=\"lazy\" decoding=\"async\" src=\"https:\/\/as-schwabe.de\/wp-content\/uploads\/ikony\/znak_DG.png\" alt=\"\" width=\"50\" height=\"50\" \/><img loading=\"lazy\" decoding=\"async\" src=\"https:\/\/as-schwabe.de\/wp-content\/uploads\/ikony\/znak_DE.png\" alt=\"\" width=\"50\" height=\"40\" \/><\/div>\n<ul>\n<li>Budowlane rozdzielnice przeno\u015bne CEE z utwardzonej gumy Seria M <\/li>\n<li>obudowa wykonana z niezwykle wytrzyma\u0142ej pe\u0142nej gumy, kt\u00f3r\u0105 mo\u017cna uk\u0142ada\u0107 jedn\u0105 na drugiej, dzi\u0119ki czemu zajmuje bardzo ma\u0142o miejsca podczas przechowywania <\/li>\n<li>zamkni\u0119ta podstawa obudowy z prze\u015bwitem 77 mm zapobiega przedostawaniu si\u0119 wody <\/li>\n<li>\u0142atwa wymiana gniazd dodatkowych <\/li>\n<li>pokrywa obudowy z zamykaczami ze stali nierdzewnej <\/li>\n<li>IP44: chroniony przed cia\u0142ami obcymi i bryzgami wody<\/li>\n<\/ul>","protected":false},"featured_media":30825,"template":"","meta":{"inline_featured_image":false},"genre":[509],"product_cat":[518,582],"product_tag":[],"class_list":{"0":"post-31117","1":"product","2":"type-product","3":"status-publish","4":"has-post-thumbnail","6":"product_brand-as-schwabe-pl","7":"product_cat-asortyment-produktow-cee-400-v-pl","8":"product_cat-budowlane-rozdzielnice-pradu-cee-seria-m-pl","10":"first","11":"instock","12":"shipping-taxable","13":"product-type-simple"},"aioseo_notices":[],"_links":{"self":[{"href":"https:\/\/as-schwabe.de\/pl\/wp-json\/wp\/v2\/product\/31117","targetHints":{"allow":["GET"]}}],"collection":[{"href":"https:\/\/as-schwabe.de\/pl\/wp-json\/wp\/v2\/product"}],"about":[{"href":"https:\/\/as-schwabe.de\/pl\/wp-json\/wp\/v2\/types\/product"}],"version-history":[{"count":0,"href":"https:\/\/as-schwabe.de\/pl\/wp-json\/wp\/v2\/product\/31117\/revisions"}],"wp:featuredmedia":[{"embeddable":true,"href":"https:\/\/as-schwabe.de\/pl\/wp-json\/wp\/v2\/media\/30825"}],"wp:attachment":[{"href":"https:\/\/as-schwabe.de\/pl\/wp-json\/wp\/v2\/media?parent=31117"}],"wp:term":[{"taxonomy":"product_brand","embeddable":true,"href":"https:\/\/as-schwabe.de\/pl\/wp-json\/wp\/v2\/genre?post=31117"},{"taxonomy":"product_cat","embeddable":true,"href":"https:\/\/as-schwabe.de\/pl\/wp-json\/wp\/v2\/product_cat?post=31117"},{"taxonomy":"product_tag","embeddable":true,"href":"https:\/\/as-schwabe.de\/pl\/wp-json\/wp\/v2\/product_tag?post=31117"}],"curies":[{"name":"wp","href":"https:\/\/api.w.org\/{rel}","templated":true}]}}