{"id":31114,"date":"2025-09-26T23:05:57","date_gmt":"2025-09-26T23:05:57","guid":{"rendered":"https:\/\/as-schwabe.de\/produkt\/ogranicznik-pradu-rozruchowego-1-fazowy-mixo-230-v-16-a-60533\/"},"modified":"2025-10-23T00:16:47","modified_gmt":"2025-10-23T00:16:47","slug":"ogranicznik-pradu-rozruchowego-1-fazowy-mixo-230-v-16-a-60533","status":"publish","type":"product","link":"https:\/\/as-schwabe.de\/pl\/produkt\/ogranicznik-pradu-rozruchowego-1-fazowy-mixo-230-v-16-a-60533\/","title":{"rendered":"Ogranicznik pr\u0105du rozruchowego 1-fazowy MIXO 230 V, 16 A 1,5 m H07RN-F 3G1,5 | 60533"},"content":{"rendered":"<p>Ogranicznik pr\u0105du rozruchowego 1-fazowy MIXO to niezawodne urz\u0105dzenie, kt\u00f3re zapewnia bezpiecze\u0144stwo i stabilno\u015b\u0107 w obwodach elektrycznych o napi\u0119ciu 230 V. Zdolno\u015b\u0107 do obs\u0142ugi pr\u0105du o nat\u0119\u017ceniu 16 A sprawia, \u017ce jest idealnym rozwi\u0105zaniem do zastosowa\u0144 w warunkach budowlanych oraz na zewn\u0105trz, gdzie dost\u0119p do sieci elektrycznej jest kluczowy. Urz\u0105dzenie wyposa\u017cone jest w wtyczk\u0119 z uziemieniem oraz wyj\u015bcie w postaci gniazda z uziemieniem i klapk\u0105, co zwi\u0119ksza wygod\u0119 u\u017cytkowania i zapewnia dodatkowe bezpiecze\u0144stwo. Certyfikat IP44 gwarantuje odporno\u015b\u0107 na dzia\u0142anie wilgoci oraz py\u0142\u00f3w, co czyni go odpowiednim wyborem do pracy w trudnych warunkach. Dodatkowo, d\u0142ugo\u015b\u0107 kabla 1,5 m (typ H07RN-F 3G1,5) u\u0142atwia elastyczne rozmieszczenie urz\u0105dze\u0144 elektrycznych w r\u00f3\u017cnych konfiguracjach. Ogranicznik MIXO jest wi\u0119c doskona\u0142ym rozwi\u0105zaniem dla profesjonalist\u00f3w, kt\u00f3rzy ceni\u0105 sobie jako\u015b\u0107 i bezpiecze\u0144stwo pracy.<\/p>","protected":false},"excerpt":{"rendered":"<div class=\"icons\" style=\"display: flex; flex-wrap: wrap; gap: 5px; align-items: center; margin-top: 10px;\"><img decoding=\"async\" src=\"https:\/\/as-schwabe.de\/wp-content\/uploads\/ikony\/znak_CE.png\" alt=\"\" width=\"50\" height=\"50\" \/><img decoding=\"async\" src=\"https:\/\/as-schwabe.de\/wp-content\/uploads\/ikony\/znak_IP44.png\" alt=\"\" width=\"50\" height=\"50\" \/><img decoding=\"async\" src=\"https:\/\/as-schwabe.de\/wp-content\/uploads\/ikony\/znak_PB.png\" alt=\"\" width=\"50\" height=\"50\" \/><img loading=\"lazy\" decoding=\"async\" src=\"https:\/\/as-schwabe.de\/wp-content\/uploads\/ikony\/znak_Z.png\" alt=\"\" width=\"50\" height=\"50\" \/><img loading=\"lazy\" decoding=\"async\" src=\"https:\/\/as-schwabe.de\/wp-content\/uploads\/ikony\/znak_D.png\" alt=\"\" width=\"50\" height=\"50\" \/><img loading=\"lazy\" decoding=\"async\" src=\"https:\/\/as-schwabe.de\/wp-content\/uploads\/ikony\/znak_DE.png\" alt=\"\" width=\"50\" height=\"40\" \/><\/div>\n<ul>\n<li>Ogranicznik pr\u0105du rozruchowego MIXO 230 V, 16 A <\/li>\n<li>dopuszczone do stosowania na budowach i w rolnictwie <\/li>\n<li>wej\u015bcie: z wtyczk\u0105 z uziemieniem <\/li>\n<li>wyj\u015bcie: z gniazdem z uziemieniem i klapk\u0105 na zawiasach z symbolem m\u0142otka \u2013 podwy\u017cszona wytrzyma\u0142o\u015b\u0107 <\/li>\n<li>napi\u0119cie: U = 230 V AC, 50-60 Hz <\/li>\n<li>nadaje si\u0119 do wy\u0142\u0105cznik\u00f3w nadpr\u0105dowych 16 A z charakterystyk\u0105 wyzwalania B i C <\/li>\n<li>maksymalna cz\u0119stotliwo\u015b\u0107 w\u0142\u0105czania na minut\u0119: 2-15 (w zale\u017cno\u015bci od u\u017cycia) <\/li>\n<li>maksymalna obci\u0105\u017calno\u015b\u0107: 3500 W <\/li>\n<li>IP44: chroniony przed cia\u0142ami obcymi i bryzgami wody<\/li>\n<\/ul>","protected":false},"featured_media":30818,"template":"","meta":{"inline_featured_image":false},"genre":[509],"product_cat":[580,581],"product_tag":[],"class_list":{"0":"post-31114","1":"product","2":"type-product","3":"status-publish","4":"has-post-thumbnail","6":"product_brand-as-schwabe-pl","7":"product_cat-liczniki-energii-elektrycznej-i-ograniczniki-pradu-rozruchowego-pl","8":"product_cat-ograniczniki-pradu-rozruchowego-pl","10":"first","11":"instock","12":"shipping-taxable","13":"product-type-simple"},"aioseo_notices":[],"_links":{"self":[{"href":"https:\/\/as-schwabe.de\/pl\/wp-json\/wp\/v2\/product\/31114","targetHints":{"allow":["GET"]}}],"collection":[{"href":"https:\/\/as-schwabe.de\/pl\/wp-json\/wp\/v2\/product"}],"about":[{"href":"https:\/\/as-schwabe.de\/pl\/wp-json\/wp\/v2\/types\/product"}],"version-history":[{"count":0,"href":"https:\/\/as-schwabe.de\/pl\/wp-json\/wp\/v2\/product\/31114\/revisions"}],"wp:featuredmedia":[{"embeddable":true,"href":"https:\/\/as-schwabe.de\/pl\/wp-json\/wp\/v2\/media\/30818"}],"wp:attachment":[{"href":"https:\/\/as-schwabe.de\/pl\/wp-json\/wp\/v2\/media?parent=31114"}],"wp:term":[{"taxonomy":"product_brand","embeddable":true,"href":"https:\/\/as-schwabe.de\/pl\/wp-json\/wp\/v2\/genre?post=31114"},{"taxonomy":"product_cat","embeddable":true,"href":"https:\/\/as-schwabe.de\/pl\/wp-json\/wp\/v2\/product_cat?post=31114"},{"taxonomy":"product_tag","embeddable":true,"href":"https:\/\/as-schwabe.de\/pl\/wp-json\/wp\/v2\/product_tag?post=31114"}],"curies":[{"name":"wp","href":"https:\/\/api.w.org\/{rel}","templated":true}]}}