{"id":31113,"date":"2025-09-26T23:05:57","date_gmt":"2025-09-26T23:05:57","guid":{"rendered":"https:\/\/as-schwabe.de\/produkt\/rozdzielnica-kompaktowa-mixo-rhein-60531\/"},"modified":"2025-10-23T00:16:47","modified_gmt":"2025-10-23T00:16:47","slug":"rozdzielnica-kompaktowa-mixo-rhein-60531","status":"publish","type":"product","link":"https:\/\/as-schwabe.de\/pl\/produkt\/rozdzielnica-kompaktowa-mixo-rhein-60531\/","title":{"rendered":"Rozdzielnica kompaktowa MIXO &#8211; &#8222;RHEIN&#8220; | 60531"},"content":{"rendered":"<p>Rozdzielnica kompaktowa MIXO &#8222;RHEIN&#8220; to niezawodne rozwi\u0105zanie dla profesjonalist\u00f3w, kt\u00f3rzy potrzebuj\u0105 wydajnego zasilania w trudnych warunkach. Wyposa\u017cona w wtyczk\u0119 tablicow\u0105 CEE 400 V, 16 A, 5P, oraz trzy gniazda CEE 400 V, 16 A, 5P, zapewnia maksymaln\u0105 moc 11 kW, co czyni j\u0105 idealnym wyborem do zastosowa\u0144 na budowie i w miejscach zewn\u0119trznych. Klasa szczelno\u015bci IP44 gwarantuje odporno\u015b\u0107 na zachlapania i kurz, co podnosi bezpiecze\u0144stwo u\u017cytkowania w r\u00f3\u017cnych warunkach atmosferycznych. Dzi\u0119ki kompaktowej konstrukcji, rozdzielnica MIXO &#8222;RHEIN&#8220; jest \u0142atwa w transportowaniu i monta\u017cu, co zapewnia wygod\u0119 pracy na ka\u017cdym etapie realizacji projektu.<\/p>","protected":false},"excerpt":{"rendered":"<div class=\"icons\" style=\"display: flex; flex-wrap: wrap; gap: 5px; align-items: center; margin-top: 10px;\"><img decoding=\"async\" src=\"https:\/\/as-schwabe.de\/wp-content\/uploads\/ikony\/znak_CE.png\" alt=\"\" width=\"50\" height=\"50\" \/><img decoding=\"async\" src=\"https:\/\/as-schwabe.de\/wp-content\/uploads\/ikony\/znak_IP44.png\" alt=\"\" width=\"50\" height=\"50\" \/><img decoding=\"async\" src=\"https:\/\/as-schwabe.de\/wp-content\/uploads\/ikony\/znak_PB.png\" alt=\"\" width=\"50\" height=\"50\" \/><img loading=\"lazy\" decoding=\"async\" src=\"https:\/\/as-schwabe.de\/wp-content\/uploads\/ikony\/znak_Z.png\" alt=\"\" width=\"50\" height=\"50\" \/><img loading=\"lazy\" decoding=\"async\" src=\"https:\/\/as-schwabe.de\/wp-content\/uploads\/ikony\/znak_D.png\" alt=\"\" width=\"50\" height=\"50\" \/><img loading=\"lazy\" decoding=\"async\" src=\"https:\/\/as-schwabe.de\/wp-content\/uploads\/ikony\/znak_DE.png\" alt=\"\" width=\"50\" height=\"40\" \/><\/div>\n<ul>\n<li>Rozdzielnice kompaktowe MIXO CEE 16 A <\/li>\n<li>solidna obudowa wykonana z wytrzyma\u0142ego, bardzo odpornego na uszkodzenia specjalnego tworzywa sztucznego i zajmuj\u0105ca niewiele miejsca konstrukcja <\/li>\n<li>r\u00f3\u017cnorodne konstrukcje do r\u00f3\u017cnych zastosowa\u0144 mobilnych na placu budowy <\/li>\n<li>IP44: chroniony przed cia\u0142ami obcymi i bryzgami wody<\/li>\n<\/ul>","protected":false},"featured_media":30815,"template":"","meta":{"inline_featured_image":false},"genre":[509],"product_cat":[518,579],"product_tag":[],"class_list":{"0":"post-31113","1":"product","2":"type-product","3":"status-publish","4":"has-post-thumbnail","6":"product_brand-as-schwabe-pl","7":"product_cat-asortyment-produktow-cee-400-v-pl","8":"product_cat-rozdzielnice-kompaktowe-mixo-cee-pl","10":"first","11":"instock","12":"shipping-taxable","13":"product-type-simple"},"aioseo_notices":[],"_links":{"self":[{"href":"https:\/\/as-schwabe.de\/pl\/wp-json\/wp\/v2\/product\/31113","targetHints":{"allow":["GET"]}}],"collection":[{"href":"https:\/\/as-schwabe.de\/pl\/wp-json\/wp\/v2\/product"}],"about":[{"href":"https:\/\/as-schwabe.de\/pl\/wp-json\/wp\/v2\/types\/product"}],"version-history":[{"count":0,"href":"https:\/\/as-schwabe.de\/pl\/wp-json\/wp\/v2\/product\/31113\/revisions"}],"wp:featuredmedia":[{"embeddable":true,"href":"https:\/\/as-schwabe.de\/pl\/wp-json\/wp\/v2\/media\/30815"}],"wp:attachment":[{"href":"https:\/\/as-schwabe.de\/pl\/wp-json\/wp\/v2\/media?parent=31113"}],"wp:term":[{"taxonomy":"product_brand","embeddable":true,"href":"https:\/\/as-schwabe.de\/pl\/wp-json\/wp\/v2\/genre?post=31113"},{"taxonomy":"product_cat","embeddable":true,"href":"https:\/\/as-schwabe.de\/pl\/wp-json\/wp\/v2\/product_cat?post=31113"},{"taxonomy":"product_tag","embeddable":true,"href":"https:\/\/as-schwabe.de\/pl\/wp-json\/wp\/v2\/product_tag?post=31113"}],"curies":[{"name":"wp","href":"https:\/\/api.w.org\/{rel}","templated":true}]}}