{"id":31105,"date":"2025-09-26T23:05:51","date_gmt":"2025-09-26T23:05:51","guid":{"rendered":"https:\/\/as-schwabe.de\/produkt\/przedluzacz-ze-zm-fazy-cee-400-v-32-a-h07rn-f-5g4-50-m-60521\/"},"modified":"2025-10-23T00:16:43","modified_gmt":"2025-10-23T00:16:43","slug":"przedluzacz-ze-zm-fazy-cee-400-v-32-a-h07rn-f-5g4-50-m-60521","status":"publish","type":"product","link":"https:\/\/as-schwabe.de\/pl\/produkt\/przedluzacz-ze-zm-fazy-cee-400-v-32-a-h07rn-f-5g4-50-m-60521\/","title":{"rendered":"Przed\u0142u\u017cacz ze zmian\u0105 fazy CEE 400 V, 32 A, 5P 50 m H07RN-F 5G4 | 60521"},"content":{"rendered":"<p>Przed\u0142u\u017cacz ze zmian\u0105 fazy CEE 400 V, 32 A, 5P o d\u0142ugo\u015bci 50 m to niezawodne rozwi\u0105zanie dla profesjonalnych zastosowa\u0144 na budowie oraz w warunkach zewn\u0119trznych. Wyposa\u017cony w wtyczk\u0119 ze zmian\u0105 fazy CEE 400 V, 32 A, 5P oraz gniazdo CEE 400 C, 32 A, 5P, umo\u017cliwia efektywne i bezpieczne zasilanie urz\u0105dze\u0144 o maksymalnej mocy 22 kW. Wykonanie z wysokiej jako\u015bci przewodu H07RN-F 5G4 w kolorze czarnym oraz klasa szczelno\u015bci IP44 zapewniaj\u0105 odporno\u015b\u0107 na warunki atmosferyczne oraz wysok\u0105 trwa\u0142o\u015b\u0107. Idealny do zasilania maszyn budowlanych, narz\u0119dzi oraz innych urz\u0105dze\u0144 wymagaj\u0105cych du\u017cego poboru energii, przed\u0142u\u017cacz ten gwarantuje wygod\u0119 i elastyczno\u015b\u0107 w u\u017cytkowaniu.<\/p>","protected":false},"excerpt":{"rendered":"<div class=\"icons\" style=\"display: flex; flex-wrap: wrap; gap: 5px; align-items: center; margin-top: 10px;\"><img decoding=\"async\" src=\"https:\/\/as-schwabe.de\/wp-content\/uploads\/ikony\/znak_CE.png\" alt=\"\" width=\"50\" height=\"50\" \/><img decoding=\"async\" src=\"https:\/\/as-schwabe.de\/wp-content\/uploads\/ikony\/znak_IP44.png\" alt=\"\" width=\"50\" height=\"50\" \/><img decoding=\"async\" src=\"https:\/\/as-schwabe.de\/wp-content\/uploads\/ikony\/znak_PB.png\" alt=\"\" width=\"50\" height=\"50\" \/><img loading=\"lazy\" decoding=\"async\" src=\"https:\/\/as-schwabe.de\/wp-content\/uploads\/ikony\/znak_Z.png\" alt=\"\" width=\"50\" height=\"50\" \/><img loading=\"lazy\" decoding=\"async\" src=\"https:\/\/as-schwabe.de\/wp-content\/uploads\/ikony\/znak_D.png\" alt=\"\" width=\"50\" height=\"50\" \/><img loading=\"lazy\" decoding=\"async\" src=\"https:\/\/as-schwabe.de\/wp-content\/uploads\/ikony\/znak_DE.png\" alt=\"\" width=\"50\" height=\"40\" \/><\/div>\n<ul>\n<li>Przed\u0142u\u017cacz wysokopr\u0105dowy CEE do stosowania na budowach i w rolnictwie 50 m H07RN-F 5G4 z wtyczk\u0105 zmiennej fazy <\/li>\n<li>z wysokiej jako\u015bci wtyczk\u0105 CEE i gniazdem CEE z uchyln\u0105 klapk\u0105 <\/li>\n<li>wtyczki i gniazda najnowszej generacji \u201eMade in Germany\u201d <\/li>\n<li>400 V, 5P, 6h <\/li>\n<li>IP44: chroniony przed cia\u0142ami obcymi i bryzgami wody<\/li>\n<\/ul>","protected":false},"featured_media":30798,"template":"","meta":{"inline_featured_image":false},"genre":[509],"product_cat":[518,569],"product_tag":[],"class_list":{"0":"post-31105","1":"product","2":"type-product","3":"status-publish","4":"has-post-thumbnail","6":"product_brand-as-schwabe-pl","7":"product_cat-asortyment-produktow-cee-400-v-pl","8":"product_cat-przedluzacze-cee-i-wtyczki-testujace-cee-pl","10":"first","11":"instock","12":"shipping-taxable","13":"product-type-simple"},"aioseo_notices":[],"_links":{"self":[{"href":"https:\/\/as-schwabe.de\/pl\/wp-json\/wp\/v2\/product\/31105","targetHints":{"allow":["GET"]}}],"collection":[{"href":"https:\/\/as-schwabe.de\/pl\/wp-json\/wp\/v2\/product"}],"about":[{"href":"https:\/\/as-schwabe.de\/pl\/wp-json\/wp\/v2\/types\/product"}],"version-history":[{"count":0,"href":"https:\/\/as-schwabe.de\/pl\/wp-json\/wp\/v2\/product\/31105\/revisions"}],"wp:featuredmedia":[{"embeddable":true,"href":"https:\/\/as-schwabe.de\/pl\/wp-json\/wp\/v2\/media\/30798"}],"wp:attachment":[{"href":"https:\/\/as-schwabe.de\/pl\/wp-json\/wp\/v2\/media?parent=31105"}],"wp:term":[{"taxonomy":"product_brand","embeddable":true,"href":"https:\/\/as-schwabe.de\/pl\/wp-json\/wp\/v2\/genre?post=31105"},{"taxonomy":"product_cat","embeddable":true,"href":"https:\/\/as-schwabe.de\/pl\/wp-json\/wp\/v2\/product_cat?post=31105"},{"taxonomy":"product_tag","embeddable":true,"href":"https:\/\/as-schwabe.de\/pl\/wp-json\/wp\/v2\/product_tag?post=31105"}],"curies":[{"name":"wp","href":"https:\/\/api.w.org\/{rel}","templated":true}]}}