{"id":31103,"date":"2025-09-26T23:05:50","date_gmt":"2025-09-26T23:05:50","guid":{"rendered":"https:\/\/as-schwabe.de\/produkt\/przedluzacz-ze-zm-fazy-cee-400-v-32-a-h07rn-f-5g6-25-m-60519\/"},"modified":"2025-10-23T00:16:42","modified_gmt":"2025-10-23T00:16:42","slug":"przedluzacz-ze-zm-fazy-cee-400-v-32-a-h07rn-f-5g6-25-m-60519","status":"publish","type":"product","link":"https:\/\/as-schwabe.de\/pl\/produkt\/przedluzacz-ze-zm-fazy-cee-400-v-32-a-h07rn-f-5g6-25-m-60519\/","title":{"rendered":"Przed\u0142u\u017cacz ze zmian\u0105 fazy CEE 400 V, 32 A, 5P 25 m H07RN-F 5G6 | 60519"},"content":{"rendered":"<p>Przed\u0142u\u017cacz ze zmian\u0105 fazy CEE 400 V, 32 A, 5P, o d\u0142ugo\u015bci 25 metr\u00f3w to niezawodne rozwi\u0105zanie dla profesjonalnych zastosowa\u0144 w budownictwie oraz na zewn\u0105trz. Wyposa\u017cony w wtyczk\u0119 CEE 400 V, 32 A, 5P i gniazdo CEE 400 C, 32 A, 5P, umo\u017cliwia bezpieczne zasilanie urz\u0105dze\u0144 o maksymalnej mocy 22 kW przy napi\u0119ciu 400 V. Przew\u00f3d H07RN-F 5G6 o wysokiej odporno\u015bci na warunki atmosferyczne zapewnia trwa\u0142o\u015b\u0107 i elastyczno\u015b\u0107, co sprawia, \u017ce produkt idealnie sprawdzi si\u0119 w trudnych warunkach terenowych. Dzi\u0119ki klasie ochrony IP44, przed\u0142u\u017cacz jest odporny na py\u0142 i wod\u0119, co czyni go bezpiecznym w u\u017cytkowaniu tak\u017ce na zewn\u0105trz. To doskona\u0142y wyb\u00f3r dla profesjonalist\u00f3w poszukuj\u0105cych niezawodnego i wydajnego \u017ar\u00f3d\u0142a zasilania.<\/p>","protected":false},"excerpt":{"rendered":"<div class=\"icons\" style=\"display: flex; flex-wrap: wrap; gap: 5px; align-items: center; margin-top: 10px;\"><img decoding=\"async\" src=\"https:\/\/as-schwabe.de\/wp-content\/uploads\/ikony\/znak_CE.png\" alt=\"\" width=\"50\" height=\"50\" \/><img decoding=\"async\" src=\"https:\/\/as-schwabe.de\/wp-content\/uploads\/ikony\/znak_IP44.png\" alt=\"\" width=\"50\" height=\"50\" \/><img decoding=\"async\" src=\"https:\/\/as-schwabe.de\/wp-content\/uploads\/ikony\/znak_PB.png\" alt=\"\" width=\"50\" height=\"50\" \/><img loading=\"lazy\" decoding=\"async\" src=\"https:\/\/as-schwabe.de\/wp-content\/uploads\/ikony\/znak_Z.png\" alt=\"\" width=\"50\" height=\"50\" \/><img loading=\"lazy\" decoding=\"async\" src=\"https:\/\/as-schwabe.de\/wp-content\/uploads\/ikony\/znak_D.png\" alt=\"\" width=\"50\" height=\"50\" \/><img loading=\"lazy\" decoding=\"async\" src=\"https:\/\/as-schwabe.de\/wp-content\/uploads\/ikony\/znak_DE.png\" alt=\"\" width=\"50\" height=\"40\" \/><\/div>\n<ul>\n<li>Przed\u0142u\u017cacz wysokopr\u0105dowy CEE do stosowania na budowach i w rolnictwie 25 m H07RN-F 5G6 z wtyczk\u0105 zmiennej fazy <\/li>\n<li>z wysokiej jako\u015bci wtyczk\u0105 CEE i gniazdem CEE z uchyln\u0105 klapk\u0105 <\/li>\n<li>wtyczki i gniazda najnowszej generacji \u201eMade in Germany\u201d <\/li>\n<li>400 V, 5P, 6h <\/li>\n<li>IP44: chroniony przed cia\u0142ami obcymi i bryzgami wody<\/li>\n<\/ul>","protected":false},"featured_media":30793,"template":"","meta":{"inline_featured_image":false},"genre":[509],"product_cat":[518,569],"product_tag":[],"class_list":{"0":"post-31103","1":"product","2":"type-product","3":"status-publish","4":"has-post-thumbnail","6":"product_brand-as-schwabe-pl","7":"product_cat-asortyment-produktow-cee-400-v-pl","8":"product_cat-przedluzacze-cee-i-wtyczki-testujace-cee-pl","10":"first","11":"instock","12":"shipping-taxable","13":"product-type-simple"},"aioseo_notices":[],"_links":{"self":[{"href":"https:\/\/as-schwabe.de\/pl\/wp-json\/wp\/v2\/product\/31103","targetHints":{"allow":["GET"]}}],"collection":[{"href":"https:\/\/as-schwabe.de\/pl\/wp-json\/wp\/v2\/product"}],"about":[{"href":"https:\/\/as-schwabe.de\/pl\/wp-json\/wp\/v2\/types\/product"}],"version-history":[{"count":0,"href":"https:\/\/as-schwabe.de\/pl\/wp-json\/wp\/v2\/product\/31103\/revisions"}],"wp:featuredmedia":[{"embeddable":true,"href":"https:\/\/as-schwabe.de\/pl\/wp-json\/wp\/v2\/media\/30793"}],"wp:attachment":[{"href":"https:\/\/as-schwabe.de\/pl\/wp-json\/wp\/v2\/media?parent=31103"}],"wp:term":[{"taxonomy":"product_brand","embeddable":true,"href":"https:\/\/as-schwabe.de\/pl\/wp-json\/wp\/v2\/genre?post=31103"},{"taxonomy":"product_cat","embeddable":true,"href":"https:\/\/as-schwabe.de\/pl\/wp-json\/wp\/v2\/product_cat?post=31103"},{"taxonomy":"product_tag","embeddable":true,"href":"https:\/\/as-schwabe.de\/pl\/wp-json\/wp\/v2\/product_tag?post=31103"}],"curies":[{"name":"wp","href":"https:\/\/api.w.org\/{rel}","templated":true}]}}