{"id":31097,"date":"2025-09-26T23:05:47","date_gmt":"2025-09-26T23:05:47","guid":{"rendered":"https:\/\/as-schwabe.de\/produkt\/rozdzielnica-kompaktowa-powerlight-mixo-cee-3p-saale-60497\/"},"modified":"2025-10-23T00:16:39","modified_gmt":"2025-10-23T00:16:39","slug":"rozdzielnica-kompaktowa-powerlight-mixo-cee-3p-saale-60497","status":"publish","type":"product","link":"https:\/\/as-schwabe.de\/pl\/produkt\/rozdzielnica-kompaktowa-powerlight-mixo-cee-3p-saale-60497\/","title":{"rendered":"Rozdzielnica kompaktowa MIXO CEE 3P &#8211; &#8222;SAALE&#8220; | 60497"},"content":{"rendered":"<p>Rozdzielnica kompaktowa MIXO CEE 3P &#8222;SAALE&#8220; to innowacyjne rozwi\u0105zanie idealne dla aplikacji przemys\u0142owych oraz budowlanych, kt\u00f3re wymagaj\u0105 niezawodnego zasilania. Wyposa\u017cona w wtyczk\u0119 tablicow\u0105 CEE 230 V, 16 A oraz r\u00f3\u017cnorodne gniazda, w tym 2x gniazdo z klapk\u0105 i uziemieniem, 1x gniazdo CEE oraz gniazdo Powerlight, rozdzielnica umo\u017cliwia efektywne pod\u0142\u0105czenie wielu urz\u0105dze\u0144 jednocze\u015bnie. Dzi\u0119ki klasie ochrony IP44, produkt jest odporny na dzia\u0142anie warunk\u00f3w atmosferycznych, co czyni go odpowiednim do stosowania na zewn\u0105trz. Maksymalne obci\u0105\u017cenie 230 V, 16 A oraz moc 3500 W gwarantuj\u0105 stabilne dzia\u0142anie w r\u00f3\u017cnych zastosowaniach. Przew\u00f3d H05RN-F 3G2,5 o d\u0142ugo\u015bci 1,5 m zapewnia dodatkow\u0105 elastyczno\u015b\u0107 w instalacji. MIXO CEE 3P &#8222;SAALE&#8220; to niezawodne i funkcjonalne rozwi\u0105zanie dla ka\u017cdego profesjonalisty w bran\u017cy elektrotechnicznej.<\/p>","protected":false},"excerpt":{"rendered":"<div class=\"icons\" style=\"display: flex; flex-wrap: wrap; gap: 5px; align-items: center; margin-top: 10px;\"><img decoding=\"async\" src=\"https:\/\/as-schwabe.de\/wp-content\/uploads\/ikony\/znak_SCH.png\" alt=\"\" width=\"45\" height=\"50\" \/><img decoding=\"async\" src=\"https:\/\/as-schwabe.de\/wp-content\/uploads\/ikony\/znak_CE.png\" alt=\"\" width=\"50\" height=\"50\" \/><img decoding=\"async\" src=\"https:\/\/as-schwabe.de\/wp-content\/uploads\/ikony\/znak_IP44.png\" alt=\"\" width=\"50\" height=\"50\" \/><img loading=\"lazy\" decoding=\"async\" src=\"https:\/\/as-schwabe.de\/wp-content\/uploads\/ikony\/znak_Z.png\" alt=\"\" width=\"50\" height=\"50\" \/><img loading=\"lazy\" decoding=\"async\" src=\"https:\/\/as-schwabe.de\/wp-content\/uploads\/ikony\/znak_D.png\" alt=\"\" width=\"50\" height=\"50\" \/><img loading=\"lazy\" decoding=\"async\" src=\"https:\/\/as-schwabe.de\/wp-content\/uploads\/ikony\/znak_DE.png\" alt=\"\" width=\"50\" height=\"40\" \/><\/div>\n<ul>\n<li>mobilne rozdzielnice pr\u0105du, uniwersalne i zajmuj\u0105ce ma\u0142o miejsca <\/li>\n<li>obudowa wykonana z wytrzyma\u0142ego, bardzo odpornego na uszkodzenia specjalnego tworzywa sztucznego <\/li>\n<li>obci\u0105\u017calno\u015b\u0107 do 16 A \/ ok. 3,5 kW <\/li>\n<li>IP44: chroniony przed cia\u0142ami obcymi i bryzgami wody<\/li>\n<\/ul>","protected":false},"featured_media":30781,"template":"","meta":{"inline_featured_image":false},"genre":[509],"product_cat":[515,578],"product_tag":[],"class_list":{"0":"post-31097","1":"product","2":"type-product","3":"status-publish","4":"has-post-thumbnail","6":"product_brand-as-schwabe-pl","7":"product_cat-kemping-i-caravaning-pl","8":"product_cat-rozdzielnice-elektryczne-pl","10":"first","11":"instock","12":"shipping-taxable","13":"product-type-simple"},"aioseo_notices":[],"_links":{"self":[{"href":"https:\/\/as-schwabe.de\/pl\/wp-json\/wp\/v2\/product\/31097","targetHints":{"allow":["GET"]}}],"collection":[{"href":"https:\/\/as-schwabe.de\/pl\/wp-json\/wp\/v2\/product"}],"about":[{"href":"https:\/\/as-schwabe.de\/pl\/wp-json\/wp\/v2\/types\/product"}],"version-history":[{"count":0,"href":"https:\/\/as-schwabe.de\/pl\/wp-json\/wp\/v2\/product\/31097\/revisions"}],"wp:featuredmedia":[{"embeddable":true,"href":"https:\/\/as-schwabe.de\/pl\/wp-json\/wp\/v2\/media\/30781"}],"wp:attachment":[{"href":"https:\/\/as-schwabe.de\/pl\/wp-json\/wp\/v2\/media?parent=31097"}],"wp:term":[{"taxonomy":"product_brand","embeddable":true,"href":"https:\/\/as-schwabe.de\/pl\/wp-json\/wp\/v2\/genre?post=31097"},{"taxonomy":"product_cat","embeddable":true,"href":"https:\/\/as-schwabe.de\/pl\/wp-json\/wp\/v2\/product_cat?post=31097"},{"taxonomy":"product_tag","embeddable":true,"href":"https:\/\/as-schwabe.de\/pl\/wp-json\/wp\/v2\/product_tag?post=31097"}],"curies":[{"name":"wp","href":"https:\/\/api.w.org\/{rel}","templated":true}]}}