{"id":31096,"date":"2025-09-26T23:05:46","date_gmt":"2025-09-26T23:05:46","guid":{"rendered":"https:\/\/as-schwabe.de\/produkt\/rozdzielnica-kompaktowa-powerlight-mixo-cee-3p-ems-60496\/"},"modified":"2025-10-23T00:16:39","modified_gmt":"2025-10-23T00:16:39","slug":"rozdzielnica-kompaktowa-powerlight-mixo-cee-3p-ems-60496","status":"publish","type":"product","link":"https:\/\/as-schwabe.de\/pl\/produkt\/rozdzielnica-kompaktowa-powerlight-mixo-cee-3p-ems-60496\/","title":{"rendered":"Rozdzielnica kompaktowa MIXO CEE 3P &#8211; &#8222;EMS&#8220; | 60496"},"content":{"rendered":"<p>Rozdzielnica kompaktowa MIXO CEE 3P &#8211; &#8222;EMS&#8220; to solidne i wszechstronne urz\u0105dzenie, idealne do zasilania sprz\u0119tu elektrycznego w warunkach zewn\u0119trznych. Wyposa\u017cona w przew\u00f3d zasilaj\u0105cy H07RN-F 3G2,5 o d\u0142ugo\u015bci 1,5 m z wtyczk\u0105 CEE 230 V, 16 A oraz r\u00f3\u017cnorodne gniazda, w tym jedno z klapk\u0105 i uziemieniem oraz dwa gniazda CEE, zapewnia wygodny dost\u0119p do zasilania. Dzi\u0119ki maksymalnej mocy 3500 W oraz stopniowi ochrony IP44, rozdzielnica gwarantuje niezawodno\u015b\u0107 i bezpiecze\u0144stwo u\u017cytkowania w trudniejszych warunkach atmosferycznych. Idealnie sprawdzi si\u0119 w budownictwie, na imprezach plenerowych oraz w miejscach, gdzie potrzebne jest tymczasowe zasilanie. Wybierz MIXO CEE 3P &#8211; &#8222;EMS&#8220; dla pewnego i efektywnego zasilania w ka\u017cdych warunkach.<\/p>","protected":false},"excerpt":{"rendered":"<div class=\"icons\" style=\"display: flex; flex-wrap: wrap; gap: 5px; align-items: center; margin-top: 10px;\"><img decoding=\"async\" src=\"https:\/\/as-schwabe.de\/wp-content\/uploads\/ikony\/znak_SCH.png\" alt=\"\" width=\"45\" height=\"50\" \/><img decoding=\"async\" src=\"https:\/\/as-schwabe.de\/wp-content\/uploads\/ikony\/znak_CE.png\" alt=\"\" width=\"50\" height=\"50\" \/><img decoding=\"async\" src=\"https:\/\/as-schwabe.de\/wp-content\/uploads\/ikony\/znak_IP44.png\" alt=\"\" width=\"50\" height=\"50\" \/><img loading=\"lazy\" decoding=\"async\" src=\"https:\/\/as-schwabe.de\/wp-content\/uploads\/ikony\/znak_Z.png\" alt=\"\" width=\"50\" height=\"50\" \/><img loading=\"lazy\" decoding=\"async\" src=\"https:\/\/as-schwabe.de\/wp-content\/uploads\/ikony\/znak_D.png\" alt=\"\" width=\"50\" height=\"50\" \/><img loading=\"lazy\" decoding=\"async\" src=\"https:\/\/as-schwabe.de\/wp-content\/uploads\/ikony\/znak_DE.png\" alt=\"\" width=\"50\" height=\"40\" \/><\/div>\n<ul>\n<li>mobilne rozdzielnice pr\u0105du, uniwersalne i zajmuj\u0105ce ma\u0142o miejsca <\/li>\n<li>obudowa wykonana z wytrzyma\u0142ego, bardzo odpornego na uszkodzenia specjalnego tworzywa sztucznego <\/li>\n<li>obci\u0105\u017calno\u015b\u0107 do 16 A \/ ok. 3,5 kW <\/li>\n<li>IP44: chroniony przed cia\u0142ami obcymi i bryzgami wody<\/li>\n<\/ul>","protected":false},"featured_media":30780,"template":"","meta":{"inline_featured_image":false},"genre":[509],"product_cat":[515,578],"product_tag":[],"class_list":{"0":"post-31096","1":"product","2":"type-product","3":"status-publish","4":"has-post-thumbnail","6":"product_brand-as-schwabe-pl","7":"product_cat-kemping-i-caravaning-pl","8":"product_cat-rozdzielnice-elektryczne-pl","10":"first","11":"instock","12":"shipping-taxable","13":"product-type-simple"},"aioseo_notices":[],"_links":{"self":[{"href":"https:\/\/as-schwabe.de\/pl\/wp-json\/wp\/v2\/product\/31096","targetHints":{"allow":["GET"]}}],"collection":[{"href":"https:\/\/as-schwabe.de\/pl\/wp-json\/wp\/v2\/product"}],"about":[{"href":"https:\/\/as-schwabe.de\/pl\/wp-json\/wp\/v2\/types\/product"}],"version-history":[{"count":0,"href":"https:\/\/as-schwabe.de\/pl\/wp-json\/wp\/v2\/product\/31096\/revisions"}],"wp:featuredmedia":[{"embeddable":true,"href":"https:\/\/as-schwabe.de\/pl\/wp-json\/wp\/v2\/media\/30780"}],"wp:attachment":[{"href":"https:\/\/as-schwabe.de\/pl\/wp-json\/wp\/v2\/media?parent=31096"}],"wp:term":[{"taxonomy":"product_brand","embeddable":true,"href":"https:\/\/as-schwabe.de\/pl\/wp-json\/wp\/v2\/genre?post=31096"},{"taxonomy":"product_cat","embeddable":true,"href":"https:\/\/as-schwabe.de\/pl\/wp-json\/wp\/v2\/product_cat?post=31096"},{"taxonomy":"product_tag","embeddable":true,"href":"https:\/\/as-schwabe.de\/pl\/wp-json\/wp\/v2\/product_tag?post=31096"}],"curies":[{"name":"wp","href":"https:\/\/api.w.org\/{rel}","templated":true}]}}