{"id":31094,"date":"2025-09-26T23:05:45","date_gmt":"2025-09-26T23:05:45","guid":{"rendered":"https:\/\/as-schwabe.de\/produkt\/rozdzielnica-kompaktowa-mixo-cee-3p-adapter-60494\/"},"modified":"2025-10-23T00:16:38","modified_gmt":"2025-10-23T00:16:38","slug":"rozdzielnica-kompaktowa-mixo-cee-3p-adapter-60494","status":"publish","type":"product","link":"https:\/\/as-schwabe.de\/pl\/produkt\/rozdzielnica-kompaktowa-mixo-cee-3p-adapter-60494\/","title":{"rendered":"Rozdzielnica kompaktowa MIXO CEE 3P &#8211; ADAPTER | 60494"},"content":{"rendered":"<p>Rozdzielnica kompaktowa MIXO CEE 3P to idealne rozwi\u0105zanie do zasilania urz\u0105dze\u0144 elektrycznych w warunkach budowlanych oraz na zewn\u0105trz. Wyposa\u017cona w wtyczk\u0119 tablicow\u0105 CEE 230 V, 16 A oraz jedno gniazdo z klapk\u0105 i uziemieniem, oferuje maksymalne napi\u0119cie 230 V oraz obci\u0105\u017cenie do 16 A (3500 W). Dzi\u0119ki klasie ochrony IP44, produkt jest odporny na dzia\u0142anie szkodliwych czynnik\u00f3w atmosferycznych, co zapewnia jego niezawodno\u015b\u0107 i bezpiecze\u0144stwo u\u017cytkowania w trudnych warunkach. Rozdzielnica MIXO CEE 3P to funkcjonalny i trwa\u0142y element, kt\u00f3ry zwi\u0119ksza komfort i efektywno\u015b\u0107 pracy na budowie oraz w innych zastosowaniach zewn\u0119trznych.<\/p>","protected":false},"excerpt":{"rendered":"<div class=\"icons\" style=\"display: flex; flex-wrap: wrap; gap: 5px; align-items: center; margin-top: 10px;\"><img decoding=\"async\" src=\"https:\/\/as-schwabe.de\/wp-content\/uploads\/ikony\/znak_SCH.png\" alt=\"\" width=\"45\" height=\"50\" \/><img decoding=\"async\" src=\"https:\/\/as-schwabe.de\/wp-content\/uploads\/ikony\/znak_CE.png\" alt=\"\" width=\"50\" height=\"50\" \/><img decoding=\"async\" src=\"https:\/\/as-schwabe.de\/wp-content\/uploads\/ikony\/znak_IP44.png\" alt=\"\" width=\"50\" height=\"50\" \/><img loading=\"lazy\" decoding=\"async\" src=\"https:\/\/as-schwabe.de\/wp-content\/uploads\/ikony\/znak_Z.png\" alt=\"\" width=\"50\" height=\"50\" \/><img loading=\"lazy\" decoding=\"async\" src=\"https:\/\/as-schwabe.de\/wp-content\/uploads\/ikony\/znak_D.png\" alt=\"\" width=\"50\" height=\"50\" \/><img loading=\"lazy\" decoding=\"async\" src=\"https:\/\/as-schwabe.de\/wp-content\/uploads\/ikony\/znak_DE.png\" alt=\"\" width=\"50\" height=\"40\" \/><\/div>\n<ul>\n<li>mobilne rozdzielnice pr\u0105du, uniwersalne i zajmuj\u0105ce ma\u0142o miejsca <\/li>\n<li>obudowa wykonana z wytrzyma\u0142ego, bardzo odpornego na uszkodzenia specjalnego tworzywa sztucznego <\/li>\n<li>obci\u0105\u017calno\u015b\u0107 do 16 A \/ ok. 3,5 kW <\/li>\n<li>IP44: chroniony przed cia\u0142ami obcymi i bryzgami wody<\/li>\n<\/ul>","protected":false},"featured_media":30776,"template":"","meta":{"inline_featured_image":false},"genre":[509],"product_cat":[515,578],"product_tag":[],"class_list":{"0":"post-31094","1":"product","2":"type-product","3":"status-publish","4":"has-post-thumbnail","6":"product_brand-as-schwabe-pl","7":"product_cat-kemping-i-caravaning-pl","8":"product_cat-rozdzielnice-elektryczne-pl","10":"first","11":"instock","12":"shipping-taxable","13":"product-type-simple"},"aioseo_notices":[],"_links":{"self":[{"href":"https:\/\/as-schwabe.de\/pl\/wp-json\/wp\/v2\/product\/31094","targetHints":{"allow":["GET"]}}],"collection":[{"href":"https:\/\/as-schwabe.de\/pl\/wp-json\/wp\/v2\/product"}],"about":[{"href":"https:\/\/as-schwabe.de\/pl\/wp-json\/wp\/v2\/types\/product"}],"version-history":[{"count":0,"href":"https:\/\/as-schwabe.de\/pl\/wp-json\/wp\/v2\/product\/31094\/revisions"}],"wp:featuredmedia":[{"embeddable":true,"href":"https:\/\/as-schwabe.de\/pl\/wp-json\/wp\/v2\/media\/30776"}],"wp:attachment":[{"href":"https:\/\/as-schwabe.de\/pl\/wp-json\/wp\/v2\/media?parent=31094"}],"wp:term":[{"taxonomy":"product_brand","embeddable":true,"href":"https:\/\/as-schwabe.de\/pl\/wp-json\/wp\/v2\/genre?post=31094"},{"taxonomy":"product_cat","embeddable":true,"href":"https:\/\/as-schwabe.de\/pl\/wp-json\/wp\/v2\/product_cat?post=31094"},{"taxonomy":"product_tag","embeddable":true,"href":"https:\/\/as-schwabe.de\/pl\/wp-json\/wp\/v2\/product_tag?post=31094"}],"curies":[{"name":"wp","href":"https:\/\/api.w.org\/{rel}","templated":true}]}}