{"id":31093,"date":"2025-09-26T23:05:44","date_gmt":"2025-09-26T23:05:44","guid":{"rendered":"https:\/\/as-schwabe.de\/produkt\/wtyczka-do-wbudowania-cee-230-v-16-a-3p-bia-60484\/"},"modified":"2025-10-23T00:16:37","modified_gmt":"2025-10-23T00:16:37","slug":"wtyczka-do-wbudowania-cee-230-v-16-a-3p-bia-60484","status":"publish","type":"product","link":"https:\/\/as-schwabe.de\/pl\/produkt\/wtyczka-do-wbudowania-cee-230-v-16-a-3p-bia-60484\/","title":{"rendered":"Wtyczka do wbudowania z uchyln\u0105 pokryw\u0105 CEE 230 V, 16 A, 3P BIA IP44 | 60484"},"content":{"rendered":"<p>Wtyczka do wbudowania CEE 230 V, 16 A, 3P z uchyln\u0105 pokryw\u0105 to rozwi\u0105zanie dedykowane do zasilania przyczep kempingowych oraz innych aplikacji wymagaj\u0105cych niezawodnego \u017ar\u00f3d\u0142a energii na \u015bwie\u017cym powietrzu. Wykonana w kolorze bia\u0142ym, charakteryzuje si\u0119 stopniem ochrony IP44, co zapewnia jej odporno\u015b\u0107 na dzia\u0142anie wilgoci oraz py\u0142\u00f3w, czyni\u0105c j\u0105 idealnym wyborem do u\u017cytku na zewn\u0105trz. System uchylnej pokrywy u\u0142atwia u\u017cytkowanie, chroni\u0105c z\u0142\u0105cze przed zanieczyszczeniami i uszkodzeniami. Dzi\u0119ki standardowi CEE, wtyczka gwarantuje stabilne po\u0142\u0105czenie oraz bezpiecze\u0144stwo u\u017cytkowania w r\u00f3\u017cnych warunkach atmosferycznych. Wybieraj\u0105c t\u0119 wtyczk\u0119, zyskujesz pewno\u015b\u0107 niezawodnego zasilania w ka\u017cdych okoliczno\u015bciach.<\/p>","protected":false},"excerpt":{"rendered":"<div class=\"icons\" style=\"display: flex; flex-wrap: wrap; gap: 5px; align-items: center; margin-top: 10px;\"><img decoding=\"async\" src=\"https:\/\/as-schwabe.de\/wp-content\/uploads\/ikony\/znak_CE.png\" alt=\"\" width=\"50\" height=\"50\" \/><img decoding=\"async\" src=\"https:\/\/as-schwabe.de\/wp-content\/uploads\/ikony\/znak_IP44.png\" alt=\"\" width=\"50\" height=\"50\" \/><img decoding=\"async\" src=\"https:\/\/as-schwabe.de\/wp-content\/uploads\/ikony\/znak_Z.png\" alt=\"\" width=\"50\" height=\"50\" \/><img loading=\"lazy\" decoding=\"async\" src=\"https:\/\/as-schwabe.de\/wp-content\/uploads\/ikony\/znak_DE.png\" alt=\"\" width=\"50\" height=\"40\" \/><\/div>\n<ul>\n<li>wysokiej jako\u015bci z\u0142\u0105cza zasilaj\u0105ce do samodzielnego monta\u017cu <\/li>\n<li>CEE 230 V, 16 A, 3P <\/li>\n<li>IP44: chroniony przed cia\u0142ami obcymi i bryzgami wody <\/li>\n<li>wymiary ko\u0142nierza wys. x szer. w mm: 110 x 104 <\/li>\n<li>rozstaw otwor\u00f3w wys. x szer. w mm: 90x 77,5 <\/li>\n<li>g\u0142\u0119boko\u015b\u0107 monta\u017cu w mm: 82<\/li>\n<\/ul>","protected":false},"featured_media":30769,"template":"","meta":{"inline_featured_image":false},"genre":[509],"product_cat":[515,577],"product_tag":[],"class_list":{"0":"post-31093","1":"product","2":"type-product","3":"status-publish","4":"has-post-thumbnail","6":"product_brand-as-schwabe-pl","7":"product_cat-kemping-i-caravaning-pl","8":"product_cat-wtyczki-cee-do-wbudowania-pl","10":"first","11":"instock","12":"shipping-taxable","13":"product-type-simple"},"aioseo_notices":[],"_links":{"self":[{"href":"https:\/\/as-schwabe.de\/pl\/wp-json\/wp\/v2\/product\/31093","targetHints":{"allow":["GET"]}}],"collection":[{"href":"https:\/\/as-schwabe.de\/pl\/wp-json\/wp\/v2\/product"}],"about":[{"href":"https:\/\/as-schwabe.de\/pl\/wp-json\/wp\/v2\/types\/product"}],"version-history":[{"count":0,"href":"https:\/\/as-schwabe.de\/pl\/wp-json\/wp\/v2\/product\/31093\/revisions"}],"wp:featuredmedia":[{"embeddable":true,"href":"https:\/\/as-schwabe.de\/pl\/wp-json\/wp\/v2\/media\/30769"}],"wp:attachment":[{"href":"https:\/\/as-schwabe.de\/pl\/wp-json\/wp\/v2\/media?parent=31093"}],"wp:term":[{"taxonomy":"product_brand","embeddable":true,"href":"https:\/\/as-schwabe.de\/pl\/wp-json\/wp\/v2\/genre?post=31093"},{"taxonomy":"product_cat","embeddable":true,"href":"https:\/\/as-schwabe.de\/pl\/wp-json\/wp\/v2\/product_cat?post=31093"},{"taxonomy":"product_tag","embeddable":true,"href":"https:\/\/as-schwabe.de\/pl\/wp-json\/wp\/v2\/product_tag?post=31093"}],"curies":[{"name":"wp","href":"https:\/\/api.w.org\/{rel}","templated":true}]}}