{"id":31092,"date":"2025-09-26T23:05:43","date_gmt":"2025-09-26T23:05:43","guid":{"rendered":"https:\/\/as-schwabe.de\/produkt\/adapter-cee-wtyk-ip44-na-gniazdo-cee-3p-z-dodatkowym-gniazdem-ip44-230-v-16-a-3p-h07rn-f-3g25-15-m-60483\/"},"modified":"2025-10-23T00:16:37","modified_gmt":"2025-10-23T00:16:37","slug":"adapter-cee-wtyk-ip44-na-gniazdo-cee-3p-z-dodatkowym-gniazdem-ip44-230-v-16-a-3p-h07rn-f-3g25-15-m-60483","status":"publish","type":"product","link":"https:\/\/as-schwabe.de\/pl\/produkt\/adapter-cee-wtyk-ip44-na-gniazdo-cee-3p-z-dodatkowym-gniazdem-ip44-230-v-16-a-3p-h07rn-f-3g25-15-m-60483\/","title":{"rendered":"Przed\u0142u\u017cacz adapter CEE 230 V, 16 A, 3P, wtyczka z uziemieniem na gniazdo k\u0105towe CEE 3P z dodatkowym gniazdem 230 V, 16 A 1,5 m H07RN-F 3G2,5 CZA IP44 | 60483"},"content":{"rendered":"<p>Przed\u0142u\u017cacz adapter CEE 230 V, 16 A, 3P o d\u0142ugo\u015bci 1,5 m to niezawodne rozwi\u0105zanie do zasilania urz\u0105dze\u0144 elektrycznych w warunkach zewn\u0119trznych. Wykonany z wysokiej jako\u015bci materia\u0142\u00f3w, posiada wej\u015bcie H07RN-F 3G2,5 oraz gniazdo k\u0105towe CEE 230 V, 16 A, 3P z dodatkowym gniazdem IP44, co zapewnia najwy\u017cszy poziom ochrony przed wilgoci\u0105 i py\u0142em (IP44). W zestawie znajduje si\u0119 tak\u017ce praktyczna ta\u015bma Velcro z metalowym uszkiem, umo\u017cliwiaj\u0105ca \u0142atwe zawieszanie adaptera. Produkt ten obs\u0142uguje maksymalne obci\u0105\u017cenie do 3500W, co czyni go idealnym wyborem do zastosowa\u0144 w ogrodnictwie, budownictwie oraz na imprezach plenerowych. Dzi\u0119ki zastosowaniu uziemienia 2P+Z, u\u017cytkownicy mog\u0105 cieszy\u0107 si\u0119 dodatkowym bezpiecze\u0144stwem podczas korzystania z urz\u0105dze\u0144 elektrycznych na \u015bwie\u017cym powietrzu.<\/p>","protected":false},"excerpt":{"rendered":"<div class=\"icons\" style=\"display: flex; flex-wrap: wrap; gap: 5px; align-items: center; margin-top: 10px;\"><img decoding=\"async\" src=\"https:\/\/as-schwabe.de\/wp-content\/uploads\/ikony\/znak_CE.png\" alt=\"\" width=\"50\" height=\"50\" \/><img decoding=\"async\" src=\"https:\/\/as-schwabe.de\/wp-content\/uploads\/ikony\/znak_IP44.png\" alt=\"\" width=\"50\" height=\"50\" \/><img decoding=\"async\" src=\"https:\/\/as-schwabe.de\/wp-content\/uploads\/ikony\/znak_Z.png\" alt=\"\" width=\"50\" height=\"50\" \/><img loading=\"lazy\" decoding=\"async\" src=\"https:\/\/as-schwabe.de\/wp-content\/uploads\/ikony\/znak_D.png\" alt=\"\" width=\"50\" height=\"50\" \/><img loading=\"lazy\" decoding=\"async\" src=\"https:\/\/as-schwabe.de\/wp-content\/uploads\/ikony\/znak_DE.png\" alt=\"\" width=\"50\" height=\"40\" \/><\/div>\n<ul>\n<li>z bardzo wytrzyma\u0142ym neoprenowym przewodem klasy H07 <\/li>\n<li>zawiera opaski kablowe Velcro na rzepy z metalowym uszkiem do zawieszania <\/li>\n<li>IP44: chroniony przed cia\u0142ami obcymi i bryzgami wody <\/li>\n<li>1x wtyczka z uziemieniem 230 V, 16 A <\/li>\n<li>1x gniazdo k\u0105towe CEE z klapk\u0105 uchyln\u0105 230 V, 16 A, 3P <\/li>\n<li>zawiera opaski kablowe Velcro na rzepy z metalowym uszkiem do zawieszania<\/li>\n<\/ul>","protected":false},"featured_media":30764,"template":"","meta":{"inline_featured_image":false},"genre":[509],"product_cat":[515,576],"product_tag":[],"class_list":{"0":"post-31092","1":"product","2":"type-product","3":"status-publish","4":"has-post-thumbnail","6":"product_brand-as-schwabe-pl","7":"product_cat-kemping-i-caravaning-pl","8":"product_cat-adaptery-pl","10":"first","11":"instock","12":"shipping-taxable","13":"product-type-simple"},"aioseo_notices":[],"_links":{"self":[{"href":"https:\/\/as-schwabe.de\/pl\/wp-json\/wp\/v2\/product\/31092","targetHints":{"allow":["GET"]}}],"collection":[{"href":"https:\/\/as-schwabe.de\/pl\/wp-json\/wp\/v2\/product"}],"about":[{"href":"https:\/\/as-schwabe.de\/pl\/wp-json\/wp\/v2\/types\/product"}],"version-history":[{"count":0,"href":"https:\/\/as-schwabe.de\/pl\/wp-json\/wp\/v2\/product\/31092\/revisions"}],"wp:featuredmedia":[{"embeddable":true,"href":"https:\/\/as-schwabe.de\/pl\/wp-json\/wp\/v2\/media\/30764"}],"wp:attachment":[{"href":"https:\/\/as-schwabe.de\/pl\/wp-json\/wp\/v2\/media?parent=31092"}],"wp:term":[{"taxonomy":"product_brand","embeddable":true,"href":"https:\/\/as-schwabe.de\/pl\/wp-json\/wp\/v2\/genre?post=31092"},{"taxonomy":"product_cat","embeddable":true,"href":"https:\/\/as-schwabe.de\/pl\/wp-json\/wp\/v2\/product_cat?post=31092"},{"taxonomy":"product_tag","embeddable":true,"href":"https:\/\/as-schwabe.de\/pl\/wp-json\/wp\/v2\/product_tag?post=31092"}],"curies":[{"name":"wp","href":"https:\/\/api.w.org\/{rel}","templated":true}]}}