{"id":31091,"date":"2025-09-26T23:05:43","date_gmt":"2025-09-26T23:05:43","guid":{"rendered":"https:\/\/as-schwabe.de\/produkt\/gniazdo-tablicowe-cee-230-v-16-a-3p-60480\/"},"modified":"2025-10-23T00:16:36","modified_gmt":"2025-10-23T00:16:36","slug":"gniazdo-tablicowe-cee-230-v-16-a-3p-60480","status":"publish","type":"product","link":"https:\/\/as-schwabe.de\/pl\/produkt\/gniazdo-tablicowe-cee-230-v-16-a-3p-60480\/","title":{"rendered":"Gniazdo tablicowe CEE 230 V, 16 A, 3P IP44 | 60480"},"content":{"rendered":"<p>Gniazdo tablicowe CEE 230 V, 16 A, 3P; IP44 to urz\u0105dzenie zaprojektowane z my\u015bl\u0105 o szerokim zakresie zastosowa\u0144 w warunkach zewn\u0119trznych. Oferuje wysok\u0105 odporno\u015b\u0107 na dzia\u0142anie wilgoci oraz py\u0142u, dzi\u0119ki klasie ochrony IP44, co czyni je idealnym rozwi\u0105zaniem dla bud\u00f3w, warsztat\u00f3w i wszelkich instalacji elektrycznych na otwartym terenie. System trzech faz (3P) umo\u017cliwia stabilne zasilanie r\u00f3\u017cnorodnych urz\u0105dze\u0144 elektrycznych, zapewniaj\u0105c jednocze\u015bnie bezpiecze\u0144stwo u\u017cytkowania. Gniazdo jest \u0142atwe w monta\u017cu i obs\u0142udze, co przyspiesza proces instalacji oraz minimalizuje ryzyko b\u0142\u0119d\u00f3w. Wybieraj\u0105c to gniazdo, inwestujesz w niezawodno\u015b\u0107 i efektywno\u015b\u0107 zasilania w trudnych warunkach.<\/p>","protected":false},"excerpt":{"rendered":"<div class=\"icons\" style=\"display: flex; flex-wrap: wrap; gap: 5px; align-items: center; margin-top: 10px;\"><img decoding=\"async\" src=\"https:\/\/as-schwabe.de\/wp-content\/uploads\/ikony\/znak_CE.png\" alt=\"\" width=\"50\" height=\"50\" \/><img decoding=\"async\" src=\"https:\/\/as-schwabe.de\/wp-content\/uploads\/ikony\/znak_IP44.png\" alt=\"\" width=\"50\" height=\"50\" \/><img decoding=\"async\" src=\"https:\/\/as-schwabe.de\/wp-content\/uploads\/ikony\/znak_Z.png\" alt=\"\" width=\"50\" height=\"50\" \/><\/div>\n<ul>\n<li>wysokiej jako\u015bci gniazda z obudow\u0105 odporn\u0105 na uderzenia <\/li>\n<li>po\u0142\u0105czenie kablowe do 3G2,5 <\/li>\n<li>IP44: chroniony przed cia\u0142ami obcymi i bryzgami wody <\/li>\n<li>gniazdo tablicowe CEE 230 V, 16 A, 3P<\/li>\n<\/ul>","protected":false},"featured_media":30757,"template":"","meta":{"inline_featured_image":false},"genre":[509],"product_cat":[515,575],"product_tag":[],"class_list":{"0":"post-31091","1":"product","2":"type-product","3":"status-publish","4":"has-post-thumbnail","6":"product_brand-as-schwabe-pl","7":"product_cat-kemping-i-caravaning-pl","8":"product_cat-wtyczki-i-gniazda-cee-kemping-i-caravaning-pl","10":"first","11":"instock","12":"shipping-taxable","13":"product-type-simple"},"aioseo_notices":[],"_links":{"self":[{"href":"https:\/\/as-schwabe.de\/pl\/wp-json\/wp\/v2\/product\/31091","targetHints":{"allow":["GET"]}}],"collection":[{"href":"https:\/\/as-schwabe.de\/pl\/wp-json\/wp\/v2\/product"}],"about":[{"href":"https:\/\/as-schwabe.de\/pl\/wp-json\/wp\/v2\/types\/product"}],"version-history":[{"count":0,"href":"https:\/\/as-schwabe.de\/pl\/wp-json\/wp\/v2\/product\/31091\/revisions"}],"wp:featuredmedia":[{"embeddable":true,"href":"https:\/\/as-schwabe.de\/pl\/wp-json\/wp\/v2\/media\/30757"}],"wp:attachment":[{"href":"https:\/\/as-schwabe.de\/pl\/wp-json\/wp\/v2\/media?parent=31091"}],"wp:term":[{"taxonomy":"product_brand","embeddable":true,"href":"https:\/\/as-schwabe.de\/pl\/wp-json\/wp\/v2\/genre?post=31091"},{"taxonomy":"product_cat","embeddable":true,"href":"https:\/\/as-schwabe.de\/pl\/wp-json\/wp\/v2\/product_cat?post=31091"},{"taxonomy":"product_tag","embeddable":true,"href":"https:\/\/as-schwabe.de\/pl\/wp-json\/wp\/v2\/product_tag?post=31091"}],"curies":[{"name":"wp","href":"https:\/\/api.w.org\/{rel}","templated":true}]}}