{"id":31089,"date":"2025-09-26T23:05:41","date_gmt":"2025-09-26T23:05:41","guid":{"rendered":"https:\/\/as-schwabe.de\/produkt\/gniazdo-katowe-cee-230-v-16-a-3p-z-dodatkowym-gniazdem-60474\/"},"modified":"2025-10-23T00:16:35","modified_gmt":"2025-10-23T00:16:35","slug":"gniazdo-katowe-cee-230-v-16-a-3p-z-dodatkowym-gniazdem-60474","status":"publish","type":"product","link":"https:\/\/as-schwabe.de\/pl\/produkt\/gniazdo-katowe-cee-230-v-16-a-3p-z-dodatkowym-gniazdem-60474\/","title":{"rendered":"Gniazdo k\u0105towe CEE 230 V, 16 A, 3P z dodatkowym gniazdem IP44 z klapk\u0105 i uziemieniem 230 V, 16 A IP44 | 60474"},"content":{"rendered":"<p>Gniazdo k\u0105towe CEE 230 V, 16 A, 3P z dodatkowym gniazdem IP44 to niezawodne rozwi\u0105zanie do u\u017cytku na zewn\u0105trz, zapewniaj\u0105ce wysok\u0105 odporno\u015b\u0107 na warunki atmosferyczne. Wyposa\u017cone w uziemienie 230 V, 16 A oraz system ochrony IP44, gniazdo gwarantuje bezpiecze\u0144stwo u\u017cytkowania oraz ochron\u0119 przed wilgoci\u0105 i py\u0142em. Dzi\u0119ki k\u0105towej konstrukcji, monta\u017c gniazda jest prosty i wygodny, co sprawia, \u017ce idealnie sprawdzi si\u0119 w r\u00f3\u017cnych aplikacjach, takich jak ogrody, tereny budowy oraz miejsca do pracy na \u015bwie\u017cym powietrzu. Dodatkowe gniazdo z klapk\u0105 zwi\u0119ksza funkcjonalno\u015b\u0107, umo\u017cliwiaj\u0105c jednoczesne zasilanie r\u00f3\u017cnych urz\u0105dze\u0144 elektrycznych. Gniazdo to \u0142\u0105czy w sobie wysok\u0105 jako\u015b\u0107 wykonania i nowoczesny design, co czyni je doskona\u0142ym wyborem dla profesjonalist\u00f3w oraz amator\u00f3w.<\/p>","protected":false},"excerpt":{"rendered":"<div class=\"icons\" style=\"display: flex; flex-wrap: wrap; gap: 5px; align-items: center; margin-top: 10px;\"><img decoding=\"async\" src=\"https:\/\/as-schwabe.de\/wp-content\/uploads\/ikony\/znak_CE.png\" alt=\"\" width=\"50\" height=\"50\" \/><img decoding=\"async\" src=\"https:\/\/as-schwabe.de\/wp-content\/uploads\/ikony\/znak_IP44.png\" alt=\"\" width=\"50\" height=\"50\" \/><img decoding=\"async\" src=\"https:\/\/as-schwabe.de\/wp-content\/uploads\/ikony\/znak_Z.png\" alt=\"\" width=\"50\" height=\"50\" \/><\/div>\n<ul>\n<li>wysokiej jako\u015bci gniazda z obudow\u0105 odporn\u0105 na uderzenia <\/li>\n<li>po\u0142\u0105czenie kablowe do 3G2,5 <\/li>\n<li>IP44: chroniony przed cia\u0142ami obcymi i bryzgami wody <\/li>\n<li>gniazdo ze zintegrowanym gniazdem z uziemieniem  CEE 230 V, 16 A, 3P<\/li>\n<\/ul>","protected":false},"featured_media":30753,"template":"","meta":{"inline_featured_image":false},"genre":[509],"product_cat":[515,575],"product_tag":[],"class_list":{"0":"post-31089","1":"product","2":"type-product","3":"status-publish","4":"has-post-thumbnail","6":"product_brand-as-schwabe-pl","7":"product_cat-kemping-i-caravaning-pl","8":"product_cat-wtyczki-i-gniazda-cee-kemping-i-caravaning-pl","10":"first","11":"instock","12":"shipping-taxable","13":"product-type-simple"},"aioseo_notices":[],"_links":{"self":[{"href":"https:\/\/as-schwabe.de\/pl\/wp-json\/wp\/v2\/product\/31089","targetHints":{"allow":["GET"]}}],"collection":[{"href":"https:\/\/as-schwabe.de\/pl\/wp-json\/wp\/v2\/product"}],"about":[{"href":"https:\/\/as-schwabe.de\/pl\/wp-json\/wp\/v2\/types\/product"}],"version-history":[{"count":0,"href":"https:\/\/as-schwabe.de\/pl\/wp-json\/wp\/v2\/product\/31089\/revisions"}],"wp:featuredmedia":[{"embeddable":true,"href":"https:\/\/as-schwabe.de\/pl\/wp-json\/wp\/v2\/media\/30753"}],"wp:attachment":[{"href":"https:\/\/as-schwabe.de\/pl\/wp-json\/wp\/v2\/media?parent=31089"}],"wp:term":[{"taxonomy":"product_brand","embeddable":true,"href":"https:\/\/as-schwabe.de\/pl\/wp-json\/wp\/v2\/genre?post=31089"},{"taxonomy":"product_cat","embeddable":true,"href":"https:\/\/as-schwabe.de\/pl\/wp-json\/wp\/v2\/product_cat?post=31089"},{"taxonomy":"product_tag","embeddable":true,"href":"https:\/\/as-schwabe.de\/pl\/wp-json\/wp\/v2\/product_tag?post=31089"}],"curies":[{"name":"wp","href":"https:\/\/api.w.org\/{rel}","templated":true}]}}