{"id":31087,"date":"2025-09-26T23:05:40","date_gmt":"2025-09-26T23:05:40","guid":{"rendered":"https:\/\/as-schwabe.de\/produkt\/gniazdo-natynkowe-cee-230-v-16-a-3p-60472\/"},"modified":"2025-10-23T00:16:34","modified_gmt":"2025-10-23T00:16:34","slug":"gniazdo-natynkowe-cee-230-v-16-a-3p-60472","status":"publish","type":"product","link":"https:\/\/as-schwabe.de\/pl\/produkt\/gniazdo-natynkowe-cee-230-v-16-a-3p-60472\/","title":{"rendered":"Gniazdo natynkowe CEE 230 V, 16 A, 3P IP44 | 60472"},"content":{"rendered":"<p>Gniazdo natynkowe CEE 230 V, 16 A, 3P, klasyfikowane jako IP44, zosta\u0142o zaprojektowane z my\u015bl\u0105 o zastosowaniu na zewn\u0105trz, co czyni je idealnym rozwi\u0105zaniem do u\u017cytku w warunkach nara\u017conych na dzia\u0142anie wilgoci oraz py\u0142u. Produkt charakteryzuje si\u0119 wysok\u0105 odporno\u015bci\u0105 na warunki atmosferyczne, zapewniaj\u0105c bezpiecze\u0144stwo oraz niezawodno\u015b\u0107 w trakcie eksploatacji. Dzi\u0119ki mo\u017cliwo\u015bci pod\u0142\u0105czenia tr\u00f3jfazowych urz\u0105dze\u0144 o mocy do 16 A, gniazdo stanowi doskona\u0142e wsparcie w wyjazdach budowlanych, konserwacyjnych oraz podczas wydarze\u0144 plenerowych. \u0141atwa instalacja i solidna konstrukcja tego gniazda gwarantuj\u0105 d\u0142ugotrwa\u0142e i bezawaryjne u\u017cytkowanie. Gniazdo natynkowe CEE to niezast\u0105pione rozwi\u0105zanie dla profesjonalist\u00f3w, kt\u00f3rzy ceni\u0105 sobie jako\u015b\u0107 i bezpiecze\u0144stwo w ka\u017cdych warunkach.<\/p>","protected":false},"excerpt":{"rendered":"<div class=\"icons\" style=\"display: flex; flex-wrap: wrap; gap: 5px; align-items: center; margin-top: 10px;\"><img decoding=\"async\" src=\"https:\/\/as-schwabe.de\/wp-content\/uploads\/ikony\/znak_CE.png\" alt=\"\" width=\"50\" height=\"50\" \/><img decoding=\"async\" src=\"https:\/\/as-schwabe.de\/wp-content\/uploads\/ikony\/znak_IP44.png\" alt=\"\" width=\"50\" height=\"50\" \/><img decoding=\"async\" src=\"https:\/\/as-schwabe.de\/wp-content\/uploads\/ikony\/znak_Z.png\" alt=\"\" width=\"50\" height=\"50\" \/><\/div>\n<ul>\n<li>wysokiej jako\u015bci gniazda z obudow\u0105 odporn\u0105 na uderzenia <\/li>\n<li>po\u0142\u0105czenie kablowe do 3G2,5 <\/li>\n<li>IP44: chroniony przed cia\u0142ami obcymi i bryzgami wody <\/li>\n<li>gniazdo natynkowe CEE 230 V, 16 A, 3P<\/li>\n<\/ul>","protected":false},"featured_media":30746,"template":"","meta":{"inline_featured_image":false},"genre":[509],"product_cat":[515,575],"product_tag":[],"class_list":{"0":"post-31087","1":"product","2":"type-product","3":"status-publish","4":"has-post-thumbnail","6":"product_brand-as-schwabe-pl","7":"product_cat-kemping-i-caravaning-pl","8":"product_cat-wtyczki-i-gniazda-cee-kemping-i-caravaning-pl","10":"first","11":"instock","12":"shipping-taxable","13":"product-type-simple"},"aioseo_notices":[],"_links":{"self":[{"href":"https:\/\/as-schwabe.de\/pl\/wp-json\/wp\/v2\/product\/31087","targetHints":{"allow":["GET"]}}],"collection":[{"href":"https:\/\/as-schwabe.de\/pl\/wp-json\/wp\/v2\/product"}],"about":[{"href":"https:\/\/as-schwabe.de\/pl\/wp-json\/wp\/v2\/types\/product"}],"version-history":[{"count":0,"href":"https:\/\/as-schwabe.de\/pl\/wp-json\/wp\/v2\/product\/31087\/revisions"}],"wp:featuredmedia":[{"embeddable":true,"href":"https:\/\/as-schwabe.de\/pl\/wp-json\/wp\/v2\/media\/30746"}],"wp:attachment":[{"href":"https:\/\/as-schwabe.de\/pl\/wp-json\/wp\/v2\/media?parent=31087"}],"wp:term":[{"taxonomy":"product_brand","embeddable":true,"href":"https:\/\/as-schwabe.de\/pl\/wp-json\/wp\/v2\/genre?post=31087"},{"taxonomy":"product_cat","embeddable":true,"href":"https:\/\/as-schwabe.de\/pl\/wp-json\/wp\/v2\/product_cat?post=31087"},{"taxonomy":"product_tag","embeddable":true,"href":"https:\/\/as-schwabe.de\/pl\/wp-json\/wp\/v2\/product_tag?post=31087"}],"curies":[{"name":"wp","href":"https:\/\/api.w.org\/{rel}","templated":true}]}}