{"id":31083,"date":"2025-09-26T23:05:37","date_gmt":"2025-09-26T23:05:37","guid":{"rendered":"https:\/\/as-schwabe.de\/produkt\/przedluzacz-adapter-samochodowy-gn-13-na-wt-7-pin-60468\/"},"modified":"2025-10-23T00:16:32","modified_gmt":"2025-10-23T00:16:32","slug":"przedluzacz-adapter-samochodowy-gn-13-na-wt-7-pin-60468","status":"publish","type":"product","link":"https:\/\/as-schwabe.de\/pl\/produkt\/przedluzacz-adapter-samochodowy-gn-13-na-wt-7-pin-60468\/","title":{"rendered":"Przed\u0142u\u017cacz adapter samochodowy 13 pin na 7 pin | 60468"},"content":{"rendered":"<p>Przed\u0142u\u017cacz adapter samochodowy to niezawodne rozwi\u0105zanie do zasilania urz\u0105dze\u0144 w pojazdach oraz na kempingach. Wyposa\u017cony w przew\u00f3d o d\u0142ugo\u015bci 0,6 m i \u015brednicy 7&#215;1,0 mm\u00b2, zapewnia stabilne po\u0142\u0105czenie dzi\u0119ki wtyczce 7-pin. Gniazdo 13-pin z uchyln\u0105 klapk\u0105 umo\u017cliwia \u0142atwy dost\u0119p do z\u0142\u0105czy, a klasa ochrony IP44 gwarantuje odporno\u015b\u0107 na niekorzystne warunki atmosferyczne, co czyni go idealnym do u\u017cytku na zewn\u0105trz. Ten adapter jest idealnym rozwi\u0105zaniem dla os\u00f3b potrzebuj\u0105cych efektywnego systemu zasilania w trudnych warunkach.<\/p>","protected":false},"excerpt":{"rendered":"<div class=\"icons\" style=\"display: flex; flex-wrap: wrap; gap: 5px; align-items: center; margin-top: 10px;\"><img decoding=\"async\" src=\"https:\/\/as-schwabe.de\/wp-content\/uploads\/ikony\/znak_CE.png\" alt=\"\" width=\"50\" height=\"50\" \/><img decoding=\"async\" src=\"https:\/\/as-schwabe.de\/wp-content\/uploads\/ikony\/znak_IP44.png\" alt=\"\" width=\"50\" height=\"50\" \/><img decoding=\"async\" src=\"https:\/\/as-schwabe.de\/wp-content\/uploads\/ikony\/znak_Z.png\" alt=\"\" width=\"50\" height=\"50\" \/><\/div>\n<ul>\n<li>z 0,6 m kablem samochodowym PCV 7\u00d71,0 <\/li>\n<li>adapter kablowy 13-pinowe gniazdo na 7-pinow\u0105 wtyczk\u0119<\/li>\n<\/ul>","protected":false},"featured_media":30670,"template":"","meta":{"inline_featured_image":false},"genre":[509],"product_cat":[515],"product_tag":[],"class_list":{"0":"post-31083","1":"product","2":"type-product","3":"status-publish","4":"has-post-thumbnail","6":"product_brand-as-schwabe-pl","7":"product_cat-kemping-i-caravaning-pl","9":"first","10":"instock","11":"shipping-taxable","12":"product-type-simple"},"aioseo_notices":[],"_links":{"self":[{"href":"https:\/\/as-schwabe.de\/pl\/wp-json\/wp\/v2\/product\/31083","targetHints":{"allow":["GET"]}}],"collection":[{"href":"https:\/\/as-schwabe.de\/pl\/wp-json\/wp\/v2\/product"}],"about":[{"href":"https:\/\/as-schwabe.de\/pl\/wp-json\/wp\/v2\/types\/product"}],"version-history":[{"count":0,"href":"https:\/\/as-schwabe.de\/pl\/wp-json\/wp\/v2\/product\/31083\/revisions"}],"wp:featuredmedia":[{"embeddable":true,"href":"https:\/\/as-schwabe.de\/pl\/wp-json\/wp\/v2\/media\/30670"}],"wp:attachment":[{"href":"https:\/\/as-schwabe.de\/pl\/wp-json\/wp\/v2\/media?parent=31083"}],"wp:term":[{"taxonomy":"product_brand","embeddable":true,"href":"https:\/\/as-schwabe.de\/pl\/wp-json\/wp\/v2\/genre?post=31083"},{"taxonomy":"product_cat","embeddable":true,"href":"https:\/\/as-schwabe.de\/pl\/wp-json\/wp\/v2\/product_cat?post=31083"},{"taxonomy":"product_tag","embeddable":true,"href":"https:\/\/as-schwabe.de\/pl\/wp-json\/wp\/v2\/product_tag?post=31083"}],"curies":[{"name":"wp","href":"https:\/\/api.w.org\/{rel}","templated":true}]}}