{"id":31082,"date":"2025-09-26T23:05:36","date_gmt":"2025-09-26T23:05:36","guid":{"rendered":"https:\/\/as-schwabe.de\/produkt\/przedluzacz-adapter-samochodowy-gn-7-na-wt-13-pin-60467\/"},"modified":"2025-10-23T00:16:32","modified_gmt":"2025-10-23T00:16:32","slug":"przedluzacz-adapter-samochodowy-gn-7-na-wt-13-pin-60467","status":"publish","type":"product","link":"https:\/\/as-schwabe.de\/pl\/produkt\/przedluzacz-adapter-samochodowy-gn-7-na-wt-13-pin-60467\/","title":{"rendered":"Przed\u0142u\u017cacz adapter samochodowy 7 pin na 13 pin | 60467"},"content":{"rendered":"<p>Przed\u0142u\u017cacz adapter samochodowy to funkcjonalne rozwi\u0105zanie, kt\u00f3re umo\u017cliwia \u0142atwe po\u0142\u0105czenie urz\u0105dze\u0144 elektrycznych w pojazdach z wtyczk\u0105 13-pinow\u0105. Wyposa\u017cony w przew\u00f3d zasilaj\u0105cy H05VV-F o d\u0142ugo\u015bci 0,6 m i \u015brednicy 7&#215;1,0 mm\u00b2, zapewnia stabilne zasilanie o napi\u0119ciu 12 V DC. Jego gniazdo 7-pin z uchyln\u0105 klapk\u0105 jest przystosowane do u\u017cytku na zewn\u0105trz, a certyfikat IP44 gwarantuje odporno\u015b\u0107 na dzia\u0142anie wilgoci oraz py\u0142u. Produkt jest idealny do zastosowa\u0144 w campingach, warsztatach, a tak\u017ce w codziennej eksploatacji pojazd\u00f3w, zwi\u0119kszaj\u0105c komfort u\u017cytkowania i bezpiecze\u0144stwo pod\u0142\u0105cze\u0144 elektrycznych.<\/p>","protected":false},"excerpt":{"rendered":"<div class=\"icons\" style=\"display: flex; flex-wrap: wrap; gap: 5px; align-items: center; margin-top: 10px;\"><img decoding=\"async\" src=\"https:\/\/as-schwabe.de\/wp-content\/uploads\/ikony\/znak_CE.png\" alt=\"\" width=\"50\" height=\"50\" \/><img decoding=\"async\" src=\"https:\/\/as-schwabe.de\/wp-content\/uploads\/ikony\/znak_IP44.png\" alt=\"\" width=\"50\" height=\"50\" \/><img decoding=\"async\" src=\"https:\/\/as-schwabe.de\/wp-content\/uploads\/ikony\/znak_Z.png\" alt=\"\" width=\"50\" height=\"50\" \/><\/div>\n<ul>\n<li>z 0,6 m kablem samochodowym PCV 7\u00d71,0 <\/li>\n<li>adapter kablowy 7-pinowe gniazdo na 13-pinow\u0105 wtyczk\u0119<\/li>\n<\/ul>","protected":false},"featured_media":30662,"template":"","meta":{"inline_featured_image":false},"genre":[509],"product_cat":[515],"product_tag":[],"class_list":{"0":"post-31082","1":"product","2":"type-product","3":"status-publish","4":"has-post-thumbnail","6":"product_brand-as-schwabe-pl","7":"product_cat-kemping-i-caravaning-pl","9":"first","10":"instock","11":"shipping-taxable","12":"product-type-simple"},"aioseo_notices":[],"_links":{"self":[{"href":"https:\/\/as-schwabe.de\/pl\/wp-json\/wp\/v2\/product\/31082","targetHints":{"allow":["GET"]}}],"collection":[{"href":"https:\/\/as-schwabe.de\/pl\/wp-json\/wp\/v2\/product"}],"about":[{"href":"https:\/\/as-schwabe.de\/pl\/wp-json\/wp\/v2\/types\/product"}],"version-history":[{"count":0,"href":"https:\/\/as-schwabe.de\/pl\/wp-json\/wp\/v2\/product\/31082\/revisions"}],"wp:featuredmedia":[{"embeddable":true,"href":"https:\/\/as-schwabe.de\/pl\/wp-json\/wp\/v2\/media\/30662"}],"wp:attachment":[{"href":"https:\/\/as-schwabe.de\/pl\/wp-json\/wp\/v2\/media?parent=31082"}],"wp:term":[{"taxonomy":"product_brand","embeddable":true,"href":"https:\/\/as-schwabe.de\/pl\/wp-json\/wp\/v2\/genre?post=31082"},{"taxonomy":"product_cat","embeddable":true,"href":"https:\/\/as-schwabe.de\/pl\/wp-json\/wp\/v2\/product_cat?post=31082"},{"taxonomy":"product_tag","embeddable":true,"href":"https:\/\/as-schwabe.de\/pl\/wp-json\/wp\/v2\/product_tag?post=31082"}],"curies":[{"name":"wp","href":"https:\/\/api.w.org\/{rel}","templated":true}]}}