{"id":31073,"date":"2025-09-26T23:05:29","date_gmt":"2025-09-26T23:05:29","guid":{"rendered":"https:\/\/as-schwabe.de\/produkt\/gniazdo-rozgaleziacz-3-krotny-gumowy-230-v-16-a-2pz-cza-60455\/"},"modified":"2025-10-23T00:16:28","modified_gmt":"2025-10-23T00:16:28","slug":"gniazdo-rozgaleziacz-3-krotny-gumowy-230-v-16-a-2pz-cza-60455","status":"publish","type":"product","link":"https:\/\/as-schwabe.de\/pl\/produkt\/gniazdo-rozgaleziacz-3-krotny-gumowy-230-v-16-a-2pz-cza-60455\/","title":{"rendered":"Gniazdo rozga\u0142\u0119ziacz 3-krotny gumowy 230 V, 16 A 2P+Z CZA IP44 | 60455"},"content":{"rendered":"<p>Gniazdo rozga\u0142\u0119ziacz 3-krotne gumowe o napi\u0119ciu 230 V i pr\u0105dzie 16 A, wyposa\u017cone w dwa bieguny oraz uziemienie (2P+Z), to niezawodne rozwi\u0105zanie do u\u017cytku zewn\u0119trznego oraz w warunkach budowlanych. Jego wysoka klasa ochrony IP44 zabezpiecza urz\u0105dzenie przed kurzem oraz bryzgami wody, co czyni je idealnym wyborem do intensywnego u\u017cytkowania w trudnych warunkach. Konstrukcja z gumy zapewnia odporno\u015b\u0107 na uszkodzenia mechaniczne i warunki atmosferyczne, co gwarantuje d\u0142ugotrwa\u0142e u\u017cytkowanie. Dzi\u0119ki trzem gniazdom, u\u017cytkownik zyskuje mo\u017cliwo\u015b\u0107 jednoczesnego zasilania kilku urz\u0105dze\u0144, co zwi\u0119ksza efektywno\u015b\u0107 pracy. Gniazdo to sprawdzi si\u0119 doskonale w ogrodzie, na placu budowy czy podczas r\u00f3\u017cnorodnych prac na \u015bwie\u017cym powietrzu.<\/p>","protected":false},"excerpt":{"rendered":"<div class=\"icons\" style=\"display: flex; flex-wrap: wrap; gap: 5px; align-items: center; margin-top: 10px;\"><img decoding=\"async\" src=\"https:\/\/as-schwabe.de\/wp-content\/uploads\/ikony\/znak_SCH.png\" alt=\"\" width=\"45\" height=\"50\" \/><img decoding=\"async\" src=\"https:\/\/as-schwabe.de\/wp-content\/uploads\/ikony\/znak_IP44.png\" alt=\"\" width=\"50\" height=\"50\" \/><img decoding=\"async\" src=\"https:\/\/as-schwabe.de\/wp-content\/uploads\/ikony\/znak_PB.png\" alt=\"\" width=\"50\" height=\"50\" \/><img loading=\"lazy\" decoding=\"async\" src=\"https:\/\/as-schwabe.de\/wp-content\/uploads\/ikony\/znak_Z.png\" alt=\"\" width=\"50\" height=\"50\" \/><img loading=\"lazy\" decoding=\"async\" src=\"https:\/\/as-schwabe.de\/wp-content\/uploads\/ikony\/znak_D.png\" alt=\"\" width=\"50\" height=\"50\" \/><img loading=\"lazy\" decoding=\"async\" src=\"https:\/\/as-schwabe.de\/wp-content\/uploads\/ikony\/znak_DE.png\" alt=\"\" width=\"50\" height=\"40\" \/><\/div>\n<ul>\n<li>rozga\u0142\u0119ziacz 3-gniazdowy wykonany z wytrzyma\u0142ej gumy <\/li>\n<li>wersja o du\u017cej wytrzyma\u0142o\u015bci dopuszczona do u\u017cytku na budowach i w rolnictwie <\/li>\n<li>produkt wysokiej jako\u015bci \u201eMade in Germany\u201d wykonany z wytrzyma\u0142ej gumy <\/li>\n<li>z obrotowymi os\u0142onami gniazd, kt\u00f3re mog\u0105 by\u0107 obracane o 360\u00b0 <\/li>\n<li>z oczkiem do zawieszenia gniazda <\/li>\n<li>do pod\u0142\u0105czenia przewod\u00f3w o \u015brednicy maks. 2,5 mm2 <\/li>\n<li>IP44: chroniony przed cia\u0142ami obcymi i bryzgami wody <\/li>\n<li>230 V, 16 A<\/li>\n<\/ul>","protected":false},"featured_media":30636,"template":"","meta":{"inline_featured_image":false},"genre":[509],"product_cat":[523,552],"product_tag":[],"class_list":{"0":"post-31073","1":"product","2":"type-product","3":"status-publish","4":"has-post-thumbnail","6":"product_brand-as-schwabe-pl","7":"product_cat-produkty-do-samodzielnego-montazu-pl","8":"product_cat-gniazda-i-rozgaleziacze-gniazd-pl","10":"first","11":"instock","12":"shipping-taxable","13":"product-type-simple"},"aioseo_notices":[],"_links":{"self":[{"href":"https:\/\/as-schwabe.de\/pl\/wp-json\/wp\/v2\/product\/31073","targetHints":{"allow":["GET"]}}],"collection":[{"href":"https:\/\/as-schwabe.de\/pl\/wp-json\/wp\/v2\/product"}],"about":[{"href":"https:\/\/as-schwabe.de\/pl\/wp-json\/wp\/v2\/types\/product"}],"version-history":[{"count":0,"href":"https:\/\/as-schwabe.de\/pl\/wp-json\/wp\/v2\/product\/31073\/revisions"}],"wp:featuredmedia":[{"embeddable":true,"href":"https:\/\/as-schwabe.de\/pl\/wp-json\/wp\/v2\/media\/30636"}],"wp:attachment":[{"href":"https:\/\/as-schwabe.de\/pl\/wp-json\/wp\/v2\/media?parent=31073"}],"wp:term":[{"taxonomy":"product_brand","embeddable":true,"href":"https:\/\/as-schwabe.de\/pl\/wp-json\/wp\/v2\/genre?post=31073"},{"taxonomy":"product_cat","embeddable":true,"href":"https:\/\/as-schwabe.de\/pl\/wp-json\/wp\/v2\/product_cat?post=31073"},{"taxonomy":"product_tag","embeddable":true,"href":"https:\/\/as-schwabe.de\/pl\/wp-json\/wp\/v2\/product_tag?post=31073"}],"curies":[{"name":"wp","href":"https:\/\/api.w.org\/{rel}","templated":true}]}}