{"id":31071,"date":"2025-09-26T23:05:28","date_gmt":"2025-09-26T23:05:28","guid":{"rendered":"https:\/\/as-schwabe.de\/produkt\/przedluzacz-3-gniazdowy-h07rn-f-3g15-cza-03-m-60450\/"},"modified":"2025-10-23T00:16:27","modified_gmt":"2025-10-23T00:16:27","slug":"przedluzacz-3-gniazdowy-h07rn-f-3g15-cza-03-m-60450","status":"publish","type":"product","link":"https:\/\/as-schwabe.de\/pl\/produkt\/przedluzacz-3-gniazdowy-h07rn-f-3g15-cza-03-m-60450\/","title":{"rendered":"Przed\u0142u\u017cacz 3-gniazdowy 0,3 m H07RN-F 3G1,5 CZA IP44 | 60450"},"content":{"rendered":"<p>Przed\u0142u\u017cacz 3-gniazdowy H07RN-F 3G1,5 o d\u0142ugo\u015bci 0,3 m to idealne rozwi\u0105zanie do u\u017cytku na zewn\u0105trz oraz w warunkach budowlanych. Wyposa\u017cony w wtyczk\u0119 o stopniu ochrony IP44 oraz trzy gumowe gniazda o tym samym stopniu ochrony, zapewnia bezpieczne zasilanie urz\u0105dze\u0144 elektrycznych przy maksymalnym obci\u0105\u017ceniu 16 A oraz mocy do 3500 W. Dzi\u0119ki zastosowanej konstrukcji, urz\u0105dzenie jest odporne na kurz i wilgo\u0107, co czyni je wyj\u0105tkowo trwa\u0142ym i niezawodnym w trudnych warunkach atmosferycznych. Przed\u0142u\u017cacz ten gwarantuje komfort u\u017cytkowania, umo\u017cliwiaj\u0105c jednoczesne pod\u0142\u0105czenie trzech urz\u0105dze\u0144 elektrycznych. To niezb\u0119dny element wyposa\u017cenia ka\u017cdego fachowca oraz domowego majsterkowicza.<\/p>","protected":false},"excerpt":{"rendered":"<div class=\"icons\" style=\"display: flex; flex-wrap: wrap; gap: 5px; align-items: center; margin-top: 10px;\"><img decoding=\"async\" src=\"https:\/\/as-schwabe.de\/wp-content\/uploads\/ikony\/znak_SCH.png\" alt=\"\" width=\"45\" height=\"50\" \/><img decoding=\"async\" src=\"https:\/\/as-schwabe.de\/wp-content\/uploads\/ikony\/znak_CE.png\" alt=\"\" width=\"50\" height=\"50\" \/><img decoding=\"async\" src=\"https:\/\/as-schwabe.de\/wp-content\/uploads\/ikony\/znak_IP44.png\" alt=\"\" width=\"50\" height=\"50\" \/><img loading=\"lazy\" decoding=\"async\" src=\"https:\/\/as-schwabe.de\/wp-content\/uploads\/ikony\/znak_PB.png\" alt=\"\" width=\"50\" height=\"50\" \/><img loading=\"lazy\" decoding=\"async\" src=\"https:\/\/as-schwabe.de\/wp-content\/uploads\/ikony\/znak_Z.png\" alt=\"\" width=\"50\" height=\"50\" \/><img loading=\"lazy\" decoding=\"async\" src=\"https:\/\/as-schwabe.de\/wp-content\/uploads\/ikony\/znak_D.png\" alt=\"\" width=\"50\" height=\"50\" \/><img loading=\"lazy\" decoding=\"async\" src=\"https:\/\/as-schwabe.de\/wp-content\/uploads\/ikony\/znak_DG.png\" alt=\"\" width=\"50\" height=\"50\" \/><img loading=\"lazy\" decoding=\"async\" src=\"https:\/\/as-schwabe.de\/wp-content\/uploads\/ikony\/znak_DE.png\" alt=\"\" width=\"50\" height=\"40\" \/><\/div>\n<ul>\n<li>dopuszczone do stosowania na budowach i w rolnictwie <\/li>\n<li>IP44: chroniony przed cia\u0142ami obcymi i bryzgami wody <\/li>\n<li>dopuszczone do stosowania na budowach i w rolnictwie <\/li>\n<li>z oczkiem do zawieszenia gniazda <\/li>\n<li>z wtyczk\u0105 z uziemieniem i obrotowymi, samozamykaj\u0105cymi si\u0119 klapkami z symbolem m\u0142otka \u2013 podwy\u017cszona wytrzyma\u0142o\u015b\u0107 <\/li>\n<li>230 V, 16 A<\/li>\n<\/ul>","protected":false},"featured_media":36252,"template":"","meta":{"inline_featured_image":false},"genre":[509],"product_cat":[544,545],"product_tag":[],"class_list":{"0":"post-31071","1":"product","2":"type-product","3":"status-publish","4":"has-post-thumbnail","6":"product_brand-as-schwabe-pl","7":"product_cat-przedluzacze-2-pl","8":"product_cat-do-stosowania-na-budowach-pl","10":"first","11":"instock","12":"shipping-taxable","13":"product-type-simple"},"aioseo_notices":[],"_links":{"self":[{"href":"https:\/\/as-schwabe.de\/pl\/wp-json\/wp\/v2\/product\/31071","targetHints":{"allow":["GET"]}}],"collection":[{"href":"https:\/\/as-schwabe.de\/pl\/wp-json\/wp\/v2\/product"}],"about":[{"href":"https:\/\/as-schwabe.de\/pl\/wp-json\/wp\/v2\/types\/product"}],"version-history":[{"count":0,"href":"https:\/\/as-schwabe.de\/pl\/wp-json\/wp\/v2\/product\/31071\/revisions"}],"wp:featuredmedia":[{"embeddable":true,"href":"https:\/\/as-schwabe.de\/pl\/wp-json\/wp\/v2\/media\/36252"}],"wp:attachment":[{"href":"https:\/\/as-schwabe.de\/pl\/wp-json\/wp\/v2\/media?parent=31071"}],"wp:term":[{"taxonomy":"product_brand","embeddable":true,"href":"https:\/\/as-schwabe.de\/pl\/wp-json\/wp\/v2\/genre?post=31071"},{"taxonomy":"product_cat","embeddable":true,"href":"https:\/\/as-schwabe.de\/pl\/wp-json\/wp\/v2\/product_cat?post=31071"},{"taxonomy":"product_tag","embeddable":true,"href":"https:\/\/as-schwabe.de\/pl\/wp-json\/wp\/v2\/product_tag?post=31071"}],"curies":[{"name":"wp","href":"https:\/\/api.w.org\/{rel}","templated":true}]}}