{"id":31070,"date":"2025-09-26T23:05:27","date_gmt":"2025-09-26T23:05:27","guid":{"rendered":"https:\/\/as-schwabe.de\/produkt\/przedluzacz-3-gniazdowy-h07rn-f-3g25-cza-10-m-60446\/"},"modified":"2025-10-23T00:16:27","modified_gmt":"2025-10-23T00:16:27","slug":"przedluzacz-3-gniazdowy-h07rn-f-3g25-cza-10-m-60446","status":"publish","type":"product","link":"https:\/\/as-schwabe.de\/pl\/produkt\/przedluzacz-3-gniazdowy-h07rn-f-3g25-cza-10-m-60446\/","title":{"rendered":"Przed\u0142u\u017cacz 3-gniazdowy: 10 m H07RN-F 3G2,5 CZA IP44 | 60446"},"content":{"rendered":"<p>Przed\u0142u\u017cacz 3-gniazdowy H07RN-F 3G2,5 w kolorze czarnym o d\u0142ugo\u015bci 10 m to niezawodne rozwi\u0105zanie do zasilania urz\u0105dze\u0144 elektrycznych w trudnych warunkach, zar\u00f3wno na zewn\u0105trz, jak i podczas prac budowlanych. Wyposa\u017cony w wtyczk\u0119 IP44 o parametrach 230 V, 16 A, 2P+Z oraz trzy gumowe gniazda o analogicznych specyfikacjach, zapewnia maksymalne obci\u0105\u017cenie do 3500 W. Klasa ochrony IP44 gwarantuje odporno\u015b\u0107 na zachlapania, co czyni go idealnym wyborem do zastosowa\u0144 w deszczowych warunkach. Dzi\u0119ki solidnej konstrukcji i wysokiej jako\u015bci materia\u0142om, przed\u0142u\u017cacz ten zapewnia bezpiecze\u0144stwo i stabilno\u015b\u0107 zasilania, spe\u0142niaj\u0105c oczekiwania zar\u00f3wno profesjonalist\u00f3w, jak i amator\u00f3w.<\/p>","protected":false},"excerpt":{"rendered":"<div class=\"icons\" style=\"display: flex; flex-wrap: wrap; gap: 5px; align-items: center; margin-top: 10px;\"><img decoding=\"async\" src=\"https:\/\/as-schwabe.de\/wp-content\/uploads\/ikony\/znak_SCH.png\" alt=\"\" width=\"45\" height=\"50\" \/><img decoding=\"async\" src=\"https:\/\/as-schwabe.de\/wp-content\/uploads\/ikony\/znak_CE.png\" alt=\"\" width=\"50\" height=\"50\" \/><img decoding=\"async\" src=\"https:\/\/as-schwabe.de\/wp-content\/uploads\/ikony\/znak_IP44.png\" alt=\"\" width=\"50\" height=\"50\" \/><img loading=\"lazy\" decoding=\"async\" src=\"https:\/\/as-schwabe.de\/wp-content\/uploads\/ikony\/znak_PB.png\" alt=\"\" width=\"50\" height=\"50\" \/><img loading=\"lazy\" decoding=\"async\" src=\"https:\/\/as-schwabe.de\/wp-content\/uploads\/ikony\/znak_Z.png\" alt=\"\" width=\"50\" height=\"50\" \/><img loading=\"lazy\" decoding=\"async\" src=\"https:\/\/as-schwabe.de\/wp-content\/uploads\/ikony\/znak_D.png\" alt=\"\" width=\"50\" height=\"50\" \/><img loading=\"lazy\" decoding=\"async\" src=\"https:\/\/as-schwabe.de\/wp-content\/uploads\/ikony\/znak_DG.png\" alt=\"\" width=\"50\" height=\"50\" \/><img loading=\"lazy\" decoding=\"async\" src=\"https:\/\/as-schwabe.de\/wp-content\/uploads\/ikony\/znak_DE.png\" alt=\"\" width=\"50\" height=\"40\" \/><\/div>\n<ul>\n<li>dopuszczone do stosowania na budowach i w rolnictwie <\/li>\n<li>IP44: chroniony przed cia\u0142ami obcymi i bryzgami wody <\/li>\n<li>dopuszczone do stosowania na budowach i w rolnictwie <\/li>\n<li>z oczkiem do zawieszenia gniazda <\/li>\n<li>z wtyczk\u0105 z uziemieniem i obrotowymi, samozamykaj\u0105cymi si\u0119 klapkami z symbolem m\u0142otka \u2013 podwy\u017cszona wytrzyma\u0142o\u015b\u0107 <\/li>\n<li>230 V, 16 A<\/li>\n<\/ul>","protected":false},"featured_media":30621,"template":"","meta":{"inline_featured_image":false},"genre":[509],"product_cat":[544,545],"product_tag":[],"class_list":{"0":"post-31070","1":"product","2":"type-product","3":"status-publish","4":"has-post-thumbnail","6":"product_brand-as-schwabe-pl","7":"product_cat-przedluzacze-2-pl","8":"product_cat-do-stosowania-na-budowach-pl","10":"first","11":"instock","12":"shipping-taxable","13":"product-type-simple"},"aioseo_notices":[],"_links":{"self":[{"href":"https:\/\/as-schwabe.de\/pl\/wp-json\/wp\/v2\/product\/31070","targetHints":{"allow":["GET"]}}],"collection":[{"href":"https:\/\/as-schwabe.de\/pl\/wp-json\/wp\/v2\/product"}],"about":[{"href":"https:\/\/as-schwabe.de\/pl\/wp-json\/wp\/v2\/types\/product"}],"version-history":[{"count":0,"href":"https:\/\/as-schwabe.de\/pl\/wp-json\/wp\/v2\/product\/31070\/revisions"}],"wp:featuredmedia":[{"embeddable":true,"href":"https:\/\/as-schwabe.de\/pl\/wp-json\/wp\/v2\/media\/30621"}],"wp:attachment":[{"href":"https:\/\/as-schwabe.de\/pl\/wp-json\/wp\/v2\/media?parent=31070"}],"wp:term":[{"taxonomy":"product_brand","embeddable":true,"href":"https:\/\/as-schwabe.de\/pl\/wp-json\/wp\/v2\/genre?post=31070"},{"taxonomy":"product_cat","embeddable":true,"href":"https:\/\/as-schwabe.de\/pl\/wp-json\/wp\/v2\/product_cat?post=31070"},{"taxonomy":"product_tag","embeddable":true,"href":"https:\/\/as-schwabe.de\/pl\/wp-json\/wp\/v2\/product_tag?post=31070"}],"curies":[{"name":"wp","href":"https:\/\/api.w.org\/{rel}","templated":true}]}}