{"id":31068,"date":"2025-09-26T23:05:25","date_gmt":"2025-09-26T23:05:25","guid":{"rendered":"https:\/\/as-schwabe.de\/produkt\/wtyczka-tablicowa-cee-400-v-32-a-6h-szaro-czerwona-60444\/"},"modified":"2025-10-23T00:16:26","modified_gmt":"2025-10-23T00:16:26","slug":"wtyczka-tablicowa-cee-400-v-32-a-6h-szaro-czerwona-60444","status":"publish","type":"product","link":"https:\/\/as-schwabe.de\/pl\/produkt\/wtyczka-tablicowa-cee-400-v-32-a-6h-szaro-czerwona-60444\/","title":{"rendered":"Wtyczka tablicowa CEE 400 V, 32 A, 5P 6h, SZA-CZE IP44 | 60444"},"content":{"rendered":"<p>Wtyczka tablicowa CEE 400 V, 32 A, 5P 6h w kolorze szaro-czerwonym to niezawodne rozwi\u0105zanie do zastosowa\u0144 zewn\u0119trznych oraz na placach budowy. Dzi\u0119ki zaciskom \u015brubowym przystosowanym do przewod\u00f3w o maksymalnym przekroju 6 mm\u00b2, urz\u0105dzenie zapewnia solidne po\u0142\u0105czenie elektryczne oraz wysok\u0105 odporno\u015b\u0107 na uszkodzenia mechaniczne. Klasa szczelno\u015bci IP44 chroni przed wnikaniem wody i py\u0142u, co zwi\u0119ksza bezpiecze\u0144stwo u\u017cytkowania w trudnych warunkach. Wtyczka charakteryzuje si\u0119 \u0142atwym monta\u017cem i wysok\u0105 wydajno\u015bci\u0105, dzi\u0119ki czemu idealnie sprawdzi si\u0119 w r\u00f3\u017cnych aplikacjach przemys\u0142owych i budowlanych. Oferuj\u0105c niezawodno\u015b\u0107 oraz trwa\u0142o\u015b\u0107, jest doskona\u0142ym wyborem dla profesjonalist\u00f3w poszukuj\u0105cych jako\u015bciowych rozwi\u0105za\u0144 elektrotechnicznych.<\/p>","protected":false},"excerpt":{"rendered":"<div class=\"icons\" style=\"display: flex; flex-wrap: wrap; gap: 5px; align-items: center; margin-top: 10px;\"><img decoding=\"async\" src=\"https:\/\/as-schwabe.de\/wp-content\/uploads\/ikony\/znak_CE.png\" alt=\"\" width=\"50\" height=\"50\" \/><img decoding=\"async\" src=\"https:\/\/as-schwabe.de\/wp-content\/uploads\/ikony\/znak_IP44.png\" alt=\"\" width=\"50\" height=\"50\" \/><img decoding=\"async\" src=\"https:\/\/as-schwabe.de\/wp-content\/uploads\/ikony\/znak_PB.png\" alt=\"\" width=\"50\" height=\"50\" \/><img loading=\"lazy\" decoding=\"async\" src=\"https:\/\/as-schwabe.de\/wp-content\/uploads\/ikony\/znak_Z.png\" alt=\"\" width=\"50\" height=\"50\" \/><img loading=\"lazy\" decoding=\"async\" src=\"https:\/\/as-schwabe.de\/wp-content\/uploads\/ikony\/znak_D.png\" alt=\"\" width=\"50\" height=\"50\" \/><img loading=\"lazy\" decoding=\"async\" src=\"https:\/\/as-schwabe.de\/wp-content\/uploads\/ikony\/znak_DE.png\" alt=\"\" width=\"50\" height=\"40\" \/><\/div>\n<ul>\n<li>Wtyczka tablicowa CEE 400 V, 32 A, 5P 6h <\/li>\n<li>gniazdo i wtyczka tablicowa CEE z odporn\u0105 na uderzenia i bryzgoszczeln\u0105 obudow\u0105 z poliamidu <\/li>\n<li>ze z\u0142\u0105czem \u015brubowym <\/li>\n<li>wymiary ko\u0142nierza: 75&#215;75 mm <\/li>\n<li>rozmiar otworu: 60&#215;60 mm<\/li>\n<\/ul>","protected":false},"featured_media":30609,"template":"","meta":{"inline_featured_image":false},"genre":[509],"product_cat":[518,572],"product_tag":[],"class_list":{"0":"post-31068","1":"product","2":"type-product","3":"status-publish","4":"has-post-thumbnail","6":"product_brand-as-schwabe-pl","7":"product_cat-asortyment-produktow-cee-400-v-pl","8":"product_cat-gniazda-stale-i-tablicowe-cee-pl","10":"first","11":"instock","12":"shipping-taxable","13":"product-type-simple"},"aioseo_notices":[],"_links":{"self":[{"href":"https:\/\/as-schwabe.de\/pl\/wp-json\/wp\/v2\/product\/31068","targetHints":{"allow":["GET"]}}],"collection":[{"href":"https:\/\/as-schwabe.de\/pl\/wp-json\/wp\/v2\/product"}],"about":[{"href":"https:\/\/as-schwabe.de\/pl\/wp-json\/wp\/v2\/types\/product"}],"version-history":[{"count":0,"href":"https:\/\/as-schwabe.de\/pl\/wp-json\/wp\/v2\/product\/31068\/revisions"}],"wp:featuredmedia":[{"embeddable":true,"href":"https:\/\/as-schwabe.de\/pl\/wp-json\/wp\/v2\/media\/30609"}],"wp:attachment":[{"href":"https:\/\/as-schwabe.de\/pl\/wp-json\/wp\/v2\/media?parent=31068"}],"wp:term":[{"taxonomy":"product_brand","embeddable":true,"href":"https:\/\/as-schwabe.de\/pl\/wp-json\/wp\/v2\/genre?post=31068"},{"taxonomy":"product_cat","embeddable":true,"href":"https:\/\/as-schwabe.de\/pl\/wp-json\/wp\/v2\/product_cat?post=31068"},{"taxonomy":"product_tag","embeddable":true,"href":"https:\/\/as-schwabe.de\/pl\/wp-json\/wp\/v2\/product_tag?post=31068"}],"curies":[{"name":"wp","href":"https:\/\/api.w.org\/{rel}","templated":true}]}}