{"id":31067,"date":"2025-09-26T23:05:25","date_gmt":"2025-09-26T23:05:25","guid":{"rendered":"https:\/\/as-schwabe.de\/produkt\/wtyczka-tablicowa-cee-400-v-16-a-6h-szaro-czerwona-60443\/"},"modified":"2025-10-23T00:16:26","modified_gmt":"2025-10-23T00:16:26","slug":"wtyczka-tablicowa-cee-400-v-16-a-6h-szaro-czerwona-60443","status":"publish","type":"product","link":"https:\/\/as-schwabe.de\/pl\/produkt\/wtyczka-tablicowa-cee-400-v-16-a-6h-szaro-czerwona-60443\/","title":{"rendered":"Wtyczka tablicowa CEE 400 V, 16 A, 5P 6h, SZA-CZE IP44 | 60443"},"content":{"rendered":"<p>Wtyczka tablicowa CEE 400 V, 16 A, 5P 6h to niezawodne rozwi\u0105zanie dedykowane do u\u017cytku na zewn\u0105trz oraz na placach budowy. Wykonana w kolorze szaro-czerwonym, charakteryzuje si\u0119 wysok\u0105 odporno\u015bci\u0105 na warunki atmosferyczne dzi\u0119ki klasie ochrony IP44. Wtyczka wyposa\u017cona jest w zaciski \u015brubowe, kt\u00f3re umo\u017cliwiaj\u0105 pod\u0142\u0105czenie przewod\u00f3w o maksymalnym przekroju do 2,5 mm\u00b2, co gwarantuje \u0142atwy i bezpieczny monta\u017c. Dzi\u0119ki pi\u0119ciu pinom i standardowemu napi\u0119ciu, produkt zapewnia stabilne zasilanie dla r\u00f3\u017cnych urz\u0105dze\u0144 elektrycznych. Idealna do zastosowa\u0144 w budownictwie oraz na zewn\u0105trz, wtyczka ta przyczynia si\u0119 do efektywno\u015bci pracy oraz zwi\u0119ksza bezpiecze\u0144stwo u\u017cytkownik\u00f3w.<\/p>","protected":false},"excerpt":{"rendered":"<div class=\"icons\" style=\"display: flex; flex-wrap: wrap; gap: 5px; align-items: center; margin-top: 10px;\"><img decoding=\"async\" src=\"https:\/\/as-schwabe.de\/wp-content\/uploads\/ikony\/znak_CE.png\" alt=\"\" width=\"50\" height=\"50\" \/><img decoding=\"async\" src=\"https:\/\/as-schwabe.de\/wp-content\/uploads\/ikony\/znak_IP44.png\" alt=\"\" width=\"50\" height=\"50\" \/><img decoding=\"async\" src=\"https:\/\/as-schwabe.de\/wp-content\/uploads\/ikony\/znak_PB.png\" alt=\"\" width=\"50\" height=\"50\" \/><img loading=\"lazy\" decoding=\"async\" src=\"https:\/\/as-schwabe.de\/wp-content\/uploads\/ikony\/znak_Z.png\" alt=\"\" width=\"50\" height=\"50\" \/><img loading=\"lazy\" decoding=\"async\" src=\"https:\/\/as-schwabe.de\/wp-content\/uploads\/ikony\/znak_D.png\" alt=\"\" width=\"50\" height=\"50\" \/><img loading=\"lazy\" decoding=\"async\" src=\"https:\/\/as-schwabe.de\/wp-content\/uploads\/ikony\/znak_DE.png\" alt=\"\" width=\"50\" height=\"40\" \/><\/div>\n<ul>\n<li>Wtyczka tablicowa CEE 400 V, 16 A, 5P 6h <\/li>\n<li>gniazdo i wtyczka tablicowa CEE z odporn\u0105 na uderzenia i bryzgoszczeln\u0105 obudow\u0105 z poliamidu <\/li>\n<li>ze z\u0142\u0105czem \u015brubowym <\/li>\n<li>wymiary ko\u0142nierza: 75&#215;75 mm <\/li>\n<li>rozmiar otworu: 60&#215;60 mm<\/li>\n<\/ul>","protected":false},"featured_media":30608,"template":"","meta":{"inline_featured_image":false},"genre":[509],"product_cat":[518,572],"product_tag":[],"class_list":{"0":"post-31067","1":"product","2":"type-product","3":"status-publish","4":"has-post-thumbnail","6":"product_brand-as-schwabe-pl","7":"product_cat-asortyment-produktow-cee-400-v-pl","8":"product_cat-gniazda-stale-i-tablicowe-cee-pl","10":"first","11":"instock","12":"shipping-taxable","13":"product-type-simple"},"aioseo_notices":[],"_links":{"self":[{"href":"https:\/\/as-schwabe.de\/pl\/wp-json\/wp\/v2\/product\/31067","targetHints":{"allow":["GET"]}}],"collection":[{"href":"https:\/\/as-schwabe.de\/pl\/wp-json\/wp\/v2\/product"}],"about":[{"href":"https:\/\/as-schwabe.de\/pl\/wp-json\/wp\/v2\/types\/product"}],"version-history":[{"count":0,"href":"https:\/\/as-schwabe.de\/pl\/wp-json\/wp\/v2\/product\/31067\/revisions"}],"wp:featuredmedia":[{"embeddable":true,"href":"https:\/\/as-schwabe.de\/pl\/wp-json\/wp\/v2\/media\/30608"}],"wp:attachment":[{"href":"https:\/\/as-schwabe.de\/pl\/wp-json\/wp\/v2\/media?parent=31067"}],"wp:term":[{"taxonomy":"product_brand","embeddable":true,"href":"https:\/\/as-schwabe.de\/pl\/wp-json\/wp\/v2\/genre?post=31067"},{"taxonomy":"product_cat","embeddable":true,"href":"https:\/\/as-schwabe.de\/pl\/wp-json\/wp\/v2\/product_cat?post=31067"},{"taxonomy":"product_tag","embeddable":true,"href":"https:\/\/as-schwabe.de\/pl\/wp-json\/wp\/v2\/product_tag?post=31067"}],"curies":[{"name":"wp","href":"https:\/\/api.w.org\/{rel}","templated":true}]}}