{"id":31066,"date":"2025-09-26T23:05:24","date_gmt":"2025-09-26T23:05:24","guid":{"rendered":"https:\/\/as-schwabe.de\/produkt\/gniazdo-tablicowe-cee-400-v-32-a-6h-szaro-czerwone-60441\/"},"modified":"2025-10-23T00:16:25","modified_gmt":"2025-10-23T00:16:25","slug":"gniazdo-tablicowe-cee-400-v-32-a-6h-szaro-czerwone-60441","status":"publish","type":"product","link":"https:\/\/as-schwabe.de\/pl\/produkt\/gniazdo-tablicowe-cee-400-v-32-a-6h-szaro-czerwone-60441\/","title":{"rendered":"Gniazdo tablicowe CEE 400 V, 32 A, 5P 6h, SZA-CZE IP44 | 60441"},"content":{"rendered":"<p>Gniazdo tablicowe CEE 400 V, 32 A, 5P 6h w kolorze szaro-czerwonym to niezawodne rozwi\u0105zanie do zastosowa\u0144 zewn\u0119trznych i budowlanych, zapewniaj\u0105ce wysok\u0105 wydajno\u015b\u0107 energetyczn\u0105 i bezpiecze\u0144stwo u\u017cytkowania. Produkt zosta\u0142 wyposa\u017cony w zaciski \u015brubowe, umo\u017cliwiaj\u0105ce pod\u0142\u0105czenie przewod\u00f3w o maksymalnym przekroju 6 mm\u00b2, co zapewnia \u0142atw\u0105 i solidn\u0105 instalacj\u0119. O klasie ochrony IP44 decyduje odporno\u015b\u0107 na py\u0142 oraz zachlapania, co sprawia, \u017ce gniazdo idealnie sprawdzi si\u0119 w trudnych warunkach atmosferycznych. Dzi\u0119ki pi\u0119ciu pinom i mo\u017cliwo\u015bci zasilania tr\u00f3jfazowego, gniazdo oferuje wszechstronno\u015b\u0107 dla r\u00f3\u017cnych aplikacji przemys\u0142owych i budowlanych. Wybieraj\u0105c nasze gniazdo tablicowe, zyskuj\u0105 Pa\u0144stwo nie tylko wysok\u0105 jako\u015b\u0107, ale tak\u017ce gwarancj\u0119 trwa\u0142o\u015bci i bezpiecze\u0144stwa pracy.<\/p>","protected":false},"excerpt":{"rendered":"<div class=\"icons\" style=\"display: flex; flex-wrap: wrap; gap: 5px; align-items: center; margin-top: 10px;\"><img decoding=\"async\" src=\"https:\/\/as-schwabe.de\/wp-content\/uploads\/ikony\/znak_CE.png\" alt=\"\" width=\"50\" height=\"50\" \/><img decoding=\"async\" src=\"https:\/\/as-schwabe.de\/wp-content\/uploads\/ikony\/znak_IP44.png\" alt=\"\" width=\"50\" height=\"50\" \/><img decoding=\"async\" src=\"https:\/\/as-schwabe.de\/wp-content\/uploads\/ikony\/znak_PB.png\" alt=\"\" width=\"50\" height=\"50\" \/><img loading=\"lazy\" decoding=\"async\" src=\"https:\/\/as-schwabe.de\/wp-content\/uploads\/ikony\/znak_Z.png\" alt=\"\" width=\"50\" height=\"50\" \/><img loading=\"lazy\" decoding=\"async\" src=\"https:\/\/as-schwabe.de\/wp-content\/uploads\/ikony\/znak_D.png\" alt=\"\" width=\"50\" height=\"50\" \/><img loading=\"lazy\" decoding=\"async\" src=\"https:\/\/as-schwabe.de\/wp-content\/uploads\/ikony\/znak_DE.png\" alt=\"\" width=\"50\" height=\"40\" \/><\/div>\n<ul>\n<li>Gniazdo tablicowe CEE 400 V, 32 A, 5P 6h <\/li>\n<li>gniazdo i wtyczka tablicowa CEE z odporn\u0105 na uderzenia i bryzgoszczeln\u0105 obudow\u0105 z poliamidu <\/li>\n<li>ze z\u0142\u0105czem \u015brubowym <\/li>\n<li>wymiary ko\u0142nierza: 75&#215;75 mm <\/li>\n<li>rozmiar otworu: 60&#215;60 mm<\/li>\n<\/ul>","protected":false},"featured_media":30607,"template":"","meta":{"inline_featured_image":false},"genre":[509],"product_cat":[518,572],"product_tag":[],"class_list":{"0":"post-31066","1":"product","2":"type-product","3":"status-publish","4":"has-post-thumbnail","6":"product_brand-as-schwabe-pl","7":"product_cat-asortyment-produktow-cee-400-v-pl","8":"product_cat-gniazda-stale-i-tablicowe-cee-pl","10":"first","11":"instock","12":"shipping-taxable","13":"product-type-simple"},"aioseo_notices":[],"_links":{"self":[{"href":"https:\/\/as-schwabe.de\/pl\/wp-json\/wp\/v2\/product\/31066","targetHints":{"allow":["GET"]}}],"collection":[{"href":"https:\/\/as-schwabe.de\/pl\/wp-json\/wp\/v2\/product"}],"about":[{"href":"https:\/\/as-schwabe.de\/pl\/wp-json\/wp\/v2\/types\/product"}],"version-history":[{"count":0,"href":"https:\/\/as-schwabe.de\/pl\/wp-json\/wp\/v2\/product\/31066\/revisions"}],"wp:featuredmedia":[{"embeddable":true,"href":"https:\/\/as-schwabe.de\/pl\/wp-json\/wp\/v2\/media\/30607"}],"wp:attachment":[{"href":"https:\/\/as-schwabe.de\/pl\/wp-json\/wp\/v2\/media?parent=31066"}],"wp:term":[{"taxonomy":"product_brand","embeddable":true,"href":"https:\/\/as-schwabe.de\/pl\/wp-json\/wp\/v2\/genre?post=31066"},{"taxonomy":"product_cat","embeddable":true,"href":"https:\/\/as-schwabe.de\/pl\/wp-json\/wp\/v2\/product_cat?post=31066"},{"taxonomy":"product_tag","embeddable":true,"href":"https:\/\/as-schwabe.de\/pl\/wp-json\/wp\/v2\/product_tag?post=31066"}],"curies":[{"name":"wp","href":"https:\/\/api.w.org\/{rel}","templated":true}]}}