{"id":31065,"date":"2025-09-26T23:05:24","date_gmt":"2025-09-26T23:05:24","guid":{"rendered":"https:\/\/as-schwabe.de\/produkt\/gniazdo-tablicowe-cee-400-v-16-a-6h-szaro-czerwone-60440\/"},"modified":"2026-03-30T12:07:34","modified_gmt":"2026-03-30T12:07:34","slug":"gniazdo-tablicowe-cee-400-v-16-a-6h-szaro-czerwone-60440","status":"publish","type":"product","link":"https:\/\/as-schwabe.de\/pl\/produkt\/gniazdo-tablicowe-cee-400-v-16-a-6h-szaro-czerwone-60440\/","title":{"rendered":"Gniazdo tablicowe CEE 400 V, 16 A, 5P 6h, SZA-CZE IP44 | 60440"},"content":{"rendered":"<p>Gniazdo tablicowe CEE 400 V, 16 A, 5P 6h, w kolorze szaro-czerwonym, to niezawodne rozwi\u0105zanie dla profesjonalist\u00f3w z bran\u017cy budowlanej oraz innych sektor\u00f3w wymagaj\u0105cych solidnych po\u0142\u0105cze\u0144 elektrycznych. Wyposa\u017cone w zaciski \u015brubowe, umo\u017cliwia pod\u0142\u0105czenie przewod\u00f3w o maksymalnym przekroju do 2,5 mm\u00b2, co zapewnia \u0142atwo\u015b\u0107 instalacji oraz wysoki poziom bezpiecze\u0144stwa. Klasa ochrony IP44 gwarantuje odporno\u015b\u0107 na dzia\u0142anie wilgoci oraz py\u0142\u00f3w, co czyni to gniazdo idealnym do u\u017cytku na zewn\u0105trz, nawet w trudnych warunkach atmosferycznych. Dzi\u0119ki zastosowaniu gniazda CEE, u\u017cytkownicy maj\u0105 pewno\u015b\u0107 stabilnego i efektywnego zasilania sprz\u0119tu elektrycznego na placu budowy.<\/p>","protected":false},"excerpt":{"rendered":"<div class=\"icons\" style=\"display: flex; flex-wrap: wrap; gap: 5px; align-items: center; margin-top: 10px;\"><img decoding=\"async\" src=\"https:\/\/as-schwabe.de\/wp-content\/uploads\/ikony\/znak_CE.png\" alt=\"\" width=\"50\" height=\"50\" \/><img decoding=\"async\" src=\"https:\/\/as-schwabe.de\/wp-content\/uploads\/ikony\/znak_IP44.png\" alt=\"\" width=\"50\" height=\"50\" \/><img decoding=\"async\" src=\"https:\/\/as-schwabe.de\/wp-content\/uploads\/ikony\/znak_PB.png\" alt=\"\" width=\"50\" height=\"50\" \/><img loading=\"lazy\" decoding=\"async\" src=\"https:\/\/as-schwabe.de\/wp-content\/uploads\/ikony\/znak_Z.png\" alt=\"\" width=\"50\" height=\"50\" \/><img loading=\"lazy\" decoding=\"async\" src=\"https:\/\/as-schwabe.de\/wp-content\/uploads\/ikony\/znak_D.png\" alt=\"\" width=\"50\" height=\"50\" \/><img loading=\"lazy\" decoding=\"async\" src=\"https:\/\/as-schwabe.de\/wp-content\/uploads\/ikony\/znak_DE.png\" alt=\"\" width=\"50\" height=\"40\" \/><\/div>\n<ul>\n<li>Gniazdo tablicowe CEE 400 V, 16 A, 5P 6h<\/li>\n<li>gniazdo i wtyczka tablicowa CEE z odporn\u0105 na uderzenia i bryzgoszczeln\u0105 obudow\u0105 z poliamidu<\/li>\n<li>ze z\u0142\u0105czem \u015brubowym<\/li>\n<li>wymiary ko\u0142nierza: 75&#215;75 mm<\/li>\n<li>rozmiar otworu: 60&#215;60 mm<\/li>\n<\/ul>","protected":false},"featured_media":36624,"template":"","meta":{"inline_featured_image":false},"genre":[509],"product_cat":[518,572],"product_tag":[],"class_list":{"0":"post-31065","1":"product","2":"type-product","3":"status-publish","4":"has-post-thumbnail","6":"product_brand-as-schwabe-pl","7":"product_cat-asortyment-produktow-cee-400-v-pl","8":"product_cat-gniazda-stale-i-tablicowe-cee-pl","10":"first","11":"instock","12":"shipping-taxable","13":"product-type-simple"},"aioseo_notices":[],"_links":{"self":[{"href":"https:\/\/as-schwabe.de\/pl\/wp-json\/wp\/v2\/product\/31065","targetHints":{"allow":["GET"]}}],"collection":[{"href":"https:\/\/as-schwabe.de\/pl\/wp-json\/wp\/v2\/product"}],"about":[{"href":"https:\/\/as-schwabe.de\/pl\/wp-json\/wp\/v2\/types\/product"}],"version-history":[{"count":1,"href":"https:\/\/as-schwabe.de\/pl\/wp-json\/wp\/v2\/product\/31065\/revisions"}],"predecessor-version":[{"id":36628,"href":"https:\/\/as-schwabe.de\/pl\/wp-json\/wp\/v2\/product\/31065\/revisions\/36628"}],"wp:featuredmedia":[{"embeddable":true,"href":"https:\/\/as-schwabe.de\/pl\/wp-json\/wp\/v2\/media\/36624"}],"wp:attachment":[{"href":"https:\/\/as-schwabe.de\/pl\/wp-json\/wp\/v2\/media?parent=31065"}],"wp:term":[{"taxonomy":"product_brand","embeddable":true,"href":"https:\/\/as-schwabe.de\/pl\/wp-json\/wp\/v2\/genre?post=31065"},{"taxonomy":"product_cat","embeddable":true,"href":"https:\/\/as-schwabe.de\/pl\/wp-json\/wp\/v2\/product_cat?post=31065"},{"taxonomy":"product_tag","embeddable":true,"href":"https:\/\/as-schwabe.de\/pl\/wp-json\/wp\/v2\/product_tag?post=31065"}],"curies":[{"name":"wp","href":"https:\/\/api.w.org\/{rel}","templated":true}]}}