{"id":31063,"date":"2025-09-26T23:05:22","date_gmt":"2025-09-26T23:05:22","guid":{"rendered":"https:\/\/as-schwabe.de\/produkt\/gniazdo-stale-kombi-cee-z-bezpiecznikiem-g-10-a-60438\/"},"modified":"2025-10-23T00:16:24","modified_gmt":"2025-10-23T00:16:24","slug":"gniazdo-stale-kombi-cee-z-bezpiecznikiem-g-10-a-60438","status":"publish","type":"product","link":"https:\/\/as-schwabe.de\/pl\/produkt\/gniazdo-stale-kombi-cee-z-bezpiecznikiem-g-10-a-60438\/","title":{"rendered":"Gniazdo sta\u0142e Kombi CEE z dodatkowym gniazdem 230 V 2P+Z i bezpiecznikiem 10 A, 400 V 16 A 5P 6 h IP44 | 60438"},"content":{"rendered":"<p>Gniazdo sta\u0142e Kombi CEE to niezawodne rozwi\u0105zanie dla profesjonalist\u00f3w w bran\u017cy budowlanej oraz u\u017cytkownik\u00f3w poszukuj\u0105cych wysokiej jako\u015bci sprz\u0119tu elektrycznego. Wyposa\u017cone w jedno gniazdo CEE 400 V, 32 A, 5P 6h oraz gniazdo IP44 z klapk\u0105 i uziemieniem 230 V, 16 A, z bezpiecznikiem G 10 A, spe\u0142nia wymagania dla r\u00f3\u017cnorodnych zastosowa\u0144. Konstrukcja gniazda zabezpieczona jest na poziomie IP44, co czyni je idealnym do u\u017cytku na zewn\u0105trz. Dzi\u0119ki zaciskom \u015brubowym umo\u017cliwiaj\u0105cym pod\u0142\u0105czenie przewod\u00f3w o przekroju do 10 mm\u00b2, produkt zapewnia solidne po\u0142\u0105czenia elektryczne. Szaro-czerwone wyko\u0144czenie nie tylko nadaje nowoczesny wygl\u0105d, ale tak\u017ce wyr\u00f3\u017cnia si\u0119 w trudnych warunkach pracy, zwi\u0119kszaj\u0105c bezpiecze\u0144stwo u\u017cytkowania.<\/p>","protected":false},"excerpt":{"rendered":"<div class=\"icons\" style=\"display: flex; flex-wrap: wrap; gap: 5px; align-items: center; margin-top: 10px;\"><img decoding=\"async\" src=\"https:\/\/as-schwabe.de\/wp-content\/uploads\/ikony\/znak_CE.png\" alt=\"\" width=\"50\" height=\"50\" \/><img decoding=\"async\" src=\"https:\/\/as-schwabe.de\/wp-content\/uploads\/ikony\/znak_IP44.png\" alt=\"\" width=\"50\" height=\"50\" \/><img decoding=\"async\" src=\"https:\/\/as-schwabe.de\/wp-content\/uploads\/ikony\/znak_PB.png\" alt=\"\" width=\"50\" height=\"50\" \/><img loading=\"lazy\" decoding=\"async\" src=\"https:\/\/as-schwabe.de\/wp-content\/uploads\/ikony\/znak_Z.png\" alt=\"\" width=\"50\" height=\"50\" \/><img loading=\"lazy\" decoding=\"async\" src=\"https:\/\/as-schwabe.de\/wp-content\/uploads\/ikony\/znak_D.png\" alt=\"\" width=\"50\" height=\"50\" \/><img loading=\"lazy\" decoding=\"async\" src=\"https:\/\/as-schwabe.de\/wp-content\/uploads\/ikony\/znak_DE.png\" alt=\"\" width=\"50\" height=\"40\" \/><\/div>\n<ul>\n<li>gniazdo sta\u0142e CEE z odporn\u0105 na uderzenia i bryzgoszczeln\u0105 obudow\u0105 z poliamidu <\/li>\n<li>ze z\u0142\u0105czem \u015brubowym<\/li>\n<\/ul>","protected":false},"featured_media":30604,"template":"","meta":{"inline_featured_image":false},"genre":[509],"product_cat":[518,572],"product_tag":[],"class_list":{"0":"post-31063","1":"product","2":"type-product","3":"status-publish","4":"has-post-thumbnail","6":"product_brand-as-schwabe-pl","7":"product_cat-asortyment-produktow-cee-400-v-pl","8":"product_cat-gniazda-stale-i-tablicowe-cee-pl","10":"first","11":"instock","12":"shipping-taxable","13":"product-type-simple"},"aioseo_notices":[],"_links":{"self":[{"href":"https:\/\/as-schwabe.de\/pl\/wp-json\/wp\/v2\/product\/31063","targetHints":{"allow":["GET"]}}],"collection":[{"href":"https:\/\/as-schwabe.de\/pl\/wp-json\/wp\/v2\/product"}],"about":[{"href":"https:\/\/as-schwabe.de\/pl\/wp-json\/wp\/v2\/types\/product"}],"version-history":[{"count":0,"href":"https:\/\/as-schwabe.de\/pl\/wp-json\/wp\/v2\/product\/31063\/revisions"}],"wp:featuredmedia":[{"embeddable":true,"href":"https:\/\/as-schwabe.de\/pl\/wp-json\/wp\/v2\/media\/30604"}],"wp:attachment":[{"href":"https:\/\/as-schwabe.de\/pl\/wp-json\/wp\/v2\/media?parent=31063"}],"wp:term":[{"taxonomy":"product_brand","embeddable":true,"href":"https:\/\/as-schwabe.de\/pl\/wp-json\/wp\/v2\/genre?post=31063"},{"taxonomy":"product_cat","embeddable":true,"href":"https:\/\/as-schwabe.de\/pl\/wp-json\/wp\/v2\/product_cat?post=31063"},{"taxonomy":"product_tag","embeddable":true,"href":"https:\/\/as-schwabe.de\/pl\/wp-json\/wp\/v2\/product_tag?post=31063"}],"curies":[{"name":"wp","href":"https:\/\/api.w.org\/{rel}","templated":true}]}}