{"id":31061,"date":"2025-09-26T23:05:21","date_gmt":"2025-09-26T23:05:21","guid":{"rendered":"https:\/\/as-schwabe.de\/produkt\/wtyczka-stala-cee-400-v-32-a-6h-szaro-czerwona-60436\/"},"modified":"2025-10-23T00:16:24","modified_gmt":"2025-10-23T00:16:24","slug":"wtyczka-stala-cee-400-v-32-a-6h-szaro-czerwona-60436","status":"publish","type":"product","link":"https:\/\/as-schwabe.de\/pl\/produkt\/wtyczka-stala-cee-400-v-32-a-6h-szaro-czerwona-60436\/","title":{"rendered":"Wtyczka sta\u0142a CEE 400 V, 32 A, 5P 6h, SZA-CZE IP44 | 60436"},"content":{"rendered":"<p>Wtyczka sta\u0142a CEE 400 V, 32 A, 5P 6h w kolorze szaro-czerwonym to idealne rozwi\u0105zanie do zastosowa\u0144 zewn\u0119trznych oraz na budowach, zapewniaj\u0105ce wysok\u0105 wydajno\u015b\u0107 i niezawodno\u015b\u0107. Zbudowana z wytrzyma\u0142ych materia\u0142\u00f3w, wtyczka charakteryzuje si\u0119 stopniem ochrony IP44, co gwarantuje odporno\u015b\u0107 na czynniki atmosferyczne oraz py\u0142. Dzi\u0119ki zaciskom \u015brubowym przystosowanym do przewod\u00f3w o maksymalnym przekroju 6 mm\u00b2, jest \u0142atwa w instalacji i bezpieczna w u\u017cytkowaniu. Zastosowanie pi\u0119ciu pin\u00f3w w konfiguracji 6h zapewnia wysok\u0105 elastyczno\u015b\u0107 w pod\u0142\u0105czeniach, a tak\u017ce minimalizuje ryzyko b\u0142\u0119d\u00f3w przy instalacji. Doskona\u0142y wyb\u00f3r dla profesjonalist\u00f3w, kt\u00f3rzy ceni\u0105 sobie jako\u015b\u0107 i funkcjonalno\u015b\u0107 w trudnych warunkach pracy.<\/p>","protected":false},"excerpt":{"rendered":"<div class=\"icons\" style=\"display: flex; flex-wrap: wrap; gap: 5px; align-items: center; margin-top: 10px;\"><img decoding=\"async\" src=\"https:\/\/as-schwabe.de\/wp-content\/uploads\/ikony\/znak_CE.png\" alt=\"\" width=\"50\" height=\"50\" \/><img decoding=\"async\" src=\"https:\/\/as-schwabe.de\/wp-content\/uploads\/ikony\/znak_IP44.png\" alt=\"\" width=\"50\" height=\"50\" \/><img decoding=\"async\" src=\"https:\/\/as-schwabe.de\/wp-content\/uploads\/ikony\/znak_PB.png\" alt=\"\" width=\"50\" height=\"50\" \/><img loading=\"lazy\" decoding=\"async\" src=\"https:\/\/as-schwabe.de\/wp-content\/uploads\/ikony\/znak_Z.png\" alt=\"\" width=\"50\" height=\"50\" \/><img loading=\"lazy\" decoding=\"async\" src=\"https:\/\/as-schwabe.de\/wp-content\/uploads\/ikony\/znak_D.png\" alt=\"\" width=\"50\" height=\"50\" \/><img loading=\"lazy\" decoding=\"async\" src=\"https:\/\/as-schwabe.de\/wp-content\/uploads\/ikony\/znak_DE.png\" alt=\"\" width=\"50\" height=\"40\" \/><\/div>\n<ul>\n<li>Wtyczka sta\u0142a natynkowa CEE 400 V, 32 A, 5P 6h <\/li>\n<li>wtyczka sta\u0142a natynkowa CEE z odporn\u0105 na uderzenia i bryzgoszczeln\u0105 obudow\u0105 z poliamidu <\/li>\n<li>ze z\u0142\u0105czem \u015brubowym<\/li>\n<\/ul>","protected":false},"featured_media":30602,"template":"","meta":{"inline_featured_image":false},"genre":[509],"product_cat":[518,572],"product_tag":[],"class_list":{"0":"post-31061","1":"product","2":"type-product","3":"status-publish","4":"has-post-thumbnail","6":"product_brand-as-schwabe-pl","7":"product_cat-asortyment-produktow-cee-400-v-pl","8":"product_cat-gniazda-stale-i-tablicowe-cee-pl","10":"first","11":"instock","12":"shipping-taxable","13":"product-type-simple"},"aioseo_notices":[],"_links":{"self":[{"href":"https:\/\/as-schwabe.de\/pl\/wp-json\/wp\/v2\/product\/31061","targetHints":{"allow":["GET"]}}],"collection":[{"href":"https:\/\/as-schwabe.de\/pl\/wp-json\/wp\/v2\/product"}],"about":[{"href":"https:\/\/as-schwabe.de\/pl\/wp-json\/wp\/v2\/types\/product"}],"version-history":[{"count":0,"href":"https:\/\/as-schwabe.de\/pl\/wp-json\/wp\/v2\/product\/31061\/revisions"}],"wp:featuredmedia":[{"embeddable":true,"href":"https:\/\/as-schwabe.de\/pl\/wp-json\/wp\/v2\/media\/30602"}],"wp:attachment":[{"href":"https:\/\/as-schwabe.de\/pl\/wp-json\/wp\/v2\/media?parent=31061"}],"wp:term":[{"taxonomy":"product_brand","embeddable":true,"href":"https:\/\/as-schwabe.de\/pl\/wp-json\/wp\/v2\/genre?post=31061"},{"taxonomy":"product_cat","embeddable":true,"href":"https:\/\/as-schwabe.de\/pl\/wp-json\/wp\/v2\/product_cat?post=31061"},{"taxonomy":"product_tag","embeddable":true,"href":"https:\/\/as-schwabe.de\/pl\/wp-json\/wp\/v2\/product_tag?post=31061"}],"curies":[{"name":"wp","href":"https:\/\/api.w.org\/{rel}","templated":true}]}}