{"id":31060,"date":"2025-09-26T23:05:21","date_gmt":"2025-09-26T23:05:21","guid":{"rendered":"https:\/\/as-schwabe.de\/produkt\/wtyczka-stala-cee-400-v-16-a-6h-szaro-czerwona-60435\/"},"modified":"2025-10-23T00:16:22","modified_gmt":"2025-10-23T00:16:22","slug":"wtyczka-stala-cee-400-v-16-a-6h-szaro-czerwona-60435","status":"publish","type":"product","link":"https:\/\/as-schwabe.de\/pl\/produkt\/wtyczka-stala-cee-400-v-16-a-6h-szaro-czerwona-60435\/","title":{"rendered":"Wtyczka sta\u0142a CEE 400 V, 16 A, 5P 6h, SZA-CZE IP44 | 60435"},"content":{"rendered":"<p>Wtyczka sta\u0142a CEE 400 V, 16 A, 5P 6h w kolorze szaro-czerwonym to doskona\u0142e rozwi\u0105zanie do zastosowa\u0144 w trudnych warunkach, zar\u00f3wno na zewn\u0105trz, jak i na budowie. Dzi\u0119ki zaciskom \u015brubowym umo\u017cliwiaj\u0105cym pod\u0142\u0105czenie przewod\u00f3w o maksymalnym przekroju 2,5 mm\u00b2, zapewnia solidne i bezpieczne po\u0142\u0105czenie elektryczne. Klasa ochrony IP44 gwarantuje odporno\u015b\u0107 na dzia\u0142anie wilgoci i cia\u0142 sta\u0142ych, co czyni j\u0105 idealnym wyborem do u\u017cytku w miejscach nara\u017conych na niekorzystne warunki atmosferyczne. Wtyczka charakteryzuje si\u0119 trwa\u0142\u0105 konstrukcj\u0105, co zapewnia d\u0142ugi okres eksploatacji oraz wysok\u0105 niezawodno\u015b\u0107. Wyb\u00f3r tej wtyczki to inwestycja w bezpiecze\u0144stwo i efektywno\u015b\u0107 pracy w ka\u017cdej sytuacji.<\/p>","protected":false},"excerpt":{"rendered":"<div class=\"icons\" style=\"display: flex; flex-wrap: wrap; gap: 5px; align-items: center; margin-top: 10px;\"><img decoding=\"async\" src=\"https:\/\/as-schwabe.de\/wp-content\/uploads\/ikony\/znak_CE.png\" alt=\"\" width=\"50\" height=\"50\" \/><img decoding=\"async\" src=\"https:\/\/as-schwabe.de\/wp-content\/uploads\/ikony\/znak_IP44.png\" alt=\"\" width=\"50\" height=\"50\" \/><img decoding=\"async\" src=\"https:\/\/as-schwabe.de\/wp-content\/uploads\/ikony\/znak_PB.png\" alt=\"\" width=\"50\" height=\"50\" \/><img loading=\"lazy\" decoding=\"async\" src=\"https:\/\/as-schwabe.de\/wp-content\/uploads\/ikony\/znak_Z.png\" alt=\"\" width=\"50\" height=\"50\" \/><img loading=\"lazy\" decoding=\"async\" src=\"https:\/\/as-schwabe.de\/wp-content\/uploads\/ikony\/znak_D.png\" alt=\"\" width=\"50\" height=\"50\" \/><img loading=\"lazy\" decoding=\"async\" src=\"https:\/\/as-schwabe.de\/wp-content\/uploads\/ikony\/znak_DE.png\" alt=\"\" width=\"50\" height=\"40\" \/><\/div>\n<ul>\n<li>Wtyczka sta\u0142a natynkowa CEE 400 V, 16 A, 5P 6h <\/li>\n<li>wtyczka sta\u0142a natynkowa CEE z odporn\u0105 na uderzenia i bryzgoszczeln\u0105 obudow\u0105 z poliamidu <\/li>\n<li>ze z\u0142\u0105czem \u015brubowym<\/li>\n<\/ul>","protected":false},"featured_media":30601,"template":"","meta":{"inline_featured_image":false},"genre":[509],"product_cat":[518,572],"product_tag":[],"class_list":{"0":"post-31060","1":"product","2":"type-product","3":"status-publish","4":"has-post-thumbnail","6":"product_brand-as-schwabe-pl","7":"product_cat-asortyment-produktow-cee-400-v-pl","8":"product_cat-gniazda-stale-i-tablicowe-cee-pl","10":"first","11":"instock","12":"shipping-taxable","13":"product-type-simple"},"aioseo_notices":[],"_links":{"self":[{"href":"https:\/\/as-schwabe.de\/pl\/wp-json\/wp\/v2\/product\/31060","targetHints":{"allow":["GET"]}}],"collection":[{"href":"https:\/\/as-schwabe.de\/pl\/wp-json\/wp\/v2\/product"}],"about":[{"href":"https:\/\/as-schwabe.de\/pl\/wp-json\/wp\/v2\/types\/product"}],"version-history":[{"count":0,"href":"https:\/\/as-schwabe.de\/pl\/wp-json\/wp\/v2\/product\/31060\/revisions"}],"wp:featuredmedia":[{"embeddable":true,"href":"https:\/\/as-schwabe.de\/pl\/wp-json\/wp\/v2\/media\/30601"}],"wp:attachment":[{"href":"https:\/\/as-schwabe.de\/pl\/wp-json\/wp\/v2\/media?parent=31060"}],"wp:term":[{"taxonomy":"product_brand","embeddable":true,"href":"https:\/\/as-schwabe.de\/pl\/wp-json\/wp\/v2\/genre?post=31060"},{"taxonomy":"product_cat","embeddable":true,"href":"https:\/\/as-schwabe.de\/pl\/wp-json\/wp\/v2\/product_cat?post=31060"},{"taxonomy":"product_tag","embeddable":true,"href":"https:\/\/as-schwabe.de\/pl\/wp-json\/wp\/v2\/product_tag?post=31060"}],"curies":[{"name":"wp","href":"https:\/\/api.w.org\/{rel}","templated":true}]}}