{"id":31059,"date":"2025-09-26T23:05:20","date_gmt":"2025-09-26T23:05:20","guid":{"rendered":"https:\/\/as-schwabe.de\/produkt\/gniazdo-stale-cee-400-v-63-a-5p-6h-szaro-czerwone-60434\/"},"modified":"2025-10-23T00:16:22","modified_gmt":"2025-10-23T00:16:22","slug":"gniazdo-stale-cee-400-v-63-a-5p-6h-szaro-czerwone-60434","status":"publish","type":"product","link":"https:\/\/as-schwabe.de\/pl\/produkt\/gniazdo-stale-cee-400-v-63-a-5p-6h-szaro-czerwone-60434\/","title":{"rendered":"Gniazdo sta\u0142e CEE 400 V, 63 A, 5P 6h, SZA-CZE IP44 | 60434"},"content":{"rendered":"<p>Gniazdo sta\u0142e CEE 400 V, 63 A, 5P 6h w kolorze szaro-czerwonym to wysokiej jako\u015bci produkt przeznaczony do zasilania urz\u0105dze\u0144 elektrycznych zar\u00f3wno na zewn\u0105trz, jak i w warunkach budowlanych. Wyposa\u017cone w zaciski \u015brubowe, umo\u017cliwia pod\u0142\u0105czenie przewod\u00f3w o maksymalnym przekroju 16 mm\u00b2, co zapewnia wysok\u0105 wydajno\u015b\u0107 i bezpiecze\u0144stwo u\u017cytkowania. Klasa ochrony IP44 gwarantuje odporno\u015b\u0107 na py\u0142 i krople wody, co czyni ten produkt idealnym rozwi\u0105zaniem w trudnych warunkach atmosferycznych. Dzi\u0119ki zastosowaniu gniazda CEE, u\u017cytkownicy mog\u0105 korzysta\u0107 z pewnych i stabilnych po\u0142\u0105cze\u0144 elektrycznych, co zwi\u0119ksza komfort i efektywno\u015b\u0107 pracy na placu budowy. To niezawodne rozwi\u0105zanie dla profesjonalist\u00f3w, kt\u00f3rzy ceni\u0105 sobie jako\u015b\u0107 i funkcjonalno\u015b\u0107 w swoim codziennym u\u017cyciu.<\/p>","protected":false},"excerpt":{"rendered":"<div class=\"icons\" style=\"display: flex; flex-wrap: wrap; gap: 5px; align-items: center; margin-top: 10px;\"><img decoding=\"async\" src=\"https:\/\/as-schwabe.de\/wp-content\/uploads\/ikony\/znak_CE.png\" alt=\"\" width=\"50\" height=\"50\" \/><img decoding=\"async\" src=\"https:\/\/as-schwabe.de\/wp-content\/uploads\/ikony\/znak_IP44.png\" alt=\"\" width=\"50\" height=\"50\" \/><img decoding=\"async\" src=\"https:\/\/as-schwabe.de\/wp-content\/uploads\/ikony\/znak_PB.png\" alt=\"\" width=\"50\" height=\"50\" \/><img loading=\"lazy\" decoding=\"async\" src=\"https:\/\/as-schwabe.de\/wp-content\/uploads\/ikony\/znak_Z.png\" alt=\"\" width=\"50\" height=\"50\" \/><img loading=\"lazy\" decoding=\"async\" src=\"https:\/\/as-schwabe.de\/wp-content\/uploads\/ikony\/znak_D.png\" alt=\"\" width=\"50\" height=\"50\" \/><img loading=\"lazy\" decoding=\"async\" src=\"https:\/\/as-schwabe.de\/wp-content\/uploads\/ikony\/znak_DE.png\" alt=\"\" width=\"50\" height=\"40\" \/><\/div>\n<ul>\n<li>Gniazdo sta\u0142e CEE 400 V, 63 A, 5P 6h <\/li>\n<li>gniazdo sta\u0142e CEE z odporn\u0105 na uderzenia i bryzgoszczeln\u0105 obudow\u0105 z poliamidu <\/li>\n<li>ze z\u0142\u0105czem \u015brubowym<\/li>\n<\/ul>","protected":false},"featured_media":30600,"template":"","meta":{"inline_featured_image":false},"genre":[509],"product_cat":[518,572],"product_tag":[],"class_list":{"0":"post-31059","1":"product","2":"type-product","3":"status-publish","4":"has-post-thumbnail","6":"product_brand-as-schwabe-pl","7":"product_cat-asortyment-produktow-cee-400-v-pl","8":"product_cat-gniazda-stale-i-tablicowe-cee-pl","10":"first","11":"instock","12":"shipping-taxable","13":"product-type-simple"},"aioseo_notices":[],"_links":{"self":[{"href":"https:\/\/as-schwabe.de\/pl\/wp-json\/wp\/v2\/product\/31059","targetHints":{"allow":["GET"]}}],"collection":[{"href":"https:\/\/as-schwabe.de\/pl\/wp-json\/wp\/v2\/product"}],"about":[{"href":"https:\/\/as-schwabe.de\/pl\/wp-json\/wp\/v2\/types\/product"}],"version-history":[{"count":0,"href":"https:\/\/as-schwabe.de\/pl\/wp-json\/wp\/v2\/product\/31059\/revisions"}],"wp:featuredmedia":[{"embeddable":true,"href":"https:\/\/as-schwabe.de\/pl\/wp-json\/wp\/v2\/media\/30600"}],"wp:attachment":[{"href":"https:\/\/as-schwabe.de\/pl\/wp-json\/wp\/v2\/media?parent=31059"}],"wp:term":[{"taxonomy":"product_brand","embeddable":true,"href":"https:\/\/as-schwabe.de\/pl\/wp-json\/wp\/v2\/genre?post=31059"},{"taxonomy":"product_cat","embeddable":true,"href":"https:\/\/as-schwabe.de\/pl\/wp-json\/wp\/v2\/product_cat?post=31059"},{"taxonomy":"product_tag","embeddable":true,"href":"https:\/\/as-schwabe.de\/pl\/wp-json\/wp\/v2\/product_tag?post=31059"}],"curies":[{"name":"wp","href":"https:\/\/api.w.org\/{rel}","templated":true}]}}